{"id":17,"date":"2026-03-10T10:05:13","date_gmt":"2026-03-10T10:05:13","guid":{"rendered":"https:\/\/villasalud.fxdw.dev\/?page_id=17"},"modified":"2026-03-20T08:38:53","modified_gmt":"2026-03-20T08:38:53","slug":"especialidades","status":"publish","type":"page","link":"https:\/\/policlinicavillasalud.com\/index.php\/especialidades\/","title":{"rendered":"Especialidades"},"content":{"rendered":"\t\t<div data-elementor-type=\"wp-page\" data-elementor-id=\"17\" class=\"elementor elementor-17\" data-elementor-post-type=\"page\">\n\t\t\t\t<div class=\"elementor-element elementor-element-6630fe5 e-flex e-con-boxed e-con e-parent\" data-id=\"6630fe5\" data-element_type=\"container\" data-e-type=\"container\" data-settings=\"{&quot;background_background&quot;:&quot;classic&quot;}\">\n\t\t\t\t\t<div class=\"e-con-inner\">\n\t\t\t\t<div class=\"elementor-element elementor-element-72760ec elementor-widget__width-inherit elementor-widget elementor-widget-heading\" data-id=\"72760ec\" data-element_type=\"widget\" data-e-type=\"widget\" data-widget_type=\"heading.default\">\n\t\t\t\t\t<h2 class=\"elementor-heading-title elementor-size-default\">Especialidades <br> m\u00e9dicas<\/h2>\t\t\t\t<\/div>\n\t\t\t\t\t<\/div>\n\t\t\t\t<\/div>\n\t\t<div class=\"elementor-element elementor-element-c7d9b8b e-flex e-con-boxed e-con e-parent\" data-id=\"c7d9b8b\" data-element_type=\"container\" data-e-type=\"container\" data-settings=\"{&quot;background_background&quot;:&quot;classic&quot;}\">\n\t\t\t\t\t<div class=\"e-con-inner\">\n\t\t<div class=\"elementor-element elementor-element-56566b1 e-con-full e-flex e-con e-child\" data-id=\"56566b1\" data-element_type=\"container\" data-e-type=\"container\" data-settings=\"{&quot;background_background&quot;:&quot;classic&quot;}\">\n\t\t\t\t<div class=\"elementor-element elementor-element-6630921 elementor-widget__width-initial elementor-widget elementor-widget-heading\" data-id=\"6630921\" data-element_type=\"widget\" data-e-type=\"widget\" data-widget_type=\"heading.default\">\n\t\t\t\t\t<h2 class=\"elementor-heading-title elementor-size-default\">+15<\/h2>\t\t\t\t<\/div>\n\t\t\t\t<div class=\"elementor-element elementor-element-97572ab elementor-widget__width-initial elementor-widget elementor-widget-heading\" data-id=\"97572ab\" data-element_type=\"widget\" data-e-type=\"widget\" data-widget_type=\"heading.default\">\n\t\t\t\t\t<h2 class=\"elementor-heading-title elementor-size-default\">Especialidades<\/h2>\t\t\t\t<\/div>\n\t\t\t\t<div class=\"elementor-element elementor-element-241f974 elementor-widget__width-initial elementor-widget elementor-widget-text-editor\" data-id=\"241f974\" data-element_type=\"widget\" data-e-type=\"widget\" data-widget_type=\"text-editor.default\">\n\t\t\t\t\t\t\t\t\t<p data-start=\"142\" data-end=\"425\">En Policl\u00ednica Villasalud contamos con un equipo de profesionales que abarca diferentes especialidades m\u00e9dicas, ofreciendo una atenci\u00f3n integral orientada al cuidado de la salud de nuestros pacientes.<\/p>\t\t\t\t\t\t\t\t<\/div>\n\t\t\t\t<\/div>\n\t\t\t\t\t<\/div>\n\t\t\t\t<\/div>\n\t\t<div class=\"elementor-element elementor-element-7e7955d e-flex e-con-boxed e-con e-parent\" data-id=\"7e7955d\" data-element_type=\"container\" data-e-type=\"container\">\n\t\t\t\t\t<div class=\"e-con-inner\">\n\t\t\t\t<div class=\"elementor-element elementor-element-ce15fbd elementor-widget elementor-widget-heading\" data-id=\"ce15fbd\" data-element_type=\"widget\" data-e-type=\"widget\" data-widget_type=\"heading.default\">\n\t\t\t\t\t<h2 class=\"elementor-heading-title elementor-size-default\">Cuidado de la salud<\/h2>\t\t\t\t<\/div>\n\t\t\t\t<div class=\"elementor-element elementor-element-7edc7fc elementor-widget elementor-widget-heading\" data-id=\"7edc7fc\" data-element_type=\"widget\" data-e-type=\"widget\" data-widget_type=\"heading.default\">\n\t\t\t\t\t<h2 class=\"elementor-heading-title elementor-size-default\">Atenci\u00f3n m\u00e9dica especializada<\/h2>\t\t\t\t<\/div>\n\t\t\t\t\t<\/div>\n\t\t\t\t<\/div>\n\t\t<div class=\"elementor-element elementor-element-2ccbdf3 e-flex e-con-boxed e-con e-parent\" data-id=\"2ccbdf3\" data-element_type=\"container\" data-e-type=\"container\">\n\t\t\t\t\t<div class=\"e-con-inner\">\n\t\t\t\t<div class=\"elementor-element elementor-element-c1ad825 elementor-nav-menu--dropdown-none elementor-invisible elementor-widget elementor-widget-nav-menu\" data-id=\"c1ad825\" data-element_type=\"widget\" data-e-type=\"widget\" data-settings=\"{&quot;_animation&quot;:&quot;fadeIn&quot;,&quot;layout&quot;:&quot;horizontal&quot;,&quot;submenu_icon&quot;:{&quot;value&quot;:&quot;&lt;svg aria-hidden=\\&quot;true\\&quot; class=\\&quot;e-font-icon-svg e-fas-caret-down\\&quot; viewBox=\\&quot;0 0 320 512\\&quot; xmlns=\\&quot;http:\\\/\\\/www.w3.org\\\/2000\\\/svg\\&quot;&gt;&lt;path d=\\&quot;M31.3 192h257.3c17.8 0 26.7 21.5 14.1 34.1L174.1 354.8c-7.8 7.8-20.5 7.8-28.3 0L17.2 226.1C4.6 213.5 13.5 192 31.3 192z\\&quot;&gt;&lt;\\\/path&gt;&lt;\\\/svg&gt;&quot;,&quot;library&quot;:&quot;fa-solid&quot;}}\" data-widget_type=\"nav-menu.default\">\n\t\t\t\t\t\t\t\t<nav aria-label=\"Men\u00fa\" class=\"elementor-nav-menu--main elementor-nav-menu__container elementor-nav-menu--layout-horizontal e--pointer-underline e--animation-fade\">\n\t\t\t\t<ul id=\"menu-1-c1ad825\" class=\"elementor-nav-menu\"><li class=\"menu-item menu-item-type-post_type menu-item-object-page menu-item-1340\"><a href=\"https:\/\/policlinicavillasalud.com\/index.php\/especialidades\/alergologia\/\" class=\"elementor-item\">Alergolog\u00eda<\/a><\/li>\n<li class=\"menu-item menu-item-type-post_type menu-item-object-page menu-item-1341\"><a href=\"https:\/\/policlinicavillasalud.com\/index.php\/especialidades\/analisis-clinico\/\" class=\"elementor-item\">An\u00e1lisis Cl\u00ednico<\/a><\/li>\n<li class=\"menu-item menu-item-type-post_type menu-item-object-page menu-item-1342\"><a href=\"https:\/\/policlinicavillasalud.com\/index.php\/especialidades\/cardiologia\/\" class=\"elementor-item\">Cardiolog\u00eda<\/a><\/li>\n<li class=\"menu-item menu-item-type-post_type menu-item-object-page menu-item-1343\"><a href=\"https:\/\/policlinicavillasalud.com\/index.php\/especialidades\/cirugia-general-y-aparato-digestivo\/\" class=\"elementor-item\">Cirug\u00eda General y Aparato Digestivo<\/a><\/li>\n<li class=\"menu-item menu-item-type-post_type menu-item-object-page menu-item-1344\"><a href=\"https:\/\/policlinicavillasalud.com\/index.php\/especialidades\/dermatologia\/\" class=\"elementor-item\">Dermatolog\u00eda<\/a><\/li>\n<li class=\"menu-item menu-item-type-post_type menu-item-object-page menu-item-1345\"><a href=\"https:\/\/policlinicavillasalud.com\/index.php\/especialidades\/endocrinologia\/\" class=\"elementor-item\">Endocrinolog\u00eda<\/a><\/li>\n<li class=\"menu-item menu-item-type-post_type menu-item-object-page menu-item-1346\"><a href=\"https:\/\/policlinicavillasalud.com\/index.php\/especialidades\/ginecologia\/\" class=\"elementor-item\">Ginecolog\u00eda<\/a><\/li>\n<li class=\"menu-item menu-item-type-post_type menu-item-object-page menu-item-1347\"><a href=\"https:\/\/policlinicavillasalud.com\/index.php\/especialidades\/medicina-estetica\/\" class=\"elementor-item\">Medicina Est\u00e9tica<\/a><\/li>\n<li class=\"menu-item menu-item-type-post_type menu-item-object-page menu-item-1348\"><a href=\"https:\/\/policlinicavillasalud.com\/index.php\/especialidades\/medicina-general\/\" class=\"elementor-item\">Medicina General<\/a><\/li>\n<li class=\"menu-item menu-item-type-post_type menu-item-object-page menu-item-1349\"><a href=\"https:\/\/policlinicavillasalud.com\/index.php\/especialidades\/odontologia\/\" class=\"elementor-item\">Odontolog\u00eda<\/a><\/li>\n<li class=\"menu-item menu-item-type-post_type menu-item-object-page menu-item-1350\"><a href=\"https:\/\/policlinicavillasalud.com\/index.php\/especialidades\/oftalmologia\/\" class=\"elementor-item\">Oftalmolog\u00eda<\/a><\/li>\n<li class=\"menu-item menu-item-type-post_type menu-item-object-page menu-item-1351\"><a href=\"https:\/\/policlinicavillasalud.com\/index.php\/especialidades\/otorrinolaringologia\/\" class=\"elementor-item\">Otorrinolaringolog\u00eda<\/a><\/li>\n<li class=\"menu-item menu-item-type-post_type menu-item-object-page menu-item-1352\"><a href=\"https:\/\/policlinicavillasalud.com\/index.php\/especialidades\/pediatria\/\" class=\"elementor-item\">Pediatr\u00eda<\/a><\/li>\n<li class=\"menu-item menu-item-type-post_type menu-item-object-page menu-item-1353\"><a href=\"https:\/\/policlinicavillasalud.com\/index.php\/especialidades\/podologia\/\" class=\"elementor-item\">Podolog\u00eda<\/a><\/li>\n<li class=\"menu-item menu-item-type-post_type menu-item-object-page menu-item-1354\"><a href=\"https:\/\/policlinicavillasalud.com\/index.php\/especialidades\/psicologia\/\" class=\"elementor-item\">Psicolog\u00eda<\/a><\/li>\n<li class=\"menu-item menu-item-type-post_type menu-item-object-page menu-item-1355\"><a href=\"https:\/\/policlinicavillasalud.com\/index.php\/especialidades\/psicotecnico\/\" class=\"elementor-item\">Psicot\u00e9cnico<\/a><\/li>\n<li class=\"menu-item menu-item-type-post_type menu-item-object-page menu-item-1356\"><a href=\"https:\/\/policlinicavillasalud.com\/index.php\/especialidades\/psiquiatria\/\" class=\"elementor-item\">Psiquiatr\u00eda<\/a><\/li>\n<li class=\"menu-item menu-item-type-post_type menu-item-object-page menu-item-1357\"><a href=\"https:\/\/policlinicavillasalud.com\/index.php\/especialidades\/radiologia\/\" class=\"elementor-item\">Radiolog\u00eda<\/a><\/li>\n<li class=\"menu-item menu-item-type-post_type menu-item-object-page menu-item-1358\"><a href=\"https:\/\/policlinicavillasalud.com\/index.php\/especialidades\/traumatologia\/\" class=\"elementor-item\">Traumatolog\u00eda<\/a><\/li>\n<\/ul>\t\t\t<\/nav>\n\t\t\t\t\t\t<nav class=\"elementor-nav-menu--dropdown elementor-nav-menu__container\" aria-hidden=\"true\">\n\t\t\t\t<ul id=\"menu-2-c1ad825\" class=\"elementor-nav-menu\"><li class=\"menu-item menu-item-type-post_type menu-item-object-page menu-item-1340\"><a href=\"https:\/\/policlinicavillasalud.com\/index.php\/especialidades\/alergologia\/\" class=\"elementor-item\" tabindex=\"-1\">Alergolog\u00eda<\/a><\/li>\n<li class=\"menu-item menu-item-type-post_type menu-item-object-page menu-item-1341\"><a href=\"https:\/\/policlinicavillasalud.com\/index.php\/especialidades\/analisis-clinico\/\" class=\"elementor-item\" tabindex=\"-1\">An\u00e1lisis Cl\u00ednico<\/a><\/li>\n<li class=\"menu-item menu-item-type-post_type menu-item-object-page menu-item-1342\"><a href=\"https:\/\/policlinicavillasalud.com\/index.php\/especialidades\/cardiologia\/\" class=\"elementor-item\" tabindex=\"-1\">Cardiolog\u00eda<\/a><\/li>\n<li class=\"menu-item menu-item-type-post_type menu-item-object-page menu-item-1343\"><a href=\"https:\/\/policlinicavillasalud.com\/index.php\/especialidades\/cirugia-general-y-aparato-digestivo\/\" class=\"elementor-item\" tabindex=\"-1\">Cirug\u00eda General y Aparato Digestivo<\/a><\/li>\n<li class=\"menu-item menu-item-type-post_type menu-item-object-page menu-item-1344\"><a href=\"https:\/\/policlinicavillasalud.com\/index.php\/especialidades\/dermatologia\/\" class=\"elementor-item\" tabindex=\"-1\">Dermatolog\u00eda<\/a><\/li>\n<li class=\"menu-item menu-item-type-post_type menu-item-object-page menu-item-1345\"><a href=\"https:\/\/policlinicavillasalud.com\/index.php\/especialidades\/endocrinologia\/\" class=\"elementor-item\" tabindex=\"-1\">Endocrinolog\u00eda<\/a><\/li>\n<li class=\"menu-item menu-item-type-post_type menu-item-object-page menu-item-1346\"><a href=\"https:\/\/policlinicavillasalud.com\/index.php\/especialidades\/ginecologia\/\" class=\"elementor-item\" tabindex=\"-1\">Ginecolog\u00eda<\/a><\/li>\n<li class=\"menu-item menu-item-type-post_type menu-item-object-page menu-item-1347\"><a href=\"https:\/\/policlinicavillasalud.com\/index.php\/especialidades\/medicina-estetica\/\" class=\"elementor-item\" tabindex=\"-1\">Medicina Est\u00e9tica<\/a><\/li>\n<li class=\"menu-item menu-item-type-post_type menu-item-object-page menu-item-1348\"><a href=\"https:\/\/policlinicavillasalud.com\/index.php\/especialidades\/medicina-general\/\" class=\"elementor-item\" tabindex=\"-1\">Medicina General<\/a><\/li>\n<li class=\"menu-item menu-item-type-post_type menu-item-object-page menu-item-1349\"><a href=\"https:\/\/policlinicavillasalud.com\/index.php\/especialidades\/odontologia\/\" class=\"elementor-item\" tabindex=\"-1\">Odontolog\u00eda<\/a><\/li>\n<li class=\"menu-item menu-item-type-post_type menu-item-object-page menu-item-1350\"><a href=\"https:\/\/policlinicavillasalud.com\/index.php\/especialidades\/oftalmologia\/\" class=\"elementor-item\" tabindex=\"-1\">Oftalmolog\u00eda<\/a><\/li>\n<li class=\"menu-item menu-item-type-post_type menu-item-object-page menu-item-1351\"><a href=\"https:\/\/policlinicavillasalud.com\/index.php\/especialidades\/otorrinolaringologia\/\" class=\"elementor-item\" tabindex=\"-1\">Otorrinolaringolog\u00eda<\/a><\/li>\n<li class=\"menu-item menu-item-type-post_type menu-item-object-page menu-item-1352\"><a href=\"https:\/\/policlinicavillasalud.com\/index.php\/especialidades\/pediatria\/\" class=\"elementor-item\" tabindex=\"-1\">Pediatr\u00eda<\/a><\/li>\n<li class=\"menu-item menu-item-type-post_type menu-item-object-page menu-item-1353\"><a href=\"https:\/\/policlinicavillasalud.com\/index.php\/especialidades\/podologia\/\" class=\"elementor-item\" tabindex=\"-1\">Podolog\u00eda<\/a><\/li>\n<li class=\"menu-item menu-item-type-post_type menu-item-object-page menu-item-1354\"><a href=\"https:\/\/policlinicavillasalud.com\/index.php\/especialidades\/psicologia\/\" class=\"elementor-item\" tabindex=\"-1\">Psicolog\u00eda<\/a><\/li>\n<li class=\"menu-item menu-item-type-post_type menu-item-object-page menu-item-1355\"><a href=\"https:\/\/policlinicavillasalud.com\/index.php\/especialidades\/psicotecnico\/\" class=\"elementor-item\" tabindex=\"-1\">Psicot\u00e9cnico<\/a><\/li>\n<li class=\"menu-item menu-item-type-post_type menu-item-object-page menu-item-1356\"><a href=\"https:\/\/policlinicavillasalud.com\/index.php\/especialidades\/psiquiatria\/\" class=\"elementor-item\" tabindex=\"-1\">Psiquiatr\u00eda<\/a><\/li>\n<li class=\"menu-item menu-item-type-post_type menu-item-object-page menu-item-1357\"><a href=\"https:\/\/policlinicavillasalud.com\/index.php\/especialidades\/radiologia\/\" class=\"elementor-item\" tabindex=\"-1\">Radiolog\u00eda<\/a><\/li>\n<li class=\"menu-item menu-item-type-post_type menu-item-object-page menu-item-1358\"><a href=\"https:\/\/policlinicavillasalud.com\/index.php\/especialidades\/traumatologia\/\" class=\"elementor-item\" tabindex=\"-1\">Traumatolog\u00eda<\/a><\/li>\n<\/ul>\t\t\t<\/nav>\n\t\t\t\t\t\t<\/div>\n\t\t\t\t\t<\/div>\n\t\t\t\t<\/div>\n\t\t<div class=\"elementor-element elementor-element-623d4aa e-flex e-con-boxed e-con e-parent\" data-id=\"623d4aa\" data-element_type=\"container\" data-e-type=\"container\" data-settings=\"{&quot;background_background&quot;:&quot;classic&quot;}\">\n\t\t\t\t\t<div class=\"e-con-inner\">\n\t\t<div class=\"elementor-element elementor-element-fa0e201 e-con-full e-flex e-con e-child\" data-id=\"fa0e201\" data-element_type=\"container\" data-e-type=\"container\">\n\t\t\t\t<div class=\"elementor-element elementor-element-3a71b4b elementor-widget elementor-widget-heading\" data-id=\"3a71b4b\" data-element_type=\"widget\" data-e-type=\"widget\" data-widget_type=\"heading.default\">\n\t\t\t\t\t<h2 class=\"elementor-heading-title elementor-size-default\">Nuestro enfoque multidisciplinar nos permite abordar cada caso de forma global, facilitando el diagn\u00f3stico, el seguimiento y la atenci\u00f3n m\u00e9dica en un mismo centro.<\/h2>\t\t\t\t<\/div>\n\t\t\t\t<div class=\"elementor-element elementor-element-3774b47 elementor-widget elementor-widget-button\" data-id=\"3774b47\" data-element_type=\"widget\" data-e-type=\"widget\" data-widget_type=\"button.default\">\n\t\t\t\t\t\t\t\t\t\t<a class=\"elementor-button elementor-button-link elementor-size-sm\" href=\"https:\/\/villasalud.fxdw.dev\/index.php\/contacto\/\">\n\t\t\t\t\t\t<span class=\"elementor-button-content-wrapper\">\n\t\t\t\t\t\t\t\t\t<span class=\"elementor-button-text\">Solicita tu cita y recibe atenci\u00f3n m\u00e9dica personalizada.<\/span>\n\t\t\t\t\t<\/span>\n\t\t\t\t\t<\/a>\n\t\t\t\t\t\t\t\t<\/div>\n\t\t\t\t<\/div>\n\t\t\t\t\t<\/div>\n\t\t\t\t<\/div>\n\t\t\t\t<\/div>\n\t\t","protected":false},"excerpt":{"rendered":"<p>Especialidades m\u00e9dicas +15 Especialidades En Policl\u00ednica Villasalud contamos con un equipo de profesionales que abarca diferentes especialidades m\u00e9dicas, ofreciendo una atenci\u00f3n integral orientada al cuidado de la salud de nuestros pacientes. Cuidado de la salud Atenci\u00f3n m\u00e9dica especializada Nuestro enfoque multidisciplinar nos permite abordar cada caso de forma global, facilitando el diagn\u00f3stico, el seguimiento y [&hellip;]<\/p>\n","protected":false},"author":1,"featured_media":0,"parent":0,"menu_order":0,"comment_status":"closed","ping_status":"closed","template":"elementor_header_footer","meta":{"footnotes":""},"class_list":["post-17","page","type-page","status-publish","hentry"],"_links":{"self":[{"href":"https:\/\/policlinicavillasalud.com\/index.php\/wp-json\/wp\/v2\/pages\/17","targetHints":{"allow":["GET"]}}],"collection":[{"href":"https:\/\/policlinicavillasalud.com\/index.php\/wp-json\/wp\/v2\/pages"}],"about":[{"href":"https:\/\/policlinicavillasalud.com\/index.php\/wp-json\/wp\/v2\/types\/page"}],"author":[{"embeddable":true,"href":"https:\/\/policlinicavillasalud.com\/index.php\/wp-json\/wp\/v2\/users\/1"}],"replies":[{"embeddable":true,"href":"https:\/\/policlinicavillasalud.com\/index.php\/wp-json\/wp\/v2\/comments?post=17"}],"version-history":[{"count":58,"href":"https:\/\/policlinicavillasalud.com\/index.php\/wp-json\/wp\/v2\/pages\/17\/revisions"}],"predecessor-version":[{"id":1565,"href":"https:\/\/policlinicavillasalud.com\/index.php\/wp-json\/wp\/v2\/pages\/17\/revisions\/1565"}],"wp:attachment":[{"href":"https:\/\/policlinicavillasalud.com\/index.php\/wp-json\/wp\/v2\/media?parent=17"}],"curies":[{"name":"wp","href":"https:\/\/api.w.org\/{rel}","templated":true}]}}