{"id":479,"date":"2026-03-13T08:24:17","date_gmt":"2026-03-13T08:24:17","guid":{"rendered":"https:\/\/villasalud.fxdw.dev\/?page_id=479"},"modified":"2026-03-30T10:31:48","modified_gmt":"2026-03-30T10:31:48","slug":"alergologia","status":"publish","type":"page","link":"https:\/\/policlinicavillasalud.com\/index.php\/especialidades\/alergologia\/","title":{"rendered":"Alergolog\u00eda"},"content":{"rendered":"\t\t<div data-elementor-type=\"wp-page\" data-elementor-id=\"479\" class=\"elementor elementor-479\" data-elementor-post-type=\"page\">\n\t\t\t\t<div class=\"elementor-element elementor-element-cd0037e e-con-full e-flex e-con e-parent\" data-id=\"cd0037e\" data-element_type=\"container\" data-e-type=\"container\" data-settings=\"{&quot;background_background&quot;:&quot;classic&quot;}\">\n\t\t<div class=\"elementor-element elementor-element-532108b e-con-full e-flex e-con e-child\" data-id=\"532108b\" data-element_type=\"container\" data-e-type=\"container\">\n\t\t<div class=\"elementor-element elementor-element-74da4eb e-con-full e-flex e-con e-child\" data-id=\"74da4eb\" data-element_type=\"container\" data-e-type=\"container\">\n\t\t\t\t<div class=\"elementor-element elementor-element-1bec302 elementor-widget elementor-widget-heading\" data-id=\"1bec302\" data-element_type=\"widget\" data-e-type=\"widget\" data-widget_type=\"heading.default\">\n\t\t\t\t\t<h2 class=\"elementor-heading-title elementor-size-default\">Alergolog\u00eda<\/h2>\t\t\t\t<\/div>\n\t\t\t\t<\/div>\n\t\t<div class=\"elementor-element elementor-element-6539318 e-con-full e-flex e-con e-child\" data-id=\"6539318\" data-element_type=\"container\" data-e-type=\"container\">\n\t\t\t\t<div class=\"elementor-element elementor-element-04af70f elementor-widget__width-initial elementor-widget elementor-widget-text-editor\" data-id=\"04af70f\" data-element_type=\"widget\" data-e-type=\"widget\" data-widget_type=\"text-editor.default\">\n\t\t\t\t\t\t\t\t\t<p>La alergolog\u00eda es la especialidad m\u00e9dica encargada del estudio, diagn\u00f3stico y tratamiento de las <strong>enfermedades al\u00e9rgicas e inmunol\u00f3gicas<\/strong>.<\/p><p>Estas patolog\u00edas afectan cada vez a un mayor n\u00famero de personas y actualmente se estima que m\u00e1s del 30% de la poblaci\u00f3n presenta alg\u00fan tipo de alergia.<\/p>\t\t\t\t\t\t\t\t<\/div>\n\t\t\t\t<\/div>\n\t\t\t\t<\/div>\n\t\t\t\t<div class=\"elementor-element elementor-element-ecb46ab elementor-widget elementor-widget-image\" data-id=\"ecb46ab\" data-element_type=\"widget\" data-e-type=\"widget\" data-widget_type=\"image.default\">\n\t\t\t\t\t\t\t\t\t\t\t\t\t\t\t<img fetchpriority=\"high\" decoding=\"async\" width=\"2000\" height=\"1010\" src=\"https:\/\/policlinicavillasalud.com\/wp-content\/uploads\/2026\/03\/alergologia-1.webp\" class=\"attachment-full size-full wp-image-519\" alt=\"\" srcset=\"https:\/\/policlinicavillasalud.com\/wp-content\/uploads\/2026\/03\/alergologia-1.webp 2000w, https:\/\/policlinicavillasalud.com\/wp-content\/uploads\/2026\/03\/alergologia-1-300x152.webp 300w, https:\/\/policlinicavillasalud.com\/wp-content\/uploads\/2026\/03\/alergologia-1-1024x517.webp 1024w, https:\/\/policlinicavillasalud.com\/wp-content\/uploads\/2026\/03\/alergologia-1-768x388.webp 768w, https:\/\/policlinicavillasalud.com\/wp-content\/uploads\/2026\/03\/alergologia-1-1536x776.webp 1536w\" sizes=\"(max-width: 2000px) 100vw, 2000px\" \/>\t\t\t\t\t\t\t\t\t\t\t\t\t\t\t<\/div>\n\t\t\t\t<\/div>\n\t\t<div class=\"elementor-element elementor-element-f0bc7a0 e-flex e-con-boxed e-con e-parent\" data-id=\"f0bc7a0\" data-element_type=\"container\" data-e-type=\"container\" data-settings=\"{&quot;background_background&quot;:&quot;classic&quot;}\">\n\t\t\t\t\t<div class=\"e-con-inner\">\n\t\t<div class=\"elementor-element elementor-element-d104055 e-con-full e-flex e-con e-child\" data-id=\"d104055\" data-element_type=\"container\" data-e-type=\"container\">\n\t\t\t\t<div class=\"elementor-element elementor-element-df71365 elementor-widget elementor-widget-heading\" data-id=\"df71365\" data-element_type=\"widget\" data-e-type=\"widget\" data-widget_type=\"heading.default\">\n\t\t\t\t\t<h2 class=\"elementor-heading-title elementor-size-default\">ALERGOLOG\u00cdA<\/h2>\t\t\t\t<\/div>\n\t\t\t\t<div class=\"elementor-element elementor-element-a5c11f9 elementor-widget elementor-widget-heading\" data-id=\"a5c11f9\" data-element_type=\"widget\" data-e-type=\"widget\" data-widget_type=\"heading.default\">\n\t\t\t\t\t<h2 class=\"elementor-heading-title elementor-size-default\">\u00bfQu\u00e9 trata la alergolog\u00eda?<\/h2>\t\t\t\t<\/div>\n\t\t\t\t<\/div>\n\t\t<div class=\"elementor-element elementor-element-d340e14 e-con-full e-flex e-con e-child\" data-id=\"d340e14\" data-element_type=\"container\" data-e-type=\"container\">\n\t\t\t\t<div class=\"elementor-element elementor-element-02deab9 elementor-widget elementor-widget-text-editor\" data-id=\"02deab9\" data-element_type=\"widget\" data-e-type=\"widget\" data-widget_type=\"text-editor.default\">\n\t\t\t\t\t\t\t\t\t<p data-start=\"1422\" data-end=\"1618\">Las enfermedades al\u00e9rgicas se producen cuando el sistema inmunol\u00f3gico reacciona de forma exagerada ante sustancias que normalmente son inofensivas, como alimentos, p\u00f3lenes o picaduras de insectos.<\/p><p data-start=\"1620\" data-end=\"1789\">El diagn\u00f3stico adecuado permite identificar el al\u00e9rgeno responsable y aplicar tratamientos que ayuden a controlar los s\u00edntomas y mejorar la calidad de vida del paciente.<\/p>\t\t\t\t\t\t\t\t<\/div>\n\t\t\t\t<\/div>\n\t\t\t\t\t<\/div>\n\t\t\t\t<\/div>\n\t\t<div class=\"elementor-element elementor-element-cf1c725 e-flex e-con-boxed e-con e-parent\" data-id=\"cf1c725\" data-element_type=\"container\" data-e-type=\"container\" data-settings=\"{&quot;background_background&quot;:&quot;classic&quot;}\">\n\t\t\t\t\t<div class=\"e-con-inner\">\n\t\t<div class=\"elementor-element elementor-element-27c32ff e-con-full e-flex e-con e-child\" data-id=\"27c32ff\" data-element_type=\"container\" data-e-type=\"container\">\n\t\t\t\t<div class=\"elementor-element elementor-element-60557d4 elementor-widget elementor-widget-heading\" data-id=\"60557d4\" data-element_type=\"widget\" data-e-type=\"widget\" data-widget_type=\"heading.default\">\n\t\t\t\t\t<h2 class=\"elementor-heading-title elementor-size-default\">En Policl\u00ednica Villasalud ofrecemos atenci\u00f3n especializada para ni\u00f1os y adultos con el objetivo de identificar el origen de la alergia y establecer el tratamiento m\u00e1s adecuado para cada paciente.\n<\/h2>\t\t\t\t<\/div>\n\t\t\t\t<div class=\"elementor-element elementor-element-a34a044 elementor-widget elementor-widget-button\" data-id=\"a34a044\" data-element_type=\"widget\" data-e-type=\"widget\" data-widget_type=\"button.default\">\n\t\t\t\t\t\t\t\t\t\t<a class=\"elementor-button elementor-button-link elementor-size-sm\" href=\"https:\/\/villasalud.fxdw.dev\/index.php\/contacto\/\">\n\t\t\t\t\t\t<span class=\"elementor-button-content-wrapper\">\n\t\t\t\t\t\t\t\t\t<span class=\"elementor-button-text\">Pide tu cita<\/span>\n\t\t\t\t\t<\/span>\n\t\t\t\t\t<\/a>\n\t\t\t\t\t\t\t\t<\/div>\n\t\t\t\t<\/div>\n\t\t\t\t\t<\/div>\n\t\t\t\t<\/div>\n\t\t<div class=\"elementor-element elementor-element-17a5bf3 e-flex e-con-boxed e-con e-parent\" data-id=\"17a5bf3\" data-element_type=\"container\" data-e-type=\"container\" data-settings=\"{&quot;background_background&quot;:&quot;classic&quot;}\">\n\t\t\t\t\t<div class=\"e-con-inner\">\n\t\t<div class=\"elementor-element elementor-element-d023967 e-con-full e-flex e-con e-child\" data-id=\"d023967\" data-element_type=\"container\" data-e-type=\"container\">\n\t\t\t\t<div class=\"elementor-element elementor-element-9521f61 elementor-widget elementor-widget-heading\" data-id=\"9521f61\" data-element_type=\"widget\" data-e-type=\"widget\" data-widget_type=\"heading.default\">\n\t\t\t\t\t<h2 class=\"elementor-heading-title elementor-size-default\">Motivos de consulta m\u00e1s frecuentes<\/h2>\t\t\t\t<\/div>\n\t\t\t\t<div class=\"elementor-element elementor-element-f822678 elementor-widget elementor-widget-text-editor\" data-id=\"f822678\" data-element_type=\"widget\" data-e-type=\"widget\" data-widget_type=\"text-editor.default\">\n\t\t\t\t\t\t\t\t\t<p data-start=\"1903\" data-end=\"1927\">Conjuntivitis al\u00e9rgica<\/p><p data-start=\"1930\" data-end=\"1948\">Rinitis al\u00e9rgica<\/p><p data-start=\"1930\" data-end=\"1948\">Asma bronquial<\/p><p data-start=\"1930\" data-end=\"1948\">Alergias e intolerancias alimentarias<\/p><p data-start=\"2012\" data-end=\"2036\">Intolerancia al gluten<\/p><p data-start=\"2039\" data-end=\"2071\">Dermatitis, eccema y urticaria<\/p><p data-start=\"2039\" data-end=\"2071\">Alergia a picaduras de insectos (abejas, avispas y otros himen\u00f3pteros)<\/p><p data-start=\"2149\" data-end=\"2168\">Alergia al anisakis<\/p>\t\t\t\t\t\t\t\t<\/div>\n\t\t\t\t<\/div>\n\t\t<div class=\"elementor-element elementor-element-0e5989f e-con-full e-flex e-con e-child\" data-id=\"0e5989f\" data-element_type=\"container\" data-e-type=\"container\">\n\t\t\t\t<div class=\"elementor-element elementor-element-f81e8b5 elementor-widget elementor-widget-image\" data-id=\"f81e8b5\" data-element_type=\"widget\" data-e-type=\"widget\" data-widget_type=\"image.default\">\n\t\t\t\t\t\t\t\t\t\t\t\t\t\t\t<img decoding=\"async\" width=\"1000\" height=\"1216\" src=\"https:\/\/policlinicavillasalud.com\/wp-content\/uploads\/2026\/03\/alergia3.webp\" class=\"attachment-full size-full wp-image-582\" alt=\"\" srcset=\"https:\/\/policlinicavillasalud.com\/wp-content\/uploads\/2026\/03\/alergia3.webp 1000w, https:\/\/policlinicavillasalud.com\/wp-content\/uploads\/2026\/03\/alergia3-247x300.webp 247w, https:\/\/policlinicavillasalud.com\/wp-content\/uploads\/2026\/03\/alergia3-842x1024.webp 842w, https:\/\/policlinicavillasalud.com\/wp-content\/uploads\/2026\/03\/alergia3-768x934.webp 768w\" sizes=\"(max-width: 1000px) 100vw, 1000px\" \/>\t\t\t\t\t\t\t\t\t\t\t\t\t\t\t<\/div>\n\t\t\t\t<\/div>\n\t\t\t\t\t<\/div>\n\t\t\t\t<\/div>\n\t\t<div class=\"elementor-element elementor-element-1dc5739 e-flex e-con-boxed e-con e-parent\" data-id=\"1dc5739\" data-element_type=\"container\" data-e-type=\"container\" data-settings=\"{&quot;background_background&quot;:&quot;classic&quot;}\">\n\t\t\t\t\t<div class=\"e-con-inner\">\n\t\t<div class=\"elementor-element elementor-element-752362d e-con-full e-flex e-con e-child\" data-id=\"752362d\" data-element_type=\"container\" data-e-type=\"container\">\n\t\t\t\t<div class=\"elementor-element elementor-element-866839d elementor-widget elementor-widget-heading\" data-id=\"866839d\" data-element_type=\"widget\" data-e-type=\"widget\" data-widget_type=\"heading.default\">\n\t\t\t\t\t<h2 class=\"elementor-heading-title elementor-size-default\">NUESTRO EQUIPO<\/h2>\t\t\t\t<\/div>\n\t\t\t\t<div class=\"elementor-element elementor-element-8402549 elementor-widget elementor-widget-heading\" data-id=\"8402549\" data-element_type=\"widget\" data-e-type=\"widget\" data-widget_type=\"heading.default\">\n\t\t\t\t\t<h2 class=\"elementor-heading-title elementor-size-default\">Especialista<\/h2>\t\t\t\t<\/div>\n\t\t\t\t<div class=\"elementor-element elementor-element-1496eb8 elementor-widget elementor-widget-text-editor\" data-id=\"1496eb8\" data-element_type=\"widget\" data-e-type=\"widget\" data-widget_type=\"text-editor.default\">\n\t\t\t\t\t\t\t\t\t<p>Atenci\u00f3n especializada en alergolog\u00eda para pacientes adultos y pedi\u00e1tricos, con experiencia en diagn\u00f3stico y tratamiento de enfermedades al\u00e9rgicas.<\/p>\t\t\t\t\t\t\t\t<\/div>\n\t\t\t\t<\/div>\n\t\t<div class=\"elementor-element elementor-element-47543eb e-con-full e-flex e-con e-child\" data-id=\"47543eb\" data-element_type=\"container\" data-e-type=\"container\" data-settings=\"{&quot;background_background&quot;:&quot;classic&quot;}\">\n\t\t<div class=\"elementor-element elementor-element-47ec418 e-con-full e-flex e-con e-child\" data-id=\"47ec418\" data-element_type=\"container\" data-e-type=\"container\">\n\t\t\t\t<div class=\"elementor-element elementor-element-4841401 elementor-widget elementor-widget-heading\" data-id=\"4841401\" data-element_type=\"widget\" data-e-type=\"widget\" data-widget_type=\"heading.default\">\n\t\t\t\t\t<h2 class=\"elementor-heading-title elementor-size-default\">Dr. Manuel Fern\u00e1ndez<\/h2>\t\t\t\t<\/div>\n\t\t\t\t<div class=\"elementor-element elementor-element-ff8ae11 elementor-widget elementor-widget-text-editor\" data-id=\"ff8ae11\" data-element_type=\"widget\" data-e-type=\"widget\" data-widget_type=\"text-editor.default\">\n\t\t\t\t\t\t\t\t\t<p>Especialista en alergolog\u00eda con atenci\u00f3n a pacientes adultos y pedi\u00e1tricos.<\/p><p>Cuenta adem\u00e1s con un <strong data-start=\"2755\" data-end=\"2822\">M\u00e1ster en Dermatolog\u00eda por la Universidad Complutense de Madrid<\/strong> y amplia experiencia en el diagn\u00f3stico y tratamiento de enfermedades al\u00e9rgicas.<\/p>\t\t\t\t\t\t\t\t<\/div>\n\t\t\t\t<\/div>\n\t\t\t\t<\/div>\n\t\t\t\t\t<\/div>\n\t\t\t\t<\/div>\n\t\t\t\t<\/div>\n\t\t","protected":false},"excerpt":{"rendered":"<p>Alergolog\u00eda La alergolog\u00eda es la especialidad m\u00e9dica encargada del estudio, diagn\u00f3stico y tratamiento de las enfermedades al\u00e9rgicas e inmunol\u00f3gicas. Estas patolog\u00edas afectan cada vez a un mayor n\u00famero de personas y actualmente se estima que m\u00e1s del 30% de la poblaci\u00f3n presenta alg\u00fan tipo de alergia. ALERGOLOG\u00cdA \u00bfQu\u00e9 trata la alergolog\u00eda? Las enfermedades al\u00e9rgicas se [&hellip;]<\/p>\n","protected":false},"author":1,"featured_media":0,"parent":17,"menu_order":0,"comment_status":"closed","ping_status":"closed","template":"elementor_header_footer","meta":{"footnotes":""},"class_list":["post-479","page","type-page","status-publish","hentry"],"_links":{"self":[{"href":"https:\/\/policlinicavillasalud.com\/index.php\/wp-json\/wp\/v2\/pages\/479","targetHints":{"allow":["GET"]}}],"collection":[{"href":"https:\/\/policlinicavillasalud.com\/index.php\/wp-json\/wp\/v2\/pages"}],"about":[{"href":"https:\/\/policlinicavillasalud.com\/index.php\/wp-json\/wp\/v2\/types\/page"}],"author":[{"embeddable":true,"href":"https:\/\/policlinicavillasalud.com\/index.php\/wp-json\/wp\/v2\/users\/1"}],"replies":[{"embeddable":true,"href":"https:\/\/policlinicavillasalud.com\/index.php\/wp-json\/wp\/v2\/comments?post=479"}],"version-history":[{"count":76,"href":"https:\/\/policlinicavillasalud.com\/index.php\/wp-json\/wp\/v2\/pages\/479\/revisions"}],"predecessor-version":[{"id":1764,"href":"https:\/\/policlinicavillasalud.com\/index.php\/wp-json\/wp\/v2\/pages\/479\/revisions\/1764"}],"up":[{"embeddable":true,"href":"https:\/\/policlinicavillasalud.com\/index.php\/wp-json\/wp\/v2\/pages\/17"}],"wp:attachment":[{"href":"https:\/\/policlinicavillasalud.com\/index.php\/wp-json\/wp\/v2\/media?parent=479"}],"curies":[{"name":"wp","href":"https:\/\/api.w.org\/{rel}","templated":true}]}}