{"id":485,"date":"2026-03-13T08:25:07","date_gmt":"2026-03-13T08:25:07","guid":{"rendered":"https:\/\/villasalud.fxdw.dev\/?page_id=485"},"modified":"2026-03-30T10:47:22","modified_gmt":"2026-03-30T10:47:22","slug":"dermatologia","status":"publish","type":"page","link":"https:\/\/policlinicavillasalud.com\/index.php\/especialidades\/dermatologia\/","title":{"rendered":"Dermatolog\u00eda"},"content":{"rendered":"\t\t<div data-elementor-type=\"wp-page\" data-elementor-id=\"485\" class=\"elementor elementor-485\" data-elementor-post-type=\"page\">\n\t\t\t\t<div class=\"elementor-element elementor-element-e948e90 e-con-full e-flex e-con e-parent\" data-id=\"e948e90\" data-element_type=\"container\" data-e-type=\"container\" data-settings=\"{&quot;background_background&quot;:&quot;classic&quot;}\">\n\t\t<div class=\"elementor-element elementor-element-afa70ea e-con-full e-flex e-con e-child\" data-id=\"afa70ea\" data-element_type=\"container\" data-e-type=\"container\">\n\t\t<div class=\"elementor-element elementor-element-423c019 e-con-full e-flex e-con e-child\" data-id=\"423c019\" data-element_type=\"container\" data-e-type=\"container\">\n\t\t\t\t<div class=\"elementor-element elementor-element-bf36734 elementor-widget elementor-widget-heading\" data-id=\"bf36734\" data-element_type=\"widget\" data-e-type=\"widget\" data-widget_type=\"heading.default\">\n\t\t\t\t\t<h2 class=\"elementor-heading-title elementor-size-default\">Dermatolog\u00eda<\/h2>\t\t\t\t<\/div>\n\t\t\t\t<\/div>\n\t\t<div class=\"elementor-element elementor-element-27c3e2a e-con-full e-flex e-con e-child\" data-id=\"27c3e2a\" data-element_type=\"container\" data-e-type=\"container\">\n\t\t\t\t<div class=\"elementor-element elementor-element-583cc28 elementor-widget__width-initial elementor-widget elementor-widget-text-editor\" data-id=\"583cc28\" data-element_type=\"widget\" data-e-type=\"widget\" data-widget_type=\"text-editor.default\">\n\t\t\t\t\t\t\t\t\t<p>La dermatolog\u00eda es la especialidad m\u00e9dica dedicada al estudio, diagn\u00f3stico y tratamiento de las enfermedades que afectan a la piel, el cabello, las u\u00f1as y las mucosas.\u00a0<\/p>\t\t\t\t\t\t\t\t<\/div>\n\t\t\t\t<\/div>\n\t\t\t\t<\/div>\n\t\t\t\t<div class=\"elementor-element elementor-element-8d37abc elementor-widget elementor-widget-image\" data-id=\"8d37abc\" data-element_type=\"widget\" data-e-type=\"widget\" data-widget_type=\"image.default\">\n\t\t\t\t\t\t\t\t\t\t\t\t\t\t\t<img decoding=\"async\" src=\"https:\/\/policlinicavillasalud.com\/wp-content\/uploads\/2026\/03\/dermatologia.webp\" title=\"dermatologia\" alt=\"dermatologia\" loading=\"lazy\" \/>\t\t\t\t\t\t\t\t\t\t\t\t\t\t\t<\/div>\n\t\t\t\t<\/div>\n\t\t<div class=\"elementor-element elementor-element-a2b7666 e-flex e-con-boxed e-con e-parent\" data-id=\"a2b7666\" data-element_type=\"container\" data-e-type=\"container\" data-settings=\"{&quot;background_background&quot;:&quot;classic&quot;}\">\n\t\t\t\t\t<div class=\"e-con-inner\">\n\t\t<div class=\"elementor-element elementor-element-946fc95 e-con-full e-flex e-con e-child\" data-id=\"946fc95\" data-element_type=\"container\" data-e-type=\"container\">\n\t\t\t\t<div class=\"elementor-element elementor-element-b5b7aed elementor-widget elementor-widget-heading\" data-id=\"b5b7aed\" data-element_type=\"widget\" data-e-type=\"widget\" data-widget_type=\"heading.default\">\n\t\t\t\t\t<h2 class=\"elementor-heading-title elementor-size-default\">DERMATOLOG\u00cdA<\/h2>\t\t\t\t<\/div>\n\t\t\t\t<div class=\"elementor-element elementor-element-d724dfc elementor-widget elementor-widget-heading\" data-id=\"d724dfc\" data-element_type=\"widget\" data-e-type=\"widget\" data-widget_type=\"heading.default\">\n\t\t\t\t\t<h2 class=\"elementor-heading-title elementor-size-default\">Atenci\u00f3n dermatol\u00f3gica<\/h2>\t\t\t\t<\/div>\n\t\t\t\t<\/div>\n\t\t<div class=\"elementor-element elementor-element-52375ae e-con-full e-flex e-con e-child\" data-id=\"52375ae\" data-element_type=\"container\" data-e-type=\"container\">\n\t\t\t\t<div class=\"elementor-element elementor-element-1963250 elementor-widget elementor-widget-text-editor\" data-id=\"1963250\" data-element_type=\"widget\" data-e-type=\"widget\" data-widget_type=\"text-editor.default\">\n\t\t\t\t\t\t\t\t\t<p data-start=\"538\" data-end=\"824\">La piel es el \u00f3rgano m\u00e1s extenso del cuerpo y puede reflejar tanto problemas dermatol\u00f3gicos propios como manifestaciones de otras enfermedades. La consulta de dermatolog\u00eda permite valorar distintas alteraciones cut\u00e1neas y orientar el tratamiento o seguimiento m\u00e1s adecuado en cada caso.<\/p><p data-start=\"826\" data-end=\"978\">El especialista realiza una evaluaci\u00f3n cl\u00ednica completa para identificar el origen de las lesiones o s\u00edntomas y establecer la atenci\u00f3n m\u00e9dica necesaria.<\/p>\t\t\t\t\t\t\t\t<\/div>\n\t\t\t\t<\/div>\n\t\t\t\t\t<\/div>\n\t\t\t\t<\/div>\n\t\t<div class=\"elementor-element elementor-element-3b788bb e-flex e-con-boxed e-con e-parent\" data-id=\"3b788bb\" data-element_type=\"container\" data-e-type=\"container\" data-settings=\"{&quot;background_background&quot;:&quot;classic&quot;}\">\n\t\t\t\t\t<div class=\"e-con-inner\">\n\t\t<div class=\"elementor-element elementor-element-d6b37d9 e-con-full e-flex e-con e-child\" data-id=\"d6b37d9\" data-element_type=\"container\" data-e-type=\"container\">\n\t\t\t\t<div class=\"elementor-element elementor-element-ba88d03 elementor-widget elementor-widget-heading\" data-id=\"ba88d03\" data-element_type=\"widget\" data-e-type=\"widget\" data-widget_type=\"heading.default\">\n\t\t\t\t\t<h2 class=\"elementor-heading-title elementor-size-default\">Problemas dermatol\u00f3gicos m\u00e1s frecuentes<\/h2>\t\t\t\t<\/div>\n\t\t\t\t<div class=\"elementor-element elementor-element-120d7c7 elementor-widget elementor-widget-text-editor\" data-id=\"120d7c7\" data-element_type=\"widget\" data-e-type=\"widget\" data-widget_type=\"text-editor.default\">\n\t\t\t\t\t\t\t\t\t<p>Entre las consultas m\u00e1s habituales en dermatolog\u00eda se encuentran:<\/p>\t\t\t\t\t\t\t\t<\/div>\n\t\t\t\t<div class=\"elementor-element elementor-element-f0df8e5 elementor-widget elementor-widget-text-editor\" data-id=\"f0df8e5\" data-element_type=\"widget\" data-e-type=\"widget\" data-widget_type=\"text-editor.default\">\n\t\t\t\t\t\t\t\t\t<p>Alteraciones y enfermedades de la piel<\/p><p>Problemas del cabello<\/p><p>Trastornos de las u\u00f1as<\/p><p>Lesiones cut\u00e1neas<\/p><p>Irritaciones o alteraciones de las mucosas<\/p>\t\t\t\t\t\t\t\t<\/div>\n\t\t\t\t<\/div>\n\t\t<div class=\"elementor-element elementor-element-9683470 e-con-full e-flex e-con e-child\" data-id=\"9683470\" data-element_type=\"container\" data-e-type=\"container\">\n\t\t\t\t<div class=\"elementor-element elementor-element-f2cf173 elementor-widget elementor-widget-image\" data-id=\"f2cf173\" data-element_type=\"widget\" data-e-type=\"widget\" data-widget_type=\"image.default\">\n\t\t\t\t\t\t\t\t\t\t\t\t\t\t\t<img fetchpriority=\"high\" decoding=\"async\" width=\"1000\" height=\"1378\" src=\"https:\/\/policlinicavillasalud.com\/wp-content\/uploads\/2026\/03\/dermatitis.jpg\" class=\"attachment-full size-full wp-image-758\" alt=\"\" srcset=\"https:\/\/policlinicavillasalud.com\/wp-content\/uploads\/2026\/03\/dermatitis.jpg 1000w, https:\/\/policlinicavillasalud.com\/wp-content\/uploads\/2026\/03\/dermatitis-218x300.jpg 218w, https:\/\/policlinicavillasalud.com\/wp-content\/uploads\/2026\/03\/dermatitis-743x1024.jpg 743w, https:\/\/policlinicavillasalud.com\/wp-content\/uploads\/2026\/03\/dermatitis-768x1058.jpg 768w\" sizes=\"(max-width: 1000px) 100vw, 1000px\" \/>\t\t\t\t\t\t\t\t\t\t\t\t\t\t\t<\/div>\n\t\t\t\t<\/div>\n\t\t\t\t\t<\/div>\n\t\t\t\t<\/div>\n\t\t<div class=\"elementor-element elementor-element-e81ba4a e-flex e-con-boxed e-con e-parent\" data-id=\"e81ba4a\" data-element_type=\"container\" data-e-type=\"container\" data-settings=\"{&quot;background_background&quot;:&quot;classic&quot;}\">\n\t\t\t\t\t<div class=\"e-con-inner\">\n\t\t<div class=\"elementor-element elementor-element-4d8386f e-con-full e-flex e-con e-child\" data-id=\"4d8386f\" data-element_type=\"container\" data-e-type=\"container\">\n\t\t\t\t<div class=\"elementor-element elementor-element-0ed70da elementor-widget elementor-widget-heading\" data-id=\"0ed70da\" data-element_type=\"widget\" data-e-type=\"widget\" data-widget_type=\"heading.default\">\n\t\t\t\t\t<h2 class=\"elementor-heading-title elementor-size-default\">NUESTRO EQUIPO<\/h2>\t\t\t\t<\/div>\n\t\t\t\t<div class=\"elementor-element elementor-element-4332447 elementor-widget elementor-widget-heading\" data-id=\"4332447\" data-element_type=\"widget\" data-e-type=\"widget\" data-widget_type=\"heading.default\">\n\t\t\t\t\t<h2 class=\"elementor-heading-title elementor-size-default\">Especialistas en dermatolog\u00eda<\/h2>\t\t\t\t<\/div>\n\t\t\t\t<div class=\"elementor-element elementor-element-a9de840 elementor-widget elementor-widget-text-editor\" data-id=\"a9de840\" data-element_type=\"widget\" data-e-type=\"widget\" data-widget_type=\"text-editor.default\">\n\t\t\t\t\t\t\t\t\t<p>Especialistas en dermatolog\u00eda con experiencia en el diagn\u00f3stico y tratamiento de enfermedades de la piel, el cabello, las u\u00f1as y las mucosas.<\/p>\t\t\t\t\t\t\t\t<\/div>\n\t\t\t\t<\/div>\n\t\t<div class=\"elementor-element elementor-element-de3d024 e-con-full e-flex e-con e-child\" data-id=\"de3d024\" data-element_type=\"container\" data-e-type=\"container\" data-settings=\"{&quot;background_background&quot;:&quot;classic&quot;}\">\n\t\t\t\t<div class=\"elementor-element elementor-element-c4d42e9 elementor-widget elementor-widget-image\" data-id=\"c4d42e9\" data-element_type=\"widget\" data-e-type=\"widget\" data-widget_type=\"image.default\">\n\t\t\t\t\t\t\t\t\t\t\t\t\t\t\t<img decoding=\"async\" width=\"769\" height=\"1024\" src=\"https:\/\/policlinicavillasalud.com\/wp-content\/uploads\/2026\/03\/wassem-769x1024.jpg\" class=\"attachment-large size-large wp-image-1733\" alt=\"\" srcset=\"https:\/\/policlinicavillasalud.com\/wp-content\/uploads\/2026\/03\/wassem-769x1024.jpg 769w, https:\/\/policlinicavillasalud.com\/wp-content\/uploads\/2026\/03\/wassem-225x300.jpg 225w, https:\/\/policlinicavillasalud.com\/wp-content\/uploads\/2026\/03\/wassem-768x1023.jpg 768w, https:\/\/policlinicavillasalud.com\/wp-content\/uploads\/2026\/03\/wassem.jpg 1051w\" sizes=\"(max-width: 769px) 100vw, 769px\" \/>\t\t\t\t\t\t\t\t\t\t\t\t\t\t\t<\/div>\n\t\t\t\t<div class=\"elementor-element elementor-element-31654de elementor-widget elementor-widget-heading\" data-id=\"31654de\" data-element_type=\"widget\" data-e-type=\"widget\" data-widget_type=\"heading.default\">\n\t\t\t\t\t<h2 class=\"elementor-heading-title elementor-size-default\">Dr. Waseem Shams Romani<\/h2>\t\t\t\t<\/div>\n\t\t\t\t<\/div>\n\t\t\t\t\t<\/div>\n\t\t\t\t<\/div>\n\t\t\t\t<\/div>\n\t\t","protected":false},"excerpt":{"rendered":"<p>Dermatolog\u00eda La dermatolog\u00eda es la especialidad m\u00e9dica dedicada al estudio, diagn\u00f3stico y tratamiento de las enfermedades que afectan a la piel, el cabello, las u\u00f1as y las mucosas.\u00a0 DERMATOLOG\u00cdA Atenci\u00f3n dermatol\u00f3gica La piel es el \u00f3rgano m\u00e1s extenso del cuerpo y puede reflejar tanto problemas dermatol\u00f3gicos propios como manifestaciones de otras enfermedades. La consulta de [&hellip;]<\/p>\n","protected":false},"author":1,"featured_media":0,"parent":17,"menu_order":0,"comment_status":"closed","ping_status":"closed","template":"elementor_header_footer","meta":{"footnotes":""},"class_list":["post-485","page","type-page","status-publish","hentry"],"_links":{"self":[{"href":"https:\/\/policlinicavillasalud.com\/index.php\/wp-json\/wp\/v2\/pages\/485","targetHints":{"allow":["GET"]}}],"collection":[{"href":"https:\/\/policlinicavillasalud.com\/index.php\/wp-json\/wp\/v2\/pages"}],"about":[{"href":"https:\/\/policlinicavillasalud.com\/index.php\/wp-json\/wp\/v2\/types\/page"}],"author":[{"embeddable":true,"href":"https:\/\/policlinicavillasalud.com\/index.php\/wp-json\/wp\/v2\/users\/1"}],"replies":[{"embeddable":true,"href":"https:\/\/policlinicavillasalud.com\/index.php\/wp-json\/wp\/v2\/comments?post=485"}],"version-history":[{"count":19,"href":"https:\/\/policlinicavillasalud.com\/index.php\/wp-json\/wp\/v2\/pages\/485\/revisions"}],"predecessor-version":[{"id":1790,"href":"https:\/\/policlinicavillasalud.com\/index.php\/wp-json\/wp\/v2\/pages\/485\/revisions\/1790"}],"up":[{"embeddable":true,"href":"https:\/\/policlinicavillasalud.com\/index.php\/wp-json\/wp\/v2\/pages\/17"}],"wp:attachment":[{"href":"https:\/\/policlinicavillasalud.com\/index.php\/wp-json\/wp\/v2\/media?parent=485"}],"curies":[{"name":"wp","href":"https:\/\/api.w.org\/{rel}","templated":true}]}}