{"id":487,"date":"2026-03-13T08:29:34","date_gmt":"2026-03-13T08:29:34","guid":{"rendered":"https:\/\/villasalud.fxdw.dev\/?page_id=487"},"modified":"2026-03-30T10:56:21","modified_gmt":"2026-03-30T10:56:21","slug":"endocrinologia","status":"publish","type":"page","link":"https:\/\/policlinicavillasalud.com\/index.php\/especialidades\/endocrinologia\/","title":{"rendered":"Endocrinolog\u00eda"},"content":{"rendered":"\t\t<div data-elementor-type=\"wp-page\" data-elementor-id=\"487\" class=\"elementor elementor-487\" data-elementor-post-type=\"page\">\n\t\t\t\t<div class=\"elementor-element elementor-element-ec478c1 e-con-full e-flex e-con e-parent\" data-id=\"ec478c1\" data-element_type=\"container\" data-e-type=\"container\" data-settings=\"{&quot;background_background&quot;:&quot;classic&quot;}\">\n\t\t<div class=\"elementor-element elementor-element-29abbd7 e-con-full e-flex e-con e-child\" data-id=\"29abbd7\" data-element_type=\"container\" data-e-type=\"container\">\n\t\t<div class=\"elementor-element elementor-element-2f1dc1a e-con-full e-flex e-con e-child\" data-id=\"2f1dc1a\" data-element_type=\"container\" data-e-type=\"container\">\n\t\t\t\t<div class=\"elementor-element elementor-element-cda2378 elementor-widget elementor-widget-heading\" data-id=\"cda2378\" data-element_type=\"widget\" data-e-type=\"widget\" data-widget_type=\"heading.default\">\n\t\t\t\t\t<h2 class=\"elementor-heading-title elementor-size-default\">Endocrinolog\u00eda<\/h2>\t\t\t\t<\/div>\n\t\t\t\t<\/div>\n\t\t<div class=\"elementor-element elementor-element-ebf0828 e-con-full e-flex e-con e-child\" data-id=\"ebf0828\" data-element_type=\"container\" data-e-type=\"container\">\n\t\t\t\t<div class=\"elementor-element elementor-element-561f675 elementor-widget__width-initial elementor-widget elementor-widget-text-editor\" data-id=\"561f675\" data-element_type=\"widget\" data-e-type=\"widget\" data-widget_type=\"text-editor.default\">\n\t\t\t\t\t\t\t\t\t<p>La endocrinolog\u00eda es la especialidad m\u00e9dica dedicada al estudio, diagn\u00f3stico y tratamiento de las enfermedades relacionadas con el sistema hormonal y el metabolismo. En Policl\u00ednica Villasalud ofrecemos atenci\u00f3n especializada para la valoraci\u00f3n y seguimiento de distintos trastornos endocrinos que pueden afectar al equilibrio del organismo.<\/p>\t\t\t\t\t\t\t\t<\/div>\n\t\t\t\t<\/div>\n\t\t\t\t<\/div>\n\t\t\t\t<div class=\"elementor-element elementor-element-b16776b elementor-widget elementor-widget-image\" data-id=\"b16776b\" data-element_type=\"widget\" data-e-type=\"widget\" data-widget_type=\"image.default\">\n\t\t\t\t\t\t\t\t\t\t\t\t\t\t\t<img fetchpriority=\"high\" decoding=\"async\" width=\"1472\" height=\"834\" src=\"https:\/\/policlinicavillasalud.com\/wp-content\/uploads\/2026\/03\/endocrinologia.webp\" class=\"attachment-full size-full wp-image-763\" alt=\"\" srcset=\"https:\/\/policlinicavillasalud.com\/wp-content\/uploads\/2026\/03\/endocrinologia.webp 1472w, https:\/\/policlinicavillasalud.com\/wp-content\/uploads\/2026\/03\/endocrinologia-300x170.webp 300w, https:\/\/policlinicavillasalud.com\/wp-content\/uploads\/2026\/03\/endocrinologia-1024x580.webp 1024w, https:\/\/policlinicavillasalud.com\/wp-content\/uploads\/2026\/03\/endocrinologia-768x435.webp 768w\" sizes=\"(max-width: 1472px) 100vw, 1472px\" \/>\t\t\t\t\t\t\t\t\t\t\t\t\t\t\t<\/div>\n\t\t\t\t<\/div>\n\t\t<div class=\"elementor-element elementor-element-42319d6 e-flex e-con-boxed e-con e-parent\" data-id=\"42319d6\" data-element_type=\"container\" data-e-type=\"container\" data-settings=\"{&quot;background_background&quot;:&quot;classic&quot;}\">\n\t\t\t\t\t<div class=\"e-con-inner\">\n\t\t<div class=\"elementor-element elementor-element-bc36c6a e-con-full e-flex e-con e-child\" data-id=\"bc36c6a\" data-element_type=\"container\" data-e-type=\"container\">\n\t\t\t\t<div class=\"elementor-element elementor-element-c81e11b elementor-widget elementor-widget-heading\" data-id=\"c81e11b\" data-element_type=\"widget\" data-e-type=\"widget\" data-widget_type=\"heading.default\">\n\t\t\t\t\t<h2 class=\"elementor-heading-title elementor-size-default\">ENDOCRINOLOG\u00cdA<\/h2>\t\t\t\t<\/div>\n\t\t\t\t<div class=\"elementor-element elementor-element-3914676 elementor-widget elementor-widget-heading\" data-id=\"3914676\" data-element_type=\"widget\" data-e-type=\"widget\" data-widget_type=\"heading.default\">\n\t\t\t\t\t<h2 class=\"elementor-heading-title elementor-size-default\">Atenci\u00f3n endocrinol\u00f3gica<\/h2>\t\t\t\t<\/div>\n\t\t\t\t<\/div>\n\t\t<div class=\"elementor-element elementor-element-8cd2fc2 e-con-full e-flex e-con e-child\" data-id=\"8cd2fc2\" data-element_type=\"container\" data-e-type=\"container\">\n\t\t\t\t<div class=\"elementor-element elementor-element-9e4cc0a elementor-widget elementor-widget-text-editor\" data-id=\"9e4cc0a\" data-element_type=\"widget\" data-e-type=\"widget\" data-widget_type=\"text-editor.default\">\n\t\t\t\t\t\t\t\t\t<p data-start=\"527\" data-end=\"875\">El sistema endocrino est\u00e1 formado por un conjunto de gl\u00e1ndulas que producen hormonas, sustancias que regulan numerosas funciones del cuerpo como el metabolismo, el crecimiento o el equilibrio energ\u00e9tico. Cuando se produce una alteraci\u00f3n en estas hormonas, pueden aparecer diferentes problemas de salud que requieren valoraci\u00f3n m\u00e9dica especializada.<\/p><p data-start=\"877\" data-end=\"1013\">La consulta de endocrinolog\u00eda permite estudiar estos trastornos y orientar el tratamiento o seguimiento m\u00e1s adecuado para cada paciente.<\/p>\t\t\t\t\t\t\t\t<\/div>\n\t\t\t\t<\/div>\n\t\t\t\t\t<\/div>\n\t\t\t\t<\/div>\n\t\t<div class=\"elementor-element elementor-element-91c006e e-flex e-con-boxed e-con e-parent\" data-id=\"91c006e\" data-element_type=\"container\" data-e-type=\"container\" data-settings=\"{&quot;background_background&quot;:&quot;classic&quot;}\">\n\t\t\t\t\t<div class=\"e-con-inner\">\n\t\t<div class=\"elementor-element elementor-element-ec88924 e-con-full e-flex e-con e-child\" data-id=\"ec88924\" data-element_type=\"container\" data-e-type=\"container\">\n\t\t\t\t<div class=\"elementor-element elementor-element-cd9a3b0 elementor-widget elementor-widget-heading\" data-id=\"cd9a3b0\" data-element_type=\"widget\" data-e-type=\"widget\" data-widget_type=\"heading.default\">\n\t\t\t\t\t<h2 class=\"elementor-heading-title elementor-size-default\">En Policl\u00ednica Villasalud ofrecemos atenci\u00f3n especializada para la valoraci\u00f3n y seguimiento de trastornos hormonales, metab\u00f3licos y nutricionales.\n<\/h2>\t\t\t\t<\/div>\n\t\t\t\t<div class=\"elementor-element elementor-element-3c9894c elementor-widget elementor-widget-button\" data-id=\"3c9894c\" data-element_type=\"widget\" data-e-type=\"widget\" data-widget_type=\"button.default\">\n\t\t\t\t\t\t\t\t\t\t<a class=\"elementor-button elementor-button-link elementor-size-sm\" href=\"https:\/\/villasalud.fxdw.dev\/index.php\/contacto\/\">\n\t\t\t\t\t\t<span class=\"elementor-button-content-wrapper\">\n\t\t\t\t\t\t\t\t\t<span class=\"elementor-button-text\">Pide tu cita para una valoraci\u00f3n<\/span>\n\t\t\t\t\t<\/span>\n\t\t\t\t\t<\/a>\n\t\t\t\t\t\t\t\t<\/div>\n\t\t\t\t<\/div>\n\t\t\t\t\t<\/div>\n\t\t\t\t<\/div>\n\t\t<div class=\"elementor-element elementor-element-8764783 e-flex e-con-boxed e-con e-parent\" data-id=\"8764783\" data-element_type=\"container\" data-e-type=\"container\" data-settings=\"{&quot;background_background&quot;:&quot;classic&quot;}\">\n\t\t\t\t\t<div class=\"e-con-inner\">\n\t\t<div class=\"elementor-element elementor-element-8d63ba1 e-con-full e-flex e-con e-child\" data-id=\"8d63ba1\" data-element_type=\"container\" data-e-type=\"container\">\n\t\t\t\t<div class=\"elementor-element elementor-element-252a726 elementor-widget elementor-widget-heading\" data-id=\"252a726\" data-element_type=\"widget\" data-e-type=\"widget\" data-widget_type=\"heading.default\">\n\t\t\t\t\t<h2 class=\"elementor-heading-title elementor-size-default\">Trastornos endocrinos m\u00e1s frecuentes<\/h2>\t\t\t\t<\/div>\n\t\t\t\t<div class=\"elementor-element elementor-element-a12fc6f elementor-widget elementor-widget-text-editor\" data-id=\"a12fc6f\" data-element_type=\"widget\" data-e-type=\"widget\" data-widget_type=\"text-editor.default\">\n\t\t\t\t\t\t\t\t\t<p>Alteraciones hormonales<\/p><p>Trastornos del metabolismo<\/p><p>Problemas relacionados con el peso<\/p><p>Enfermedades de la gl\u00e1ndula tiroides<\/p><p>Problemas nutricionales<\/p>\t\t\t\t\t\t\t\t<\/div>\n\t\t\t\t<\/div>\n\t\t<div class=\"elementor-element elementor-element-09acd9d e-con-full e-flex e-con e-child\" data-id=\"09acd9d\" data-element_type=\"container\" data-e-type=\"container\">\n\t\t\t\t<div class=\"elementor-element elementor-element-e1c8bdb elementor-widget elementor-widget-image\" data-id=\"e1c8bdb\" data-element_type=\"widget\" data-e-type=\"widget\" data-widget_type=\"image.default\">\n\t\t\t\t\t\t\t\t\t\t\t\t\t\t\t<img decoding=\"async\" width=\"1500\" height=\"998\" src=\"https:\/\/policlinicavillasalud.com\/wp-content\/uploads\/2026\/03\/trastorno-endocrino.jpg\" class=\"attachment-full size-full wp-image-764\" alt=\"\" srcset=\"https:\/\/policlinicavillasalud.com\/wp-content\/uploads\/2026\/03\/trastorno-endocrino.jpg 1500w, https:\/\/policlinicavillasalud.com\/wp-content\/uploads\/2026\/03\/trastorno-endocrino-300x200.jpg 300w, https:\/\/policlinicavillasalud.com\/wp-content\/uploads\/2026\/03\/trastorno-endocrino-1024x681.jpg 1024w, https:\/\/policlinicavillasalud.com\/wp-content\/uploads\/2026\/03\/trastorno-endocrino-768x511.jpg 768w\" sizes=\"(max-width: 1500px) 100vw, 1500px\" \/>\t\t\t\t\t\t\t\t\t\t\t\t\t\t\t<\/div>\n\t\t\t\t<\/div>\n\t\t\t\t\t<\/div>\n\t\t\t\t<\/div>\n\t\t<div class=\"elementor-element elementor-element-a9e4738 e-flex e-con-boxed e-con e-parent\" data-id=\"a9e4738\" data-element_type=\"container\" data-e-type=\"container\" data-settings=\"{&quot;background_background&quot;:&quot;classic&quot;}\">\n\t\t\t\t\t<div class=\"e-con-inner\">\n\t\t<div class=\"elementor-element elementor-element-38355c4 e-con-full e-flex e-con e-child\" data-id=\"38355c4\" data-element_type=\"container\" data-e-type=\"container\">\n\t\t\t\t<div class=\"elementor-element elementor-element-d6c5aec elementor-widget elementor-widget-heading\" data-id=\"d6c5aec\" data-element_type=\"widget\" data-e-type=\"widget\" data-widget_type=\"heading.default\">\n\t\t\t\t\t<h2 class=\"elementor-heading-title elementor-size-default\">NUESTRO EQUIPO<\/h2>\t\t\t\t<\/div>\n\t\t\t\t<div class=\"elementor-element elementor-element-100a5b7 elementor-widget elementor-widget-heading\" data-id=\"100a5b7\" data-element_type=\"widget\" data-e-type=\"widget\" data-widget_type=\"heading.default\">\n\t\t\t\t\t<h2 class=\"elementor-heading-title elementor-size-default\">Especialista en endocrinolog\u00eda<\/h2>\t\t\t\t<\/div>\n\t\t\t\t<\/div>\n\t\t<div class=\"elementor-element elementor-element-ac0e0a8 e-con-full e-flex e-con e-child\" data-id=\"ac0e0a8\" data-element_type=\"container\" data-e-type=\"container\" data-settings=\"{&quot;background_background&quot;:&quot;classic&quot;}\">\n\t\t\t\t<div class=\"elementor-element elementor-element-6d0139c elementor-widget elementor-widget-image\" data-id=\"6d0139c\" data-element_type=\"widget\" data-e-type=\"widget\" data-widget_type=\"image.default\">\n\t\t\t\t\t\t\t\t\t\t\t\t\t\t\t<img decoding=\"async\" width=\"769\" height=\"1024\" src=\"https:\/\/policlinicavillasalud.com\/wp-content\/uploads\/2026\/03\/rafael-769x1024.jpg\" class=\"attachment-large size-large wp-image-1734\" alt=\"\" srcset=\"https:\/\/policlinicavillasalud.com\/wp-content\/uploads\/2026\/03\/rafael-769x1024.jpg 769w, https:\/\/policlinicavillasalud.com\/wp-content\/uploads\/2026\/03\/rafael-225x300.jpg 225w, https:\/\/policlinicavillasalud.com\/wp-content\/uploads\/2026\/03\/rafael-768x1023.jpg 768w, https:\/\/policlinicavillasalud.com\/wp-content\/uploads\/2026\/03\/rafael.jpg 1051w\" sizes=\"(max-width: 769px) 100vw, 769px\" \/>\t\t\t\t\t\t\t\t\t\t\t\t\t\t\t<\/div>\n\t\t<div class=\"elementor-element elementor-element-9ed6247 e-con-full e-flex e-con e-child\" data-id=\"9ed6247\" data-element_type=\"container\" data-e-type=\"container\">\n\t\t\t\t<div class=\"elementor-element elementor-element-06fba9a elementor-widget elementor-widget-heading\" data-id=\"06fba9a\" data-element_type=\"widget\" data-e-type=\"widget\" data-widget_type=\"heading.default\">\n\t\t\t\t\t<h2 class=\"elementor-heading-title elementor-size-default\">Dr. Rafael G\u00f3mez Blasco<\/h2>\t\t\t\t<\/div>\n\t\t\t\t<div class=\"elementor-element elementor-element-1868409 elementor-widget elementor-widget-text-editor\" data-id=\"1868409\" data-element_type=\"widget\" data-e-type=\"widget\" data-widget_type=\"text-editor.default\">\n\t\t\t\t\t\t\t\t\t<p>Especialista en endocrinolog\u00eda con experiencia en el diagn\u00f3stico y tratamiento de enfermedades hormonales, trastornos metab\u00f3licos y problemas relacionados con la nutrici\u00f3n.<\/p>\t\t\t\t\t\t\t\t<\/div>\n\t\t\t\t<\/div>\n\t\t\t\t<\/div>\n\t\t\t\t\t<\/div>\n\t\t\t\t<\/div>\n\t\t\t\t<\/div>\n\t\t","protected":false},"excerpt":{"rendered":"<p>Endocrinolog\u00eda La endocrinolog\u00eda es la especialidad m\u00e9dica dedicada al estudio, diagn\u00f3stico y tratamiento de las enfermedades relacionadas con el sistema hormonal y el metabolismo. En Policl\u00ednica Villasalud ofrecemos atenci\u00f3n especializada para la valoraci\u00f3n y seguimiento de distintos trastornos endocrinos que pueden afectar al equilibrio del organismo. ENDOCRINOLOG\u00cdA Atenci\u00f3n endocrinol\u00f3gica El sistema endocrino est\u00e1 formado por [&hellip;]<\/p>\n","protected":false},"author":1,"featured_media":0,"parent":17,"menu_order":0,"comment_status":"closed","ping_status":"closed","template":"elementor_header_footer","meta":{"footnotes":""},"class_list":["post-487","page","type-page","status-publish","hentry"],"_links":{"self":[{"href":"https:\/\/policlinicavillasalud.com\/index.php\/wp-json\/wp\/v2\/pages\/487","targetHints":{"allow":["GET"]}}],"collection":[{"href":"https:\/\/policlinicavillasalud.com\/index.php\/wp-json\/wp\/v2\/pages"}],"about":[{"href":"https:\/\/policlinicavillasalud.com\/index.php\/wp-json\/wp\/v2\/types\/page"}],"author":[{"embeddable":true,"href":"https:\/\/policlinicavillasalud.com\/index.php\/wp-json\/wp\/v2\/users\/1"}],"replies":[{"embeddable":true,"href":"https:\/\/policlinicavillasalud.com\/index.php\/wp-json\/wp\/v2\/comments?post=487"}],"version-history":[{"count":13,"href":"https:\/\/policlinicavillasalud.com\/index.php\/wp-json\/wp\/v2\/pages\/487\/revisions"}],"predecessor-version":[{"id":1793,"href":"https:\/\/policlinicavillasalud.com\/index.php\/wp-json\/wp\/v2\/pages\/487\/revisions\/1793"}],"up":[{"embeddable":true,"href":"https:\/\/policlinicavillasalud.com\/index.php\/wp-json\/wp\/v2\/pages\/17"}],"wp:attachment":[{"href":"https:\/\/policlinicavillasalud.com\/index.php\/wp-json\/wp\/v2\/media?parent=487"}],"curies":[{"name":"wp","href":"https:\/\/api.w.org\/{rel}","templated":true}]}}