{"id":491,"date":"2026-03-13T08:30:17","date_gmt":"2026-03-13T08:30:17","guid":{"rendered":"https:\/\/villasalud.fxdw.dev\/?page_id=491"},"modified":"2026-03-30T10:46:37","modified_gmt":"2026-03-30T10:46:37","slug":"cirugia-general-y-aparato-digestivo","status":"publish","type":"page","link":"https:\/\/policlinicavillasalud.com\/index.php\/especialidades\/cirugia-general-y-aparato-digestivo\/","title":{"rendered":"Cirug\u00eda General y Aparato Digestivo"},"content":{"rendered":"\t\t<div data-elementor-type=\"wp-page\" data-elementor-id=\"491\" class=\"elementor elementor-491\" data-elementor-post-type=\"page\">\n\t\t\t\t<div class=\"elementor-element elementor-element-a4a0805 e-con-full e-flex e-con e-parent\" data-id=\"a4a0805\" data-element_type=\"container\" data-e-type=\"container\" data-settings=\"{&quot;background_background&quot;:&quot;classic&quot;}\">\n\t\t<div class=\"elementor-element elementor-element-91f99a1 e-con-full e-flex e-con e-child\" data-id=\"91f99a1\" data-element_type=\"container\" data-e-type=\"container\">\n\t\t<div class=\"elementor-element elementor-element-f7e2374 e-con-full e-flex e-con e-child\" data-id=\"f7e2374\" data-element_type=\"container\" data-e-type=\"container\">\n\t\t\t\t<div class=\"elementor-element elementor-element-4e05c96 elementor-widget elementor-widget-heading\" data-id=\"4e05c96\" data-element_type=\"widget\" data-e-type=\"widget\" data-widget_type=\"heading.default\">\n\t\t\t\t\t<h2 class=\"elementor-heading-title elementor-size-default\">Cirug\u00eda General y Aparato Digestivo<\/h2>\t\t\t\t<\/div>\n\t\t\t\t<\/div>\n\t\t<div class=\"elementor-element elementor-element-ee727a9 e-con-full e-flex e-con e-child\" data-id=\"ee727a9\" data-element_type=\"container\" data-e-type=\"container\">\n\t\t\t\t<div class=\"elementor-element elementor-element-8b1dd30 elementor-widget__width-initial elementor-widget elementor-widget-text-editor\" data-id=\"8b1dd30\" data-element_type=\"widget\" data-e-type=\"widget\" data-widget_type=\"text-editor.default\">\n\t\t\t\t\t\t\t\t\t<p>La cirug\u00eda general y del aparato digestivo es la <strong>especialidad m\u00e9dica dedicada al estudio y tratamiento de las enfermedades que afectan al sistema digestivo y a diferentes \u00f3rganos abdominales<\/strong>.<\/p><p>En Policl\u00ednica Villasalud ofrecemos atenci\u00f3n especializada para la valoraci\u00f3n, diagn\u00f3stico y seguimiento de patolog\u00edas relacionadas con el aparato digestivo.<\/p>\t\t\t\t\t\t\t\t<\/div>\n\t\t\t\t<\/div>\n\t\t\t\t<\/div>\n\t\t\t\t<div class=\"elementor-element elementor-element-4493650 elementor-widget elementor-widget-image\" data-id=\"4493650\" data-element_type=\"widget\" data-e-type=\"widget\" data-widget_type=\"image.default\">\n\t\t\t\t\t\t\t\t\t\t\t\t\t\t\t<img decoding=\"async\" src=\"https:\/\/policlinicavillasalud.com\/wp-content\/uploads\/2026\/03\/digestivo.webp\" title=\"digestivo\" alt=\"digestivo\" loading=\"lazy\" \/>\t\t\t\t\t\t\t\t\t\t\t\t\t\t\t<\/div>\n\t\t\t\t<\/div>\n\t\t<div class=\"elementor-element elementor-element-ecb14b5 e-flex e-con-boxed e-con e-parent\" data-id=\"ecb14b5\" data-element_type=\"container\" data-e-type=\"container\" data-settings=\"{&quot;background_background&quot;:&quot;classic&quot;}\">\n\t\t\t\t\t<div class=\"e-con-inner\">\n\t\t<div class=\"elementor-element elementor-element-ee23f70 e-con-full e-flex e-con e-child\" data-id=\"ee23f70\" data-element_type=\"container\" data-e-type=\"container\">\n\t\t\t\t<div class=\"elementor-element elementor-element-73d28b2 elementor-widget elementor-widget-heading\" data-id=\"73d28b2\" data-element_type=\"widget\" data-e-type=\"widget\" data-widget_type=\"heading.default\">\n\t\t\t\t\t<h2 class=\"elementor-heading-title elementor-size-default\">cirug\u00eda general y aparato digestivo<\/h2>\t\t\t\t<\/div>\n\t\t\t\t<div class=\"elementor-element elementor-element-0899885 elementor-widget elementor-widget-heading\" data-id=\"0899885\" data-element_type=\"widget\" data-e-type=\"widget\" data-widget_type=\"heading.default\">\n\t\t\t\t\t<h2 class=\"elementor-heading-title elementor-size-default\">Atenci\u00f3n en cirug\u00eda general y digestiva<\/h2>\t\t\t\t<\/div>\n\t\t\t\t<\/div>\n\t\t<div class=\"elementor-element elementor-element-e4f86b0 e-con-full e-flex e-con e-child\" data-id=\"e4f86b0\" data-element_type=\"container\" data-e-type=\"container\">\n\t\t\t\t<div class=\"elementor-element elementor-element-abdb134 elementor-widget elementor-widget-text-editor\" data-id=\"abdb134\" data-element_type=\"widget\" data-e-type=\"widget\" data-widget_type=\"text-editor.default\">\n\t\t\t\t\t\t\t\t\t<p data-start=\"577\" data-end=\"903\">Esta especialidad se centra en el estudio de las enfermedades que afectan al <strong>sistema digestivo, incluyendo \u00f3rganos como el es\u00f3fago, el est\u00f3mago y los intestinos.<\/strong> La valoraci\u00f3n por parte del especialista permite identificar el origen de los s\u00edntomas digestivos y orientar el tratamiento o seguimiento m\u00e1s adecuado en cada caso.<\/p><p data-start=\"905\" data-end=\"1061\">La consulta tambi\u00e9n permite realizar el control y seguimiento de distintas patolog\u00edas digestivas con el objetivo de mejorar la calidad de vida del paciente.<\/p>\t\t\t\t\t\t\t\t<\/div>\n\t\t\t\t<\/div>\n\t\t\t\t\t<\/div>\n\t\t\t\t<\/div>\n\t\t<div class=\"elementor-element elementor-element-6e47064 e-flex e-con-boxed e-con e-parent\" data-id=\"6e47064\" data-element_type=\"container\" data-e-type=\"container\" data-settings=\"{&quot;background_background&quot;:&quot;classic&quot;}\">\n\t\t\t\t\t<div class=\"e-con-inner\">\n\t\t<div class=\"elementor-element elementor-element-edbdef9 e-con-full e-flex e-con e-child\" data-id=\"edbdef9\" data-element_type=\"container\" data-e-type=\"container\">\n\t\t\t\t<div class=\"elementor-element elementor-element-99c89f5 elementor-widget elementor-widget-heading\" data-id=\"99c89f5\" data-element_type=\"widget\" data-e-type=\"widget\" data-widget_type=\"heading.default\">\n\t\t\t\t\t<h2 class=\"elementor-heading-title elementor-size-default\">Patolog\u00edas digestivas m\u00e1s frecuentes<\/h2>\t\t\t\t<\/div>\n\t\t\t\t<div class=\"elementor-element elementor-element-a36cf39 elementor-widget elementor-widget-text-editor\" data-id=\"a36cf39\" data-element_type=\"widget\" data-e-type=\"widget\" data-widget_type=\"text-editor.default\">\n\t\t\t\t\t\t\t\t\t<p>Entre los problemas y enfermedades m\u00e1s habituales que se valoran en esta especialidad se encuentran:<\/p>\t\t\t\t\t\t\t\t<\/div>\n\t\t\t\t<div class=\"elementor-element elementor-element-f0a1930 elementor-widget elementor-widget-text-editor\" data-id=\"f0a1930\" data-element_type=\"widget\" data-e-type=\"widget\" data-widget_type=\"text-editor.default\">\n\t\t\t\t\t\t\t\t\t<p>Trastornos del es\u00f3fago<\/p><p>Problemas digestivos relacionados con el est\u00f3mago<\/p><p>Patolog\u00edas intestinales<\/p><p>Dolor abdominal de origen digestivo<\/p><p>Alteraciones del tr\u00e1nsito intestinal<\/p>\t\t\t\t\t\t\t\t<\/div>\n\t\t\t\t<\/div>\n\t\t<div class=\"elementor-element elementor-element-c67869b e-con-full e-flex e-con e-child\" data-id=\"c67869b\" data-element_type=\"container\" data-e-type=\"container\">\n\t\t\t\t<div class=\"elementor-element elementor-element-57082b9 elementor-widget elementor-widget-image\" data-id=\"57082b9\" data-element_type=\"widget\" data-e-type=\"widget\" data-widget_type=\"image.default\">\n\t\t\t\t\t\t\t\t\t\t\t\t\t\t\t<img fetchpriority=\"high\" decoding=\"async\" width=\"667\" height=\"838\" src=\"https:\/\/policlinicavillasalud.com\/wp-content\/uploads\/2026\/03\/cirugia-e1773402012125.jpg\" class=\"attachment-full size-full wp-image-749\" alt=\"\" srcset=\"https:\/\/policlinicavillasalud.com\/wp-content\/uploads\/2026\/03\/cirugia-e1773402012125.jpg 667w, https:\/\/policlinicavillasalud.com\/wp-content\/uploads\/2026\/03\/cirugia-e1773402012125-239x300.jpg 239w\" sizes=\"(max-width: 667px) 100vw, 667px\" \/>\t\t\t\t\t\t\t\t\t\t\t\t\t\t\t<\/div>\n\t\t\t\t<\/div>\n\t\t\t\t\t<\/div>\n\t\t\t\t<\/div>\n\t\t<div class=\"elementor-element elementor-element-4c786ae e-flex e-con-boxed e-con e-parent\" data-id=\"4c786ae\" data-element_type=\"container\" data-e-type=\"container\" data-settings=\"{&quot;background_background&quot;:&quot;classic&quot;}\">\n\t\t\t\t\t<div class=\"e-con-inner\">\n\t\t<div class=\"elementor-element elementor-element-23eedfa e-con-full e-flex e-con e-child\" data-id=\"23eedfa\" data-element_type=\"container\" data-e-type=\"container\">\n\t\t\t\t<div class=\"elementor-element elementor-element-4bd8124 elementor-widget elementor-widget-heading\" data-id=\"4bd8124\" data-element_type=\"widget\" data-e-type=\"widget\" data-widget_type=\"heading.default\">\n\t\t\t\t\t<h2 class=\"elementor-heading-title elementor-size-default\">NUESTRO EQUIPO<\/h2>\t\t\t\t<\/div>\n\t\t\t\t<div class=\"elementor-element elementor-element-f0dd7e8 elementor-widget elementor-widget-heading\" data-id=\"f0dd7e8\" data-element_type=\"widget\" data-e-type=\"widget\" data-widget_type=\"heading.default\">\n\t\t\t\t\t<h2 class=\"elementor-heading-title elementor-size-default\">Especialista en cirug\u00eda general y aparato digestivo<\/h2>\t\t\t\t<\/div>\n\t\t\t\t<\/div>\n\t\t<div class=\"elementor-element elementor-element-54e32ea e-con-full e-flex e-con e-child\" data-id=\"54e32ea\" data-element_type=\"container\" data-e-type=\"container\" data-settings=\"{&quot;background_background&quot;:&quot;classic&quot;}\">\n\t\t<div class=\"elementor-element elementor-element-c9de135 e-con-full e-flex e-con e-child\" data-id=\"c9de135\" data-element_type=\"container\" data-e-type=\"container\">\n\t\t\t\t<div class=\"elementor-element elementor-element-e2b9f32 elementor-widget elementor-widget-heading\" data-id=\"e2b9f32\" data-element_type=\"widget\" data-e-type=\"widget\" data-widget_type=\"heading.default\">\n\t\t\t\t\t<h2 class=\"elementor-heading-title elementor-size-default\">Dr. Roberto Rodr\u00edguez Fern\u00e1ndez<\/h2>\t\t\t\t<\/div>\n\t\t\t\t<div class=\"elementor-element elementor-element-9dd5dbc elementor-widget elementor-widget-text-editor\" data-id=\"9dd5dbc\" data-element_type=\"widget\" data-e-type=\"widget\" data-widget_type=\"text-editor.default\">\n\t\t\t\t\t\t\t\t\t<p>Especialista en cirug\u00eda general y aparato digestivo con experiencia en el diagn\u00f3stico y seguimiento de enfermedades del sistema digestivo, incluyendo el es\u00f3fago, el est\u00f3mago y los intestinos.<\/p>\t\t\t\t\t\t\t\t<\/div>\n\t\t\t\t<\/div>\n\t\t\t\t<\/div>\n\t\t\t\t\t<\/div>\n\t\t\t\t<\/div>\n\t\t\t\t<\/div>\n\t\t","protected":false},"excerpt":{"rendered":"<p>Cirug\u00eda General y Aparato Digestivo La cirug\u00eda general y del aparato digestivo es la especialidad m\u00e9dica dedicada al estudio y tratamiento de las enfermedades que afectan al sistema digestivo y a diferentes \u00f3rganos abdominales. En Policl\u00ednica Villasalud ofrecemos atenci\u00f3n especializada para la valoraci\u00f3n, diagn\u00f3stico y seguimiento de patolog\u00edas relacionadas con el aparato digestivo. cirug\u00eda general [&hellip;]<\/p>\n","protected":false},"author":1,"featured_media":0,"parent":17,"menu_order":0,"comment_status":"closed","ping_status":"closed","template":"elementor_header_footer","meta":{"footnotes":""},"class_list":["post-491","page","type-page","status-publish","hentry"],"_links":{"self":[{"href":"https:\/\/policlinicavillasalud.com\/index.php\/wp-json\/wp\/v2\/pages\/491","targetHints":{"allow":["GET"]}}],"collection":[{"href":"https:\/\/policlinicavillasalud.com\/index.php\/wp-json\/wp\/v2\/pages"}],"about":[{"href":"https:\/\/policlinicavillasalud.com\/index.php\/wp-json\/wp\/v2\/types\/page"}],"author":[{"embeddable":true,"href":"https:\/\/policlinicavillasalud.com\/index.php\/wp-json\/wp\/v2\/users\/1"}],"replies":[{"embeddable":true,"href":"https:\/\/policlinicavillasalud.com\/index.php\/wp-json\/wp\/v2\/comments?post=491"}],"version-history":[{"count":19,"href":"https:\/\/policlinicavillasalud.com\/index.php\/wp-json\/wp\/v2\/pages\/491\/revisions"}],"predecessor-version":[{"id":1787,"href":"https:\/\/policlinicavillasalud.com\/index.php\/wp-json\/wp\/v2\/pages\/491\/revisions\/1787"}],"up":[{"embeddable":true,"href":"https:\/\/policlinicavillasalud.com\/index.php\/wp-json\/wp\/v2\/pages\/17"}],"wp:attachment":[{"href":"https:\/\/policlinicavillasalud.com\/index.php\/wp-json\/wp\/v2\/media?parent=491"}],"curies":[{"name":"wp","href":"https:\/\/api.w.org\/{rel}","templated":true}]}}