{"id":493,"date":"2026-03-13T08:30:37","date_gmt":"2026-03-13T08:30:37","guid":{"rendered":"https:\/\/villasalud.fxdw.dev\/?page_id=493"},"modified":"2026-03-30T10:58:14","modified_gmt":"2026-03-30T10:58:14","slug":"medicina-general","status":"publish","type":"page","link":"https:\/\/policlinicavillasalud.com\/index.php\/especialidades\/medicina-general\/","title":{"rendered":"Medicina General"},"content":{"rendered":"\t\t<div data-elementor-type=\"wp-page\" data-elementor-id=\"493\" class=\"elementor elementor-493\" data-elementor-post-type=\"page\">\n\t\t\t\t<div class=\"elementor-element elementor-element-0042490 e-con-full e-flex e-con e-parent\" data-id=\"0042490\" data-element_type=\"container\" data-e-type=\"container\" data-settings=\"{&quot;background_background&quot;:&quot;classic&quot;}\">\n\t\t<div class=\"elementor-element elementor-element-9f5d216 e-con-full e-flex e-con e-child\" data-id=\"9f5d216\" data-element_type=\"container\" data-e-type=\"container\">\n\t\t<div class=\"elementor-element elementor-element-d945192 e-con-full e-flex e-con e-child\" data-id=\"d945192\" data-element_type=\"container\" data-e-type=\"container\">\n\t\t\t\t<div class=\"elementor-element elementor-element-eaaad89 elementor-widget elementor-widget-heading\" data-id=\"eaaad89\" data-element_type=\"widget\" data-e-type=\"widget\" data-widget_type=\"heading.default\">\n\t\t\t\t\t<h2 class=\"elementor-heading-title elementor-size-default\">Medicina General<\/h2>\t\t\t\t<\/div>\n\t\t\t\t<\/div>\n\t\t<div class=\"elementor-element elementor-element-c041c86 e-con-full e-flex e-con e-child\" data-id=\"c041c86\" data-element_type=\"container\" data-e-type=\"container\">\n\t\t\t\t<div class=\"elementor-element elementor-element-0a10d70 elementor-widget__width-initial elementor-widget elementor-widget-text-editor\" data-id=\"0a10d70\" data-element_type=\"widget\" data-e-type=\"widget\" data-widget_type=\"text-editor.default\">\n\t\t\t\t\t\t\t\t\t<p>La medicina general es la especialidad m\u00e9dica encargada de la atenci\u00f3n primaria y del seguimiento de la salud de los pacientes. En Policl\u00ednica Villasalud ofrecemos atenci\u00f3n m\u00e9dica general para la valoraci\u00f3n de diferentes s\u00edntomas, el control de enfermedades y la orientaci\u00f3n hacia el especialista adecuado cuando es necesario.<\/p>\t\t\t\t\t\t\t\t<\/div>\n\t\t\t\t<\/div>\n\t\t\t\t<\/div>\n\t\t\t\t<div class=\"elementor-element elementor-element-fc1c46f elementor-widget elementor-widget-image\" data-id=\"fc1c46f\" data-element_type=\"widget\" data-e-type=\"widget\" data-widget_type=\"image.default\">\n\t\t\t\t\t\t\t\t\t\t\t\t\t\t\t<img decoding=\"async\" src=\"https:\/\/policlinicavillasalud.com\/wp-content\/uploads\/2026\/03\/medicinageneral.jpg\" title=\"medicinageneral\" alt=\"medicinageneral\" loading=\"lazy\" \/>\t\t\t\t\t\t\t\t\t\t\t\t\t\t\t<\/div>\n\t\t\t\t<\/div>\n\t\t<div class=\"elementor-element elementor-element-78e6001 e-flex e-con-boxed e-con e-parent\" data-id=\"78e6001\" data-element_type=\"container\" data-e-type=\"container\" data-settings=\"{&quot;background_background&quot;:&quot;classic&quot;}\">\n\t\t\t\t\t<div class=\"e-con-inner\">\n\t\t<div class=\"elementor-element elementor-element-4f2a570 e-con-full e-flex e-con e-child\" data-id=\"4f2a570\" data-element_type=\"container\" data-e-type=\"container\">\n\t\t\t\t<div class=\"elementor-element elementor-element-ed2dd1f elementor-widget elementor-widget-heading\" data-id=\"ed2dd1f\" data-element_type=\"widget\" data-e-type=\"widget\" data-widget_type=\"heading.default\">\n\t\t\t\t\t<h2 class=\"elementor-heading-title elementor-size-default\">MEDICINA GENERAL<\/h2>\t\t\t\t<\/div>\n\t\t\t\t<div class=\"elementor-element elementor-element-1981c06 elementor-widget elementor-widget-heading\" data-id=\"1981c06\" data-element_type=\"widget\" data-e-type=\"widget\" data-widget_type=\"heading.default\">\n\t\t\t\t\t<h2 class=\"elementor-heading-title elementor-size-default\">Atenci\u00f3n en medicina general<\/h2>\t\t\t\t<\/div>\n\t\t\t\t<\/div>\n\t\t<div class=\"elementor-element elementor-element-f88e80e e-con-full e-flex e-con e-child\" data-id=\"f88e80e\" data-element_type=\"container\" data-e-type=\"container\">\n\t\t\t\t<div class=\"elementor-element elementor-element-b3a403d elementor-widget elementor-widget-text-editor\" data-id=\"b3a403d\" data-element_type=\"widget\" data-e-type=\"widget\" data-widget_type=\"text-editor.default\">\n\t\t\t\t\t\t\t\t\t<p data-start=\"561\" data-end=\"844\">La consulta de medicina general es, en muchos casos, el primer punto de contacto con el sistema sanitario. El m\u00e9dico general realiza una valoraci\u00f3n global del estado de salud del paciente, analiza los s\u00edntomas y orienta el diagn\u00f3stico o el tratamiento m\u00e1s adecuado en cada situaci\u00f3n.<\/p><p data-start=\"846\" data-end=\"1034\">Adem\u00e1s del tratamiento de diferentes problemas de salud, la medicina general tambi\u00e9n desempe\u00f1a un papel fundamental en la prevenci\u00f3n, el control peri\u00f3dico y el seguimiento de enfermedades.<\/p>\t\t\t\t\t\t\t\t<\/div>\n\t\t\t\t<\/div>\n\t\t\t\t\t<\/div>\n\t\t\t\t<\/div>\n\t\t<div class=\"elementor-element elementor-element-fe5e931 e-flex e-con-boxed e-con e-parent\" data-id=\"fe5e931\" data-element_type=\"container\" data-e-type=\"container\" data-settings=\"{&quot;background_background&quot;:&quot;classic&quot;}\">\n\t\t\t\t\t<div class=\"e-con-inner\">\n\t\t<div class=\"elementor-element elementor-element-5947743 e-con-full e-flex e-con e-child\" data-id=\"5947743\" data-element_type=\"container\" data-e-type=\"container\">\n\t\t\t\t<div class=\"elementor-element elementor-element-16eff6e elementor-widget elementor-widget-heading\" data-id=\"16eff6e\" data-element_type=\"widget\" data-e-type=\"widget\" data-widget_type=\"heading.default\">\n\t\t\t\t\t<h2 class=\"elementor-heading-title elementor-size-default\">Motivos de consulta habituales<\/h2>\t\t\t\t<\/div>\n\t\t\t\t<div class=\"elementor-element elementor-element-24b16e0 elementor-widget elementor-widget-text-editor\" data-id=\"24b16e0\" data-element_type=\"widget\" data-e-type=\"widget\" data-widget_type=\"text-editor.default\">\n\t\t\t\t\t\t\t\t\t<p>Valoraci\u00f3n de s\u00edntomas generales<\/p><p>Infecciones comunes<\/p><p>Control y seguimiento de enfermedades<\/p><p>Revisi\u00f3n del estado general de salud<\/p><p>Orientaci\u00f3n y derivaci\u00f3n a especialistas cuando es necesario<\/p>\t\t\t\t\t\t\t\t<\/div>\n\t\t\t\t<\/div>\n\t\t<div class=\"elementor-element elementor-element-509c617 e-con-full e-flex e-con e-child\" data-id=\"509c617\" data-element_type=\"container\" data-e-type=\"container\">\n\t\t\t\t<div class=\"elementor-element elementor-element-2588728 elementor-widget elementor-widget-image\" data-id=\"2588728\" data-element_type=\"widget\" data-e-type=\"widget\" data-widget_type=\"image.default\">\n\t\t\t\t\t\t\t\t\t\t\t\t\t\t\t<img fetchpriority=\"high\" decoding=\"async\" width=\"1000\" height=\"1500\" src=\"https:\/\/policlinicavillasalud.com\/wp-content\/uploads\/2026\/03\/medicogeneral.jpg\" class=\"attachment-full size-full wp-image-964\" alt=\"\" srcset=\"https:\/\/policlinicavillasalud.com\/wp-content\/uploads\/2026\/03\/medicogeneral.jpg 1000w, https:\/\/policlinicavillasalud.com\/wp-content\/uploads\/2026\/03\/medicogeneral-200x300.jpg 200w, https:\/\/policlinicavillasalud.com\/wp-content\/uploads\/2026\/03\/medicogeneral-683x1024.jpg 683w, https:\/\/policlinicavillasalud.com\/wp-content\/uploads\/2026\/03\/medicogeneral-768x1152.jpg 768w\" sizes=\"(max-width: 1000px) 100vw, 1000px\" \/>\t\t\t\t\t\t\t\t\t\t\t\t\t\t\t<\/div>\n\t\t\t\t<\/div>\n\t\t\t\t\t<\/div>\n\t\t\t\t<\/div>\n\t\t<div class=\"elementor-element elementor-element-1b15c82 e-flex e-con-boxed e-con e-parent\" data-id=\"1b15c82\" data-element_type=\"container\" data-e-type=\"container\" data-settings=\"{&quot;background_background&quot;:&quot;classic&quot;}\">\n\t\t\t\t\t<div class=\"e-con-inner\">\n\t\t<div class=\"elementor-element elementor-element-1dd028e e-con-full e-flex e-con e-child\" data-id=\"1dd028e\" data-element_type=\"container\" data-e-type=\"container\">\n\t\t\t\t<div class=\"elementor-element elementor-element-1a04bef elementor-widget elementor-widget-heading\" data-id=\"1a04bef\" data-element_type=\"widget\" data-e-type=\"widget\" data-widget_type=\"heading.default\">\n\t\t\t\t\t<h2 class=\"elementor-heading-title elementor-size-default\">En Policl\u00ednica Villasalud ofrecemos una atenci\u00f3n m\u00e9dica centrada en el paciente, basada en la cercan\u00eda, la escucha y la valoraci\u00f3n individual de cada caso. \n\nNuestro objetivo es acompa\u00f1ar al paciente en el cuidado de su salud y ofrecer una atenci\u00f3n m\u00e9dica rigurosa y de confianza.\n<\/h2>\t\t\t\t<\/div>\n\t\t\t\t<div class=\"elementor-element elementor-element-74c5d7f elementor-widget elementor-widget-button\" data-id=\"74c5d7f\" data-element_type=\"widget\" data-e-type=\"widget\" data-widget_type=\"button.default\">\n\t\t\t\t\t\t\t\t\t\t<a class=\"elementor-button elementor-button-link elementor-size-sm\" href=\"https:\/\/villasalud.fxdw.dev\/index.php\/contacto\/\">\n\t\t\t\t\t\t<span class=\"elementor-button-content-wrapper\">\n\t\t\t\t\t\t\t\t\t<span class=\"elementor-button-text\">Pide tu cita<\/span>\n\t\t\t\t\t<\/span>\n\t\t\t\t\t<\/a>\n\t\t\t\t\t\t\t\t<\/div>\n\t\t\t\t<\/div>\n\t\t\t\t\t<\/div>\n\t\t\t\t<\/div>\n\t\t<div class=\"elementor-element elementor-element-b9afed8 e-flex e-con-boxed e-con e-parent\" data-id=\"b9afed8\" data-element_type=\"container\" data-e-type=\"container\" data-settings=\"{&quot;background_background&quot;:&quot;classic&quot;}\">\n\t\t\t\t\t<div class=\"e-con-inner\">\n\t\t<div class=\"elementor-element elementor-element-b9a8161 e-con-full e-flex e-con e-child\" data-id=\"b9a8161\" data-element_type=\"container\" data-e-type=\"container\">\n\t\t\t\t<div class=\"elementor-element elementor-element-bc4d79b elementor-widget elementor-widget-heading\" data-id=\"bc4d79b\" data-element_type=\"widget\" data-e-type=\"widget\" data-widget_type=\"heading.default\">\n\t\t\t\t\t<h2 class=\"elementor-heading-title elementor-size-default\">NUESTRO EQUIPO<\/h2>\t\t\t\t<\/div>\n\t\t\t\t<div class=\"elementor-element elementor-element-f34c912 elementor-widget elementor-widget-heading\" data-id=\"f34c912\" data-element_type=\"widget\" data-e-type=\"widget\" data-widget_type=\"heading.default\">\n\t\t\t\t\t<h2 class=\"elementor-heading-title elementor-size-default\">Especialistas en Medicina General<\/h2>\t\t\t\t<\/div>\n\t\t\t\t<div class=\"elementor-element elementor-element-6eab8d3 elementor-widget elementor-widget-text-editor\" data-id=\"6eab8d3\" data-element_type=\"widget\" data-e-type=\"widget\" data-widget_type=\"text-editor.default\">\n\t\t\t\t\t\t\t\t\t<p data-start=\"248\" data-end=\"513\">En Policl\u00ednica Villasalud contamos con profesionales de medicina general con una s\u00f3lida experiencia en el cuidado de la salud de nuestros pacientes. Su enfoque centrado en el bienestar integral permite ofrecer una atenci\u00f3n m\u00e9dica completa y adaptada a cada persona.<\/p><p data-start=\"515\" data-end=\"566\">La consulta de medicina general se caracteriza por:<\/p><p data-start=\"568\" data-end=\"751\"><strong data-start=\"568\" data-end=\"594\">Atenci\u00f3n personalizada<\/strong><\/p><p data-start=\"753\" data-end=\"965\"><strong data-start=\"753\" data-end=\"784\">Visi\u00f3n integral de la salud<\/strong><\/p><p data-start=\"967\" data-end=\"1123\"><strong data-start=\"967\" data-end=\"989\">Cercan\u00eda y empat\u00eda<\/strong><\/p><p data-start=\"1125\" data-end=\"1315\">El compromiso con una atenci\u00f3n rigurosa, cercana y de calidad es uno de los pilares de la pr\u00e1ctica m\u00e9dica en Policl\u00ednica Villasalud, ofreciendo un cuidado integral para pacientes y familias.<\/p>\t\t\t\t\t\t\t\t<\/div>\n\t\t\t\t<\/div>\n\t\t<div class=\"elementor-element elementor-element-0c3762f e-con-full e-flex e-con e-child\" data-id=\"0c3762f\" data-element_type=\"container\" data-e-type=\"container\" data-settings=\"{&quot;background_background&quot;:&quot;classic&quot;}\">\n\t\t\t\t<div class=\"elementor-element elementor-element-6e2063e elementor-widget elementor-widget-heading\" data-id=\"6e2063e\" data-element_type=\"widget\" data-e-type=\"widget\" data-widget_type=\"heading.default\">\n\t\t\t\t\t<h2 class=\"elementor-heading-title elementor-size-default\">Dr. Manuel S\u00e1nchez Dur\u00e1n<\/h2>\t\t\t\t<\/div>\n\t\t\t\t<\/div>\n\t\t<div class=\"elementor-element elementor-element-e1ba363 e-con-full e-flex e-con e-child\" data-id=\"e1ba363\" data-element_type=\"container\" data-e-type=\"container\" data-settings=\"{&quot;background_background&quot;:&quot;classic&quot;}\">\n\t\t\t\t<div class=\"elementor-element elementor-element-81c9239 elementor-widget elementor-widget-heading\" data-id=\"81c9239\" data-element_type=\"widget\" data-e-type=\"widget\" data-widget_type=\"heading.default\">\n\t\t\t\t\t<h2 class=\"elementor-heading-title elementor-size-default\">Dr. Abbad Dwaidari Dwaidari<\/h2>\t\t\t\t<\/div>\n\t\t\t\t<\/div>\n\t\t\t\t\t<\/div>\n\t\t\t\t<\/div>\n\t\t\t\t<\/div>\n\t\t","protected":false},"excerpt":{"rendered":"<p>Medicina General La medicina general es la especialidad m\u00e9dica encargada de la atenci\u00f3n primaria y del seguimiento de la salud de los pacientes. En Policl\u00ednica Villasalud ofrecemos atenci\u00f3n m\u00e9dica general para la valoraci\u00f3n de diferentes s\u00edntomas, el control de enfermedades y la orientaci\u00f3n hacia el especialista adecuado cuando es necesario. MEDICINA GENERAL Atenci\u00f3n en medicina [&hellip;]<\/p>\n","protected":false},"author":1,"featured_media":0,"parent":17,"menu_order":0,"comment_status":"closed","ping_status":"closed","template":"elementor_header_footer","meta":{"footnotes":""},"class_list":["post-493","page","type-page","status-publish","hentry"],"_links":{"self":[{"href":"https:\/\/policlinicavillasalud.com\/index.php\/wp-json\/wp\/v2\/pages\/493","targetHints":{"allow":["GET"]}}],"collection":[{"href":"https:\/\/policlinicavillasalud.com\/index.php\/wp-json\/wp\/v2\/pages"}],"about":[{"href":"https:\/\/policlinicavillasalud.com\/index.php\/wp-json\/wp\/v2\/types\/page"}],"author":[{"embeddable":true,"href":"https:\/\/policlinicavillasalud.com\/index.php\/wp-json\/wp\/v2\/users\/1"}],"replies":[{"embeddable":true,"href":"https:\/\/policlinicavillasalud.com\/index.php\/wp-json\/wp\/v2\/comments?post=493"}],"version-history":[{"count":19,"href":"https:\/\/policlinicavillasalud.com\/index.php\/wp-json\/wp\/v2\/pages\/493\/revisions"}],"predecessor-version":[{"id":1802,"href":"https:\/\/policlinicavillasalud.com\/index.php\/wp-json\/wp\/v2\/pages\/493\/revisions\/1802"}],"up":[{"embeddable":true,"href":"https:\/\/policlinicavillasalud.com\/index.php\/wp-json\/wp\/v2\/pages\/17"}],"wp:attachment":[{"href":"https:\/\/policlinicavillasalud.com\/index.php\/wp-json\/wp\/v2\/media?parent=493"}],"curies":[{"name":"wp","href":"https:\/\/api.w.org\/{rel}","templated":true}]}}