{"id":497,"date":"2026-03-13T08:31:49","date_gmt":"2026-03-13T08:31:49","guid":{"rendered":"https:\/\/villasalud.fxdw.dev\/?page_id=497"},"modified":"2026-04-09T08:32:54","modified_gmt":"2026-04-09T08:32:54","slug":"odontologia","status":"publish","type":"page","link":"https:\/\/policlinicavillasalud.com\/index.php\/especialidades\/odontologia\/","title":{"rendered":"Odontolog\u00eda"},"content":{"rendered":"\t\t<div data-elementor-type=\"wp-page\" data-elementor-id=\"497\" class=\"elementor elementor-497\" data-elementor-post-type=\"page\">\n\t\t\t\t<div class=\"elementor-element elementor-element-cfb6148 e-con-full e-flex e-con e-parent\" data-id=\"cfb6148\" data-element_type=\"container\" data-e-type=\"container\" data-settings=\"{&quot;background_background&quot;:&quot;classic&quot;}\">\n\t\t<div class=\"elementor-element elementor-element-922d2b8 e-con-full e-flex e-con e-child\" data-id=\"922d2b8\" data-element_type=\"container\" data-e-type=\"container\">\n\t\t<div class=\"elementor-element elementor-element-7bf8610 e-con-full e-flex e-con e-child\" data-id=\"7bf8610\" data-element_type=\"container\" data-e-type=\"container\">\n\t\t\t\t<div class=\"elementor-element elementor-element-220576e elementor-widget elementor-widget-heading\" data-id=\"220576e\" data-element_type=\"widget\" data-e-type=\"widget\" data-widget_type=\"heading.default\">\n\t\t\t\t\t<h2 class=\"elementor-heading-title elementor-size-default\">Odontolog\u00eda<\/h2>\t\t\t\t<\/div>\n\t\t\t\t<\/div>\n\t\t<div class=\"elementor-element elementor-element-cb8e770 e-con-full e-flex e-con e-child\" data-id=\"cb8e770\" data-element_type=\"container\" data-e-type=\"container\">\n\t\t\t\t<div class=\"elementor-element elementor-element-2c0e4b1 elementor-widget__width-initial elementor-widget elementor-widget-text-editor\" data-id=\"2c0e4b1\" data-element_type=\"widget\" data-e-type=\"widget\" data-widget_type=\"text-editor.default\">\n\t\t\t\t\t\t\t\t\t<p>La odontolog\u00eda es la <strong>especialidad dedicada al cuidado de la salud bucodental<\/strong>, incluyendo la prevenci\u00f3n, diagn\u00f3stico y tratamiento de las enfermedades que afectan a dientes, enc\u00edas y estructuras de la cavidad oral.<\/p><p>En Policl\u00ednica Villasalud contamos con un equipo de odont\u00f3logos especializados comprometidos con el cuidado integral de la salud dental de nuestros pacientes.<\/p>\t\t\t\t\t\t\t\t<\/div>\n\t\t\t\t<\/div>\n\t\t\t\t<\/div>\n\t\t\t\t<div class=\"elementor-element elementor-element-e022c4e elementor-widget elementor-widget-image\" data-id=\"e022c4e\" data-element_type=\"widget\" data-e-type=\"widget\" data-widget_type=\"image.default\">\n\t\t\t\t\t\t\t\t\t\t\t\t\t\t\t<img decoding=\"async\" src=\"https:\/\/policlinicavillasalud.com\/wp-content\/uploads\/2026\/03\/odontologia3.jpg\" title=\"odontolog\u00eda3\" alt=\"odontolog\u00eda3\" loading=\"lazy\" \/>\t\t\t\t\t\t\t\t\t\t\t\t\t\t\t<\/div>\n\t\t\t\t<\/div>\n\t\t<div class=\"elementor-element elementor-element-787d693 e-flex e-con-boxed e-con e-parent\" data-id=\"787d693\" data-element_type=\"container\" data-e-type=\"container\" data-settings=\"{&quot;background_background&quot;:&quot;classic&quot;}\">\n\t\t\t\t\t<div class=\"e-con-inner\">\n\t\t<div class=\"elementor-element elementor-element-d69ebda e-con-full e-flex e-con e-child\" data-id=\"d69ebda\" data-element_type=\"container\" data-e-type=\"container\">\n\t\t\t\t<div class=\"elementor-element elementor-element-febedf8 elementor-widget elementor-widget-heading\" data-id=\"febedf8\" data-element_type=\"widget\" data-e-type=\"widget\" data-widget_type=\"heading.default\">\n\t\t\t\t\t<h2 class=\"elementor-heading-title elementor-size-default\">ODONTOLOG\u00cdA<\/h2>\t\t\t\t<\/div>\n\t\t\t\t<div class=\"elementor-element elementor-element-523783a elementor-widget elementor-widget-heading\" data-id=\"523783a\" data-element_type=\"widget\" data-e-type=\"widget\" data-widget_type=\"heading.default\">\n\t\t\t\t\t<h2 class=\"elementor-heading-title elementor-size-default\">Atenci\u00f3n odontol\u00f3gica especializada<\/h2>\t\t\t\t<\/div>\n\t\t\t\t<\/div>\n\t\t<div class=\"elementor-element elementor-element-15b869e e-con-full e-flex e-con e-child\" data-id=\"15b869e\" data-element_type=\"container\" data-e-type=\"container\">\n\t\t\t\t<div class=\"elementor-element elementor-element-0e27da9 elementor-widget elementor-widget-text-editor\" data-id=\"0e27da9\" data-element_type=\"widget\" data-e-type=\"widget\" data-widget_type=\"text-editor.default\">\n\t\t\t\t\t\t\t\t\t<p data-start=\"789\" data-end=\"1073\">En nuestra consulta de odontolog\u00eda ofrecemos diferentes tratamientos orientados a la prevenci\u00f3n, el cuidado y la restauraci\u00f3n de la salud bucodental. Nuestro equipo m\u00e9dico trabaja con un enfoque personalizado, adaptando cada tratamiento a las necesidades espec\u00edficas de cada paciente.<\/p><p data-start=\"1075\" data-end=\"1249\">Gracias a la experiencia y especializaci\u00f3n de nuestros profesionales, podemos abordar distintas \u00e1reas de la odontolog\u00eda para ofrecer una atenci\u00f3n completa en un mismo centro.<\/p>\t\t\t\t\t\t\t\t<\/div>\n\t\t\t\t<\/div>\n\t\t\t\t\t<\/div>\n\t\t\t\t<\/div>\n\t\t<div class=\"elementor-element elementor-element-0cd385b e-con-full e-flex e-con e-parent\" data-id=\"0cd385b\" data-element_type=\"container\" data-e-type=\"container\" data-settings=\"{&quot;background_background&quot;:&quot;classic&quot;}\">\n\t\t<div class=\"elementor-element elementor-element-feefc55 e-con-full e-flex e-con e-child\" data-id=\"feefc55\" data-element_type=\"container\" data-e-type=\"container\">\n\t\t\t\t<div class=\"elementor-element elementor-element-0c411a2 elementor-widget elementor-widget-heading\" data-id=\"0c411a2\" data-element_type=\"widget\" data-e-type=\"widget\" data-widget_type=\"heading.default\">\n\t\t\t\t\t<h2 class=\"elementor-heading-title elementor-size-default\">Tratamientos y \u00e1reas de atenci\u00f3n<\/h2>\t\t\t\t<\/div>\n\t\t\t\t<div class=\"elementor-element elementor-element-3c28dfb elementor-widget__width-initial elementor-widget elementor-widget-text-editor\" data-id=\"3c28dfb\" data-element_type=\"widget\" data-e-type=\"widget\" data-widget_type=\"text-editor.default\">\n\t\t\t\t\t\t\t\t\t<p>Entre los tratamientos m\u00e1s habituales que se realizan en la consulta de odontolog\u00eda se encuentran:<\/p>\t\t\t\t\t\t\t\t<\/div>\n\t\t\t\t<div class=\"elementor-element elementor-element-25100be elementor-widget elementor-widget-text-editor\" data-id=\"25100be\" data-element_type=\"widget\" data-e-type=\"widget\" data-widget_type=\"text-editor.default\">\n\t\t\t\t\t\t\t\t\t<p>Ortodoncia para la correcci\u00f3n de la alineaci\u00f3n dental<\/p><p>Odontopediatr\u00eda para el cuidado bucodental infantil<\/p><p>Implantolog\u00eda dental para la reposici\u00f3n de piezas perdidas<\/p><p>Cirug\u00eda dental para el tratamiento de diferentes patolog\u00edas bucales<\/p><p>Endodoncia para el tratamiento de problemas en la ra\u00edz del diente<\/p><p>Periodoncia para el cuidado y tratamiento de las enc\u00edas<\/p><p>Prostodoncia para la restauraci\u00f3n y reemplazo de dientes<\/p><p>Tratamientos de est\u00e9tica dental para mejorar la apariencia de la sonrisa<\/p>\t\t\t\t\t\t\t\t<\/div>\n\t\t\t\t<\/div>\n\t\t<div class=\"elementor-element elementor-element-d3f49ba e-con-full e-flex e-con e-child\" data-id=\"d3f49ba\" data-element_type=\"container\" data-e-type=\"container\">\n\t\t\t\t<div class=\"elementor-element elementor-element-99042b3 elementor-widget elementor-widget-image\" data-id=\"99042b3\" data-element_type=\"widget\" data-e-type=\"widget\" data-widget_type=\"image.default\">\n\t\t\t\t\t\t\t\t\t\t\t\t\t\t\t<img fetchpriority=\"high\" decoding=\"async\" width=\"1333\" height=\"2000\" src=\"https:\/\/policlinicavillasalud.com\/wp-content\/uploads\/2026\/03\/ODONTOLOGIA-1.jpg\" class=\"attachment-full size-full wp-image-983\" alt=\"\" srcset=\"https:\/\/policlinicavillasalud.com\/wp-content\/uploads\/2026\/03\/ODONTOLOGIA-1.jpg 1333w, https:\/\/policlinicavillasalud.com\/wp-content\/uploads\/2026\/03\/ODONTOLOGIA-1-200x300.jpg 200w, https:\/\/policlinicavillasalud.com\/wp-content\/uploads\/2026\/03\/ODONTOLOGIA-1-682x1024.jpg 682w, https:\/\/policlinicavillasalud.com\/wp-content\/uploads\/2026\/03\/ODONTOLOGIA-1-768x1152.jpg 768w, https:\/\/policlinicavillasalud.com\/wp-content\/uploads\/2026\/03\/ODONTOLOGIA-1-1024x1536.jpg 1024w\" sizes=\"(max-width: 1333px) 100vw, 1333px\" \/>\t\t\t\t\t\t\t\t\t\t\t\t\t\t\t<\/div>\n\t\t\t\t<\/div>\n\t\t\t\t<\/div>\n\t\t<div class=\"elementor-element elementor-element-9378c7f e-flex e-con-boxed e-con e-parent\" data-id=\"9378c7f\" data-element_type=\"container\" data-e-type=\"container\" data-settings=\"{&quot;background_background&quot;:&quot;classic&quot;}\">\n\t\t\t\t\t<div class=\"e-con-inner\">\n\t\t\t\t<div class=\"elementor-element elementor-element-8895936 elementor-widget elementor-widget-image\" data-id=\"8895936\" data-element_type=\"widget\" data-e-type=\"widget\" data-widget_type=\"image.default\">\n\t\t\t\t\t\t\t\t\t\t\t\t\t\t\t<img decoding=\"async\" width=\"1000\" height=\"667\" src=\"https:\/\/policlinicavillasalud.com\/wp-content\/uploads\/2026\/03\/clinica.jpg\" class=\"attachment-full size-full wp-image-1003\" alt=\"\" srcset=\"https:\/\/policlinicavillasalud.com\/wp-content\/uploads\/2026\/03\/clinica.jpg 1000w, https:\/\/policlinicavillasalud.com\/wp-content\/uploads\/2026\/03\/clinica-300x200.jpg 300w, https:\/\/policlinicavillasalud.com\/wp-content\/uploads\/2026\/03\/clinica-768x512.jpg 768w\" sizes=\"(max-width: 1000px) 100vw, 1000px\" \/>\t\t\t\t\t\t\t\t\t\t\t\t\t\t\t<\/div>\n\t\t\t\t\t<\/div>\n\t\t\t\t<\/div>\n\t\t<div class=\"elementor-element elementor-element-616cf79 e-flex e-con-boxed e-con e-parent\" data-id=\"616cf79\" data-element_type=\"container\" data-e-type=\"container\" data-settings=\"{&quot;background_background&quot;:&quot;classic&quot;}\">\n\t\t\t\t\t<div class=\"e-con-inner\">\n\t\t<div class=\"elementor-element elementor-element-7ad2b61 e-con-full e-flex e-con e-child\" data-id=\"7ad2b61\" data-element_type=\"container\" data-e-type=\"container\">\n\t\t\t\t<div class=\"elementor-element elementor-element-55b0ef8 elementor-widget elementor-widget-heading\" data-id=\"55b0ef8\" data-element_type=\"widget\" data-e-type=\"widget\" data-widget_type=\"heading.default\">\n\t\t\t\t\t<h2 class=\"elementor-heading-title elementor-size-default\">NUESTRO EQUIPO<\/h2>\t\t\t\t<\/div>\n\t\t\t\t<div class=\"elementor-element elementor-element-a277a00 elementor-widget elementor-widget-heading\" data-id=\"a277a00\" data-element_type=\"widget\" data-e-type=\"widget\" data-widget_type=\"heading.default\">\n\t\t\t\t\t<h2 class=\"elementor-heading-title elementor-size-default\">Especialistas en odontolog\u00eda<\/h2>\t\t\t\t<\/div>\n\t\t\t\t<\/div>\n\t\t<div class=\"elementor-element elementor-element-986dcff e-con-full e-flex e-con e-child\" data-id=\"986dcff\" data-element_type=\"container\" data-e-type=\"container\" data-settings=\"{&quot;background_background&quot;:&quot;classic&quot;}\">\n\t\t\t\t<div class=\"elementor-element elementor-element-cbac809 elementor-widget elementor-widget-image\" data-id=\"cbac809\" data-element_type=\"widget\" data-e-type=\"widget\" data-widget_type=\"image.default\">\n\t\t\t\t\t\t\t\t\t\t\t\t\t\t\t<img decoding=\"async\" width=\"769\" height=\"1024\" src=\"https:\/\/policlinicavillasalud.com\/wp-content\/uploads\/2026\/03\/Basma-769x1024.jpg\" class=\"attachment-large size-large wp-image-1717\" alt=\"\" srcset=\"https:\/\/policlinicavillasalud.com\/wp-content\/uploads\/2026\/03\/Basma-769x1024.jpg 769w, https:\/\/policlinicavillasalud.com\/wp-content\/uploads\/2026\/03\/Basma-225x300.jpg 225w, https:\/\/policlinicavillasalud.com\/wp-content\/uploads\/2026\/03\/Basma-768x1023.jpg 768w, https:\/\/policlinicavillasalud.com\/wp-content\/uploads\/2026\/03\/Basma.jpg 1051w\" sizes=\"(max-width: 769px) 100vw, 769px\" \/>\t\t\t\t\t\t\t\t\t\t\t\t\t\t\t<\/div>\n\t\t\t\t<div class=\"elementor-element elementor-element-498649a elementor-widget elementor-widget-heading\" data-id=\"498649a\" data-element_type=\"widget\" data-e-type=\"widget\" data-widget_type=\"heading.default\">\n\t\t\t\t\t<h2 class=\"elementor-heading-title elementor-size-default\">Dra. Basma Lababidi Abo Laban<\/h2>\t\t\t\t<\/div>\n\t\t\t\t<div class=\"elementor-element elementor-element-03cc25c elementor-widget elementor-widget-text-editor\" data-id=\"03cc25c\" data-element_type=\"widget\" data-e-type=\"widget\" data-widget_type=\"text-editor.default\">\n\t\t\t\t\t\t\t\t\t<p>Especialista en <strong data-start=\"1999\" data-end=\"2031\">ortodoncia y odontopediatr\u00eda<\/strong>, orientada a la correcci\u00f3n de la alineaci\u00f3n dental y al cuidado bucodental de ni\u00f1os y adolescentes, promoviendo h\u00e1bitos saludables desde edades tempranas.<\/p>\t\t\t\t\t\t\t\t<\/div>\n\t\t\t\t<\/div>\n\t\t<div class=\"elementor-element elementor-element-c855a49 e-con-full e-flex e-con e-child\" data-id=\"c855a49\" data-element_type=\"container\" data-e-type=\"container\" data-settings=\"{&quot;background_background&quot;:&quot;classic&quot;}\">\n\t\t\t\t<div class=\"elementor-element elementor-element-2ce9918 elementor-widget elementor-widget-image\" data-id=\"2ce9918\" data-element_type=\"widget\" data-e-type=\"widget\" data-widget_type=\"image.default\">\n\t\t\t\t\t\t\t\t\t\t\t\t\t\t\t<img loading=\"lazy\" decoding=\"async\" width=\"769\" height=\"1024\" src=\"https:\/\/policlinicavillasalud.com\/wp-content\/uploads\/2026\/03\/Lababidi-769x1024.jpg\" class=\"attachment-large size-large wp-image-1712\" alt=\"\" srcset=\"https:\/\/policlinicavillasalud.com\/wp-content\/uploads\/2026\/03\/Lababidi-769x1024.jpg 769w, https:\/\/policlinicavillasalud.com\/wp-content\/uploads\/2026\/03\/Lababidi-225x300.jpg 225w, https:\/\/policlinicavillasalud.com\/wp-content\/uploads\/2026\/03\/Lababidi-768x1023.jpg 768w, https:\/\/policlinicavillasalud.com\/wp-content\/uploads\/2026\/03\/Lababidi.jpg 1051w\" sizes=\"(max-width: 769px) 100vw, 769px\" \/>\t\t\t\t\t\t\t\t\t\t\t\t\t\t\t<\/div>\n\t\t\t\t<div class=\"elementor-element elementor-element-bc3db14 elementor-widget elementor-widget-heading\" data-id=\"bc3db14\" data-element_type=\"widget\" data-e-type=\"widget\" data-widget_type=\"heading.default\">\n\t\t\t\t\t<h2 class=\"elementor-heading-title elementor-size-default\">Dr. M. Lababidi Abo Laban<\/h2>\t\t\t\t<\/div>\n\t\t\t\t<div class=\"elementor-element elementor-element-064417f elementor-widget elementor-widget-text-editor\" data-id=\"064417f\" data-element_type=\"widget\" data-e-type=\"widget\" data-widget_type=\"text-editor.default\">\n\t\t\t\t\t\t\t\t\t<p>Especialista en <strong data-start=\"2236\" data-end=\"2270\">cirug\u00eda dental e implantolog\u00eda<\/strong>, con experiencia en tratamientos destinados a restaurar la funcionalidad dental mediante implantes y procedimientos quir\u00fargicos avanzados.<\/p>\t\t\t\t\t\t\t\t<\/div>\n\t\t\t\t<\/div>\n\t\t\t\t\t<\/div>\n\t\t\t\t<\/div>\n\t\t<div class=\"elementor-element elementor-element-4c419d1 e-flex e-con-boxed e-con e-parent\" data-id=\"4c419d1\" data-element_type=\"container\" data-e-type=\"container\" data-settings=\"{&quot;background_background&quot;:&quot;classic&quot;}\">\n\t\t\t\t\t<div class=\"e-con-inner\">\n\t\t<div class=\"elementor-element elementor-element-02880c8 e-con-full e-flex e-con e-child\" data-id=\"02880c8\" data-element_type=\"container\" data-e-type=\"container\" data-settings=\"{&quot;background_background&quot;:&quot;classic&quot;}\">\n\t\t\t\t<div class=\"elementor-element elementor-element-f673bcb elementor-widget elementor-widget-heading\" data-id=\"f673bcb\" data-element_type=\"widget\" data-e-type=\"widget\" data-widget_type=\"heading.default\">\n\t\t\t\t\t<h2 class=\"elementor-heading-title elementor-size-default\">Dr. Nizar Karime Abed<\/h2>\t\t\t\t<\/div>\n\t\t\t\t<div class=\"elementor-element elementor-element-a9935dc elementor-widget elementor-widget-text-editor\" data-id=\"a9935dc\" data-element_type=\"widget\" data-e-type=\"widget\" data-widget_type=\"text-editor.default\">\n\t\t\t\t\t\t\t\t\t<p>Endodoncista<\/p>\t\t\t\t\t\t\t\t<\/div>\n\t\t\t\t<\/div>\n\t\t<div class=\"elementor-element elementor-element-0feac0a e-con-full e-flex e-con e-child\" data-id=\"0feac0a\" data-element_type=\"container\" data-e-type=\"container\" data-settings=\"{&quot;background_background&quot;:&quot;classic&quot;}\">\n\t\t\t\t<div class=\"elementor-element elementor-element-4909e8d elementor-widget elementor-widget-heading\" data-id=\"4909e8d\" data-element_type=\"widget\" data-e-type=\"widget\" data-widget_type=\"heading.default\">\n\t\t\t\t\t<h2 class=\"elementor-heading-title elementor-size-default\">Naser Mansour Mansour<\/h2>\t\t\t\t<\/div>\n\t\t\t\t<div class=\"elementor-element elementor-element-f2b68c6 elementor-widget elementor-widget-text-editor\" data-id=\"f2b68c6\" data-element_type=\"widget\" data-e-type=\"widget\" data-widget_type=\"text-editor.default\">\n\t\t\t\t\t\t\t\t\t<p>Odontolog\u00eda est\u00e9tica<\/p>\t\t\t\t\t\t\t\t<\/div>\n\t\t\t\t<\/div>\n\t\t<div class=\"elementor-element elementor-element-dbb5070 e-con-full e-flex e-con e-child\" data-id=\"dbb5070\" data-element_type=\"container\" data-e-type=\"container\" data-settings=\"{&quot;background_background&quot;:&quot;classic&quot;}\">\n\t\t\t\t<\/div>\n\t\t\t\t\t<\/div>\n\t\t\t\t<\/div>\n\t\t<div class=\"elementor-element elementor-element-4002f01 e-flex e-con-boxed e-con e-parent\" data-id=\"4002f01\" data-element_type=\"container\" data-e-type=\"container\" data-settings=\"{&quot;background_background&quot;:&quot;classic&quot;}\">\n\t\t\t\t\t<div class=\"e-con-inner\">\n\t\t<div class=\"elementor-element elementor-element-6520424 e-con-full e-flex e-con e-child\" data-id=\"6520424\" data-element_type=\"container\" data-e-type=\"container\">\n\t\t\t\t<div class=\"elementor-element elementor-element-5a05407 elementor-widget elementor-widget-heading\" data-id=\"5a05407\" data-element_type=\"widget\" data-e-type=\"widget\" data-widget_type=\"heading.default\">\n\t\t\t\t\t<h2 class=\"elementor-heading-title elementor-size-default\">Adem\u00e1s de los tratamientos especializados, en Policl\u00ednica Villasalud ofrecemos diferentes servicios odontol\u00f3gicos orientados a mejorar la salud y la est\u00e9tica de la sonrisa, combinando t\u00e9cnicas modernas y tratamientos personalizados para cada paciente.<br><br>\n\nNuestro equipo trabaja con el objetivo de ofrecer soluciones eficaces que permitan mantener una buena salud bucodental y mejorar la calidad de vida de nuestros pacientes.\n<\/h2>\t\t\t\t<\/div>\n\t\t\t\t<div class=\"elementor-element elementor-element-5609ff5 elementor-widget elementor-widget-button\" data-id=\"5609ff5\" data-element_type=\"widget\" data-e-type=\"widget\" data-widget_type=\"button.default\">\n\t\t\t\t\t\t\t\t\t\t<a class=\"elementor-button elementor-button-link elementor-size-sm\" href=\"https:\/\/villasalud.fxdw.dev\/index.php\/contacto\/\">\n\t\t\t\t\t\t<span class=\"elementor-button-content-wrapper\">\n\t\t\t\t\t\t\t\t\t<span class=\"elementor-button-text\">Contacta con nosotros<\/span>\n\t\t\t\t\t<\/span>\n\t\t\t\t\t<\/a>\n\t\t\t\t\t\t\t\t<\/div>\n\t\t\t\t<\/div>\n\t\t\t\t\t<\/div>\n\t\t\t\t<\/div>\n\t\t\t\t<\/div>\n\t\t","protected":false},"excerpt":{"rendered":"<p>Odontolog\u00eda La odontolog\u00eda es la especialidad dedicada al cuidado de la salud bucodental, incluyendo la prevenci\u00f3n, diagn\u00f3stico y tratamiento de las enfermedades que afectan a dientes, enc\u00edas y estructuras de la cavidad oral. En Policl\u00ednica Villasalud contamos con un equipo de odont\u00f3logos especializados comprometidos con el cuidado integral de la salud dental de nuestros pacientes. [&hellip;]<\/p>\n","protected":false},"author":1,"featured_media":0,"parent":17,"menu_order":0,"comment_status":"closed","ping_status":"closed","template":"elementor_header_footer","meta":{"footnotes":""},"class_list":["post-497","page","type-page","status-publish","hentry"],"_links":{"self":[{"href":"https:\/\/policlinicavillasalud.com\/index.php\/wp-json\/wp\/v2\/pages\/497","targetHints":{"allow":["GET"]}}],"collection":[{"href":"https:\/\/policlinicavillasalud.com\/index.php\/wp-json\/wp\/v2\/pages"}],"about":[{"href":"https:\/\/policlinicavillasalud.com\/index.php\/wp-json\/wp\/v2\/types\/page"}],"author":[{"embeddable":true,"href":"https:\/\/policlinicavillasalud.com\/index.php\/wp-json\/wp\/v2\/users\/1"}],"replies":[{"embeddable":true,"href":"https:\/\/policlinicavillasalud.com\/index.php\/wp-json\/wp\/v2\/comments?post=497"}],"version-history":[{"count":67,"href":"https:\/\/policlinicavillasalud.com\/index.php\/wp-json\/wp\/v2\/pages\/497\/revisions"}],"predecessor-version":[{"id":1914,"href":"https:\/\/policlinicavillasalud.com\/index.php\/wp-json\/wp\/v2\/pages\/497\/revisions\/1914"}],"up":[{"embeddable":true,"href":"https:\/\/policlinicavillasalud.com\/index.php\/wp-json\/wp\/v2\/pages\/17"}],"wp:attachment":[{"href":"https:\/\/policlinicavillasalud.com\/index.php\/wp-json\/wp\/v2\/media?parent=497"}],"curies":[{"name":"wp","href":"https:\/\/api.w.org\/{rel}","templated":true}]}}