{"id":499,"date":"2026-03-13T08:32:53","date_gmt":"2026-03-13T08:32:53","guid":{"rendered":"https:\/\/villasalud.fxdw.dev\/?page_id=499"},"modified":"2026-03-30T11:08:51","modified_gmt":"2026-03-30T11:08:51","slug":"oftalmologia","status":"publish","type":"page","link":"https:\/\/policlinicavillasalud.com\/index.php\/especialidades\/oftalmologia\/","title":{"rendered":"Oftalmolog\u00eda"},"content":{"rendered":"\t\t<div data-elementor-type=\"wp-page\" data-elementor-id=\"499\" class=\"elementor elementor-499\" data-elementor-post-type=\"page\">\n\t\t\t\t<div class=\"elementor-element elementor-element-c825e96 e-con-full e-flex e-con e-parent\" data-id=\"c825e96\" data-element_type=\"container\" data-e-type=\"container\" data-settings=\"{&quot;background_background&quot;:&quot;classic&quot;}\">\n\t\t<div class=\"elementor-element elementor-element-64add4d e-con-full e-flex e-con e-child\" data-id=\"64add4d\" data-element_type=\"container\" data-e-type=\"container\">\n\t\t<div class=\"elementor-element elementor-element-4bcccbc e-con-full e-flex e-con e-child\" data-id=\"4bcccbc\" data-element_type=\"container\" data-e-type=\"container\">\n\t\t\t\t<div class=\"elementor-element elementor-element-fe3770b elementor-widget elementor-widget-heading\" data-id=\"fe3770b\" data-element_type=\"widget\" data-e-type=\"widget\" data-widget_type=\"heading.default\">\n\t\t\t\t\t<h2 class=\"elementor-heading-title elementor-size-default\">Oftalmolog\u00eda<\/h2>\t\t\t\t<\/div>\n\t\t\t\t<\/div>\n\t\t<div class=\"elementor-element elementor-element-cf455e1 e-con-full e-flex e-con e-child\" data-id=\"cf455e1\" data-element_type=\"container\" data-e-type=\"container\">\n\t\t\t\t<div class=\"elementor-element elementor-element-b5aff59 elementor-widget__width-initial elementor-widget elementor-widget-text-editor\" data-id=\"b5aff59\" data-element_type=\"widget\" data-e-type=\"widget\" data-widget_type=\"text-editor.default\">\n\t\t\t\t\t\t\t\t\t<p>La oftalmolog\u00eda es la especialidad m\u00e9dica dedicada al <strong>estudio, diagn\u00f3stico y tratamiento de las enfermedades que afectan a los ojos y a la visi\u00f3n<\/strong>. En Policl\u00ednica Villasalud ofrecemos atenci\u00f3n especializada para la valoraci\u00f3n de diferentes problemas oculares y el cuidado de la salud visual.<\/p>\t\t\t\t\t\t\t\t<\/div>\n\t\t\t\t<\/div>\n\t\t\t\t<\/div>\n\t\t\t\t<div class=\"elementor-element elementor-element-af9cfb9 elementor-widget elementor-widget-image\" data-id=\"af9cfb9\" data-element_type=\"widget\" data-e-type=\"widget\" data-widget_type=\"image.default\">\n\t\t\t\t\t\t\t\t\t\t\t\t\t\t\t<img decoding=\"async\" src=\"https:\/\/policlinicavillasalud.com\/wp-content\/uploads\/2026\/03\/oftalmologia-1.jpg\" title=\"oftalmologia++\" alt=\"oftalmologia++\" loading=\"lazy\" \/>\t\t\t\t\t\t\t\t\t\t\t\t\t\t\t<\/div>\n\t\t\t\t<\/div>\n\t\t<div class=\"elementor-element elementor-element-8ee6a06 e-flex e-con-boxed e-con e-parent\" data-id=\"8ee6a06\" data-element_type=\"container\" data-e-type=\"container\" data-settings=\"{&quot;background_background&quot;:&quot;classic&quot;}\">\n\t\t\t\t\t<div class=\"e-con-inner\">\n\t\t<div class=\"elementor-element elementor-element-c0c4403 e-con-full e-flex e-con e-child\" data-id=\"c0c4403\" data-element_type=\"container\" data-e-type=\"container\">\n\t\t\t\t<div class=\"elementor-element elementor-element-7b4fe8f elementor-widget elementor-widget-heading\" data-id=\"7b4fe8f\" data-element_type=\"widget\" data-e-type=\"widget\" data-widget_type=\"heading.default\">\n\t\t\t\t\t<h2 class=\"elementor-heading-title elementor-size-default\">OFTALMOLOG\u00cdA<\/h2>\t\t\t\t<\/div>\n\t\t\t\t<div class=\"elementor-element elementor-element-9c322ba elementor-widget elementor-widget-heading\" data-id=\"9c322ba\" data-element_type=\"widget\" data-e-type=\"widget\" data-widget_type=\"heading.default\">\n\t\t\t\t\t<h2 class=\"elementor-heading-title elementor-size-default\">Atenci\u00f3n oftalmol\u00f3gica<\/h2>\t\t\t\t<\/div>\n\t\t\t\t<\/div>\n\t\t<div class=\"elementor-element elementor-element-a1011ad e-con-full e-flex e-con e-child\" data-id=\"a1011ad\" data-element_type=\"container\" data-e-type=\"container\">\n\t\t\t\t<div class=\"elementor-element elementor-element-709d1d4 elementor-widget elementor-widget-text-editor\" data-id=\"709d1d4\" data-element_type=\"widget\" data-e-type=\"widget\" data-widget_type=\"text-editor.default\">\n\t\t\t\t\t\t\t\t\t<p data-start=\"517\" data-end=\"800\">La consulta de oftalmolog\u00eda permite evaluar la salud de los ojos, detectar posibles alteraciones visuales y realizar el seguimiento de diferentes patolog\u00edas oculares. Nuestro objetivo es ofrecer una atenci\u00f3n m\u00e9dica precisa y personalizada que ayude a mantener una buena salud visual.<\/p><p data-start=\"802\" data-end=\"942\">La experiencia m\u00e9dica especializada y el trato cercano al paciente son pilares fundamentales de la atenci\u00f3n oftalmol\u00f3gica en nuestro centro.<\/p>\t\t\t\t\t\t\t\t<\/div>\n\t\t\t\t<\/div>\n\t\t\t\t\t<\/div>\n\t\t\t\t<\/div>\n\t\t<div class=\"elementor-element elementor-element-be0815a e-con-full e-flex e-con e-parent\" data-id=\"be0815a\" data-element_type=\"container\" data-e-type=\"container\" data-settings=\"{&quot;background_background&quot;:&quot;classic&quot;}\">\n\t\t<div class=\"elementor-element elementor-element-89b898c e-con-full e-flex e-con e-child\" data-id=\"89b898c\" data-element_type=\"container\" data-e-type=\"container\">\n\t\t\t\t<div class=\"elementor-element elementor-element-f86be3f elementor-widget elementor-widget-heading\" data-id=\"f86be3f\" data-element_type=\"widget\" data-e-type=\"widget\" data-widget_type=\"heading.default\">\n\t\t\t\t\t<h2 class=\"elementor-heading-title elementor-size-default\">Pruebas y servicios oftalmol\u00f3gicos<\/h2>\t\t\t\t<\/div>\n\t\t\t\t<div class=\"elementor-element elementor-element-dd918a2 elementor-widget__width-initial elementor-widget elementor-widget-text-editor\" data-id=\"dd918a2\" data-element_type=\"widget\" data-e-type=\"widget\" data-widget_type=\"text-editor.default\">\n\t\t\t\t\t\t\t\t\t<p>En la consulta de oftalmolog\u00eda se realizan diferentes pruebas diagn\u00f3sticas que permiten valorar el estado de la visi\u00f3n y detectar posibles alteraciones o enfermedades oculares.<\/p><p>Estas exploraciones permiten al especialista estudiar diferentes estructuras del ojo y orientar el diagn\u00f3stico o el seguimiento m\u00e1s adecuado para cada paciente.<\/p><p>Entre los servicios y pruebas m\u00e1s habituales se encuentran:<\/p>\t\t\t\t\t\t\t\t<\/div>\n\t\t\t\t<div class=\"elementor-element elementor-element-1c0e8af elementor-widget elementor-widget-text-editor\" data-id=\"1c0e8af\" data-element_type=\"widget\" data-e-type=\"widget\" data-widget_type=\"text-editor.default\">\n\t\t\t\t\t\t\t\t\t<p>Ecograf\u00eda oft\u00e1lmica y biometr\u00eda<\/p><p>Retinograf\u00eda y gonioscopia<\/p><p>Topograf\u00eda corneal<\/p><p>Sondaje lagrimal<\/p><p>Cantograf\u00eda y tratamiento de chalazi\u00f3n<\/p><p>Paquimetr\u00eda corneal<\/p>\t\t\t\t\t\t\t\t<\/div>\n\t\t\t\t<\/div>\n\t\t<div class=\"elementor-element elementor-element-131e31d e-con-full e-flex e-con e-child\" data-id=\"131e31d\" data-element_type=\"container\" data-e-type=\"container\">\n\t\t\t\t<div class=\"elementor-element elementor-element-74a2653 elementor-widget elementor-widget-image\" data-id=\"74a2653\" data-element_type=\"widget\" data-e-type=\"widget\" data-widget_type=\"image.default\">\n\t\t\t\t\t\t\t\t\t\t\t\t\t\t\t<img fetchpriority=\"high\" decoding=\"async\" width=\"1500\" height=\"1000\" src=\"https:\/\/policlinicavillasalud.com\/wp-content\/uploads\/2026\/03\/oftalmologia.jpg\" class=\"attachment-full size-full wp-image-1074\" alt=\"\" srcset=\"https:\/\/policlinicavillasalud.com\/wp-content\/uploads\/2026\/03\/oftalmologia.jpg 1500w, https:\/\/policlinicavillasalud.com\/wp-content\/uploads\/2026\/03\/oftalmologia-300x200.jpg 300w, https:\/\/policlinicavillasalud.com\/wp-content\/uploads\/2026\/03\/oftalmologia-1024x683.jpg 1024w, https:\/\/policlinicavillasalud.com\/wp-content\/uploads\/2026\/03\/oftalmologia-768x512.jpg 768w\" sizes=\"(max-width: 1500px) 100vw, 1500px\" \/>\t\t\t\t\t\t\t\t\t\t\t\t\t\t\t<\/div>\n\t\t\t\t<\/div>\n\t\t\t\t<\/div>\n\t\t<div class=\"elementor-element elementor-element-e4d5c2e e-flex e-con-boxed e-con e-parent\" data-id=\"e4d5c2e\" data-element_type=\"container\" data-e-type=\"container\" data-settings=\"{&quot;background_background&quot;:&quot;classic&quot;}\">\n\t\t\t\t\t<div class=\"e-con-inner\">\n\t\t<div class=\"elementor-element elementor-element-de0a6e3 e-con-full e-flex e-con e-child\" data-id=\"de0a6e3\" data-element_type=\"container\" data-e-type=\"container\">\n\t\t\t\t<div class=\"elementor-element elementor-element-5005aef elementor-widget elementor-widget-heading\" data-id=\"5005aef\" data-element_type=\"widget\" data-e-type=\"widget\" data-widget_type=\"heading.default\">\n\t\t\t\t\t<h2 class=\"elementor-heading-title elementor-size-default\">NUESTRO EQUIPO<\/h2>\t\t\t\t<\/div>\n\t\t\t\t<div class=\"elementor-element elementor-element-14a6be4 elementor-widget elementor-widget-heading\" data-id=\"14a6be4\" data-element_type=\"widget\" data-e-type=\"widget\" data-widget_type=\"heading.default\">\n\t\t\t\t\t<h2 class=\"elementor-heading-title elementor-size-default\">Especialista en oftalmolog\u00eda<\/h2>\t\t\t\t<\/div>\n\t\t\t\t<\/div>\n\t\t<div class=\"elementor-element elementor-element-01100c0 e-con-full e-flex e-con e-child\" data-id=\"01100c0\" data-element_type=\"container\" data-e-type=\"container\" data-settings=\"{&quot;background_background&quot;:&quot;classic&quot;}\">\n\t\t<div class=\"elementor-element elementor-element-6946429 e-con-full e-flex e-con e-child\" data-id=\"6946429\" data-element_type=\"container\" data-e-type=\"container\">\n\t\t\t\t<div class=\"elementor-element elementor-element-16bad4e elementor-widget elementor-widget-heading\" data-id=\"16bad4e\" data-element_type=\"widget\" data-e-type=\"widget\" data-widget_type=\"heading.default\">\n\t\t\t\t\t<h2 class=\"elementor-heading-title elementor-size-default\">Dra. Tamara Shukair Harb<\/h2>\t\t\t\t<\/div>\n\t\t\t\t<div class=\"elementor-element elementor-element-004e884 elementor-widget elementor-widget-text-editor\" data-id=\"004e884\" data-element_type=\"widget\" data-e-type=\"widget\" data-widget_type=\"text-editor.default\">\n\t\t\t\t\t\t\t\t\t<p>Especialista en oftalmolog\u00eda general con experiencia en el diagn\u00f3stico y seguimiento de diferentes patolog\u00edas oculares, ofreciendo una atenci\u00f3n m\u00e9dica rigurosa y personalizada orientada al cuidado de la salud visual.<\/p>\t\t\t\t\t\t\t\t<\/div>\n\t\t\t\t<\/div>\n\t\t\t\t<\/div>\n\t\t\t\t\t<\/div>\n\t\t\t\t<\/div>\n\t\t\t\t<\/div>\n\t\t","protected":false},"excerpt":{"rendered":"<p>Oftalmolog\u00eda La oftalmolog\u00eda es la especialidad m\u00e9dica dedicada al estudio, diagn\u00f3stico y tratamiento de las enfermedades que afectan a los ojos y a la visi\u00f3n. En Policl\u00ednica Villasalud ofrecemos atenci\u00f3n especializada para la valoraci\u00f3n de diferentes problemas oculares y el cuidado de la salud visual. OFTALMOLOG\u00cdA Atenci\u00f3n oftalmol\u00f3gica La consulta de oftalmolog\u00eda permite evaluar la [&hellip;]<\/p>\n","protected":false},"author":1,"featured_media":0,"parent":17,"menu_order":0,"comment_status":"closed","ping_status":"closed","template":"elementor_header_footer","meta":{"footnotes":""},"class_list":["post-499","page","type-page","status-publish","hentry"],"_links":{"self":[{"href":"https:\/\/policlinicavillasalud.com\/index.php\/wp-json\/wp\/v2\/pages\/499","targetHints":{"allow":["GET"]}}],"collection":[{"href":"https:\/\/policlinicavillasalud.com\/index.php\/wp-json\/wp\/v2\/pages"}],"about":[{"href":"https:\/\/policlinicavillasalud.com\/index.php\/wp-json\/wp\/v2\/types\/page"}],"author":[{"embeddable":true,"href":"https:\/\/policlinicavillasalud.com\/index.php\/wp-json\/wp\/v2\/users\/1"}],"replies":[{"embeddable":true,"href":"https:\/\/policlinicavillasalud.com\/index.php\/wp-json\/wp\/v2\/comments?post=499"}],"version-history":[{"count":40,"href":"https:\/\/policlinicavillasalud.com\/index.php\/wp-json\/wp\/v2\/pages\/499\/revisions"}],"predecessor-version":[{"id":1808,"href":"https:\/\/policlinicavillasalud.com\/index.php\/wp-json\/wp\/v2\/pages\/499\/revisions\/1808"}],"up":[{"embeddable":true,"href":"https:\/\/policlinicavillasalud.com\/index.php\/wp-json\/wp\/v2\/pages\/17"}],"wp:attachment":[{"href":"https:\/\/policlinicavillasalud.com\/index.php\/wp-json\/wp\/v2\/media?parent=499"}],"curies":[{"name":"wp","href":"https:\/\/api.w.org\/{rel}","templated":true}]}}