{"id":501,"date":"2026-03-13T08:33:14","date_gmt":"2026-03-13T08:33:14","guid":{"rendered":"https:\/\/villasalud.fxdw.dev\/?page_id=501"},"modified":"2026-04-09T08:27:37","modified_gmt":"2026-04-09T08:27:37","slug":"otorrinolaringologia","status":"publish","type":"page","link":"https:\/\/policlinicavillasalud.com\/index.php\/especialidades\/otorrinolaringologia\/","title":{"rendered":"Otorrinolaringolog\u00eda"},"content":{"rendered":"\t\t<div data-elementor-type=\"wp-page\" data-elementor-id=\"501\" class=\"elementor elementor-501\" data-elementor-post-type=\"page\">\n\t\t\t\t<div class=\"elementor-element elementor-element-a0e57b9 e-con-full e-flex e-con e-parent\" data-id=\"a0e57b9\" data-element_type=\"container\" data-e-type=\"container\" data-settings=\"{&quot;background_background&quot;:&quot;classic&quot;}\">\n\t\t<div class=\"elementor-element elementor-element-485b519 e-con-full e-flex e-con e-child\" data-id=\"485b519\" data-element_type=\"container\" data-e-type=\"container\">\n\t\t<div class=\"elementor-element elementor-element-4cf430b e-con-full e-flex e-con e-child\" data-id=\"4cf430b\" data-element_type=\"container\" data-e-type=\"container\">\n\t\t\t\t<div class=\"elementor-element elementor-element-5aa1305 elementor-widget elementor-widget-heading\" data-id=\"5aa1305\" data-element_type=\"widget\" data-e-type=\"widget\" data-widget_type=\"heading.default\">\n\t\t\t\t\t<h2 class=\"elementor-heading-title elementor-size-default\">Otorrinolaringolog\u00eda<\/h2>\t\t\t\t<\/div>\n\t\t\t\t<\/div>\n\t\t<div class=\"elementor-element elementor-element-6ad28d8 e-con-full e-flex e-con e-child\" data-id=\"6ad28d8\" data-element_type=\"container\" data-e-type=\"container\">\n\t\t\t\t<div class=\"elementor-element elementor-element-c0a7fcb elementor-widget__width-initial elementor-widget elementor-widget-text-editor\" data-id=\"c0a7fcb\" data-element_type=\"widget\" data-e-type=\"widget\" data-widget_type=\"text-editor.default\">\n\t\t\t\t\t\t\t\t\t<p>La otorrinolaringolog\u00eda es la especialidad m\u00e9dica dedicada al estudio, diagn\u00f3stico y tratamiento de las <strong>enfermedades que afectan al o\u00eddo, la nariz y la garganta<\/strong>, as\u00ed como a otras estructuras relacionadas de la cabeza y el cuello. En Policl\u00ednica Villasalud ofrecemos atenci\u00f3n especializada para la valoraci\u00f3n de diferentes problemas relacionados con la audici\u00f3n, la respiraci\u00f3n y la voz.<\/p>\t\t\t\t\t\t\t\t<\/div>\n\t\t\t\t<\/div>\n\t\t\t\t<\/div>\n\t\t\t\t<div class=\"elementor-element elementor-element-139caec elementor-widget elementor-widget-image\" data-id=\"139caec\" data-element_type=\"widget\" data-e-type=\"widget\" data-widget_type=\"image.default\">\n\t\t\t\t\t\t\t\t\t\t\t\t\t\t\t<img decoding=\"async\" src=\"https:\/\/policlinicavillasalud.com\/wp-content\/uploads\/2026\/03\/otorrino2.jpg\" title=\"otorrino2\" alt=\"otorrino2\" loading=\"lazy\" \/>\t\t\t\t\t\t\t\t\t\t\t\t\t\t\t<\/div>\n\t\t\t\t<\/div>\n\t\t<div class=\"elementor-element elementor-element-0548912 e-flex e-con-boxed e-con e-parent\" data-id=\"0548912\" data-element_type=\"container\" data-e-type=\"container\" data-settings=\"{&quot;background_background&quot;:&quot;classic&quot;}\">\n\t\t\t\t\t<div class=\"e-con-inner\">\n\t\t<div class=\"elementor-element elementor-element-8ffe78f e-con-full e-flex e-con e-child\" data-id=\"8ffe78f\" data-element_type=\"container\" data-e-type=\"container\">\n\t\t\t\t<div class=\"elementor-element elementor-element-b22a7d6 elementor-widget elementor-widget-heading\" data-id=\"b22a7d6\" data-element_type=\"widget\" data-e-type=\"widget\" data-widget_type=\"heading.default\">\n\t\t\t\t\t<h2 class=\"elementor-heading-title elementor-size-default\">OTORRINOLARINGOLOG\u00cdA<\/h2>\t\t\t\t<\/div>\n\t\t\t\t<div class=\"elementor-element elementor-element-a23e213 elementor-widget elementor-widget-heading\" data-id=\"a23e213\" data-element_type=\"widget\" data-e-type=\"widget\" data-widget_type=\"heading.default\">\n\t\t\t\t\t<h2 class=\"elementor-heading-title elementor-size-default\">Atenci\u00f3n especializada<\/h2>\t\t\t\t<\/div>\n\t\t\t\t<\/div>\n\t\t<div class=\"elementor-element elementor-element-7874b6f e-con-full e-flex e-con e-child\" data-id=\"7874b6f\" data-element_type=\"container\" data-e-type=\"container\">\n\t\t\t\t<div class=\"elementor-element elementor-element-36f1017 elementor-widget elementor-widget-text-editor\" data-id=\"36f1017\" data-element_type=\"widget\" data-e-type=\"widget\" data-widget_type=\"text-editor.default\">\n\t\t\t\t\t\t\t\t\t<p data-start=\"585\" data-end=\"928\">La consulta de otorrinolaringolog\u00eda permite estudiar diferentes alteraciones que pueden afectar al o\u00eddo, la nariz o la garganta, as\u00ed como otros problemas relacionados con estas estructuras. La valoraci\u00f3n por parte del especialista permite identificar el origen de los s\u00edntomas y orientar el tratamiento o seguimiento m\u00e1s adecuado en cada caso.<\/p><p data-start=\"930\" data-end=\"1044\">El objetivo es mejorar la calidad de vida del paciente mediante una atenci\u00f3n m\u00e9dica especializada y personalizada.<\/p>\t\t\t\t\t\t\t\t<\/div>\n\t\t\t\t<\/div>\n\t\t\t\t\t<\/div>\n\t\t\t\t<\/div>\n\t\t<div class=\"elementor-element elementor-element-59fb749 e-flex e-con-boxed e-con e-parent\" data-id=\"59fb749\" data-element_type=\"container\" data-e-type=\"container\" data-settings=\"{&quot;background_background&quot;:&quot;classic&quot;}\">\n\t\t\t\t\t<div class=\"e-con-inner\">\n\t\t<div class=\"elementor-element elementor-element-09cb75b e-con-full e-flex e-con e-child\" data-id=\"09cb75b\" data-element_type=\"container\" data-e-type=\"container\">\n\t\t\t\t<div class=\"elementor-element elementor-element-78663b3 elementor-widget elementor-widget-heading\" data-id=\"78663b3\" data-element_type=\"widget\" data-e-type=\"widget\" data-widget_type=\"heading.default\">\n\t\t\t\t\t<h2 class=\"elementor-heading-title elementor-size-default\">Problemas m\u00e1s frecuentes<\/h2>\t\t\t\t<\/div>\n\t\t\t\t<div class=\"elementor-element elementor-element-44c7fd4 elementor-widget elementor-widget-text-editor\" data-id=\"44c7fd4\" data-element_type=\"widget\" data-e-type=\"widget\" data-widget_type=\"text-editor.default\">\n\t\t\t\t\t\t\t\t\t<p>Entre las consultas m\u00e1s habituales en esta especialidad se encuentran:<\/p>\t\t\t\t\t\t\t\t<\/div>\n\t\t\t\t<div class=\"elementor-element elementor-element-921d049 elementor-widget elementor-widget-text-editor\" data-id=\"921d049\" data-element_type=\"widget\" data-e-type=\"widget\" data-widget_type=\"text-editor.default\">\n\t\t\t\t\t\t\t\t\t<p>Problemas de audici\u00f3n<\/p><p>Infecciones de o\u00eddo<\/p><p>Congesti\u00f3n o alteraciones nasales<\/p><p>Sinusitis<\/p><p>Dolor o infecciones de garganta<\/p><p>Alteraciones de la voz<\/p><p>Mareos o v\u00e9rtigo<\/p>\t\t\t\t\t\t\t\t<\/div>\n\t\t\t\t<\/div>\n\t\t<div class=\"elementor-element elementor-element-c259469 e-con-full e-flex e-con e-child\" data-id=\"c259469\" data-element_type=\"container\" data-e-type=\"container\">\n\t\t\t\t<div class=\"elementor-element elementor-element-6a1bf35 elementor-widget elementor-widget-image\" data-id=\"6a1bf35\" data-element_type=\"widget\" data-e-type=\"widget\" data-widget_type=\"image.default\">\n\t\t\t\t\t\t\t\t\t\t\t\t\t\t\t<img fetchpriority=\"high\" decoding=\"async\" width=\"855\" height=\"1000\" src=\"https:\/\/policlinicavillasalud.com\/wp-content\/uploads\/2026\/03\/otorrino-modelo.jpg\" class=\"attachment-full size-full wp-image-1103\" alt=\"\" srcset=\"https:\/\/policlinicavillasalud.com\/wp-content\/uploads\/2026\/03\/otorrino-modelo.jpg 855w, https:\/\/policlinicavillasalud.com\/wp-content\/uploads\/2026\/03\/otorrino-modelo-257x300.jpg 257w, https:\/\/policlinicavillasalud.com\/wp-content\/uploads\/2026\/03\/otorrino-modelo-768x898.jpg 768w\" sizes=\"(max-width: 855px) 100vw, 855px\" \/>\t\t\t\t\t\t\t\t\t\t\t\t\t\t\t<\/div>\n\t\t\t\t<\/div>\n\t\t\t\t\t<\/div>\n\t\t\t\t<\/div>\n\t\t<div class=\"elementor-element elementor-element-41c0094 e-flex e-con-boxed e-con e-parent\" data-id=\"41c0094\" data-element_type=\"container\" data-e-type=\"container\" data-settings=\"{&quot;background_background&quot;:&quot;classic&quot;}\">\n\t\t\t\t\t<div class=\"e-con-inner\">\n\t\t<div class=\"elementor-element elementor-element-8fb7688 e-con-full e-flex e-con e-child\" data-id=\"8fb7688\" data-element_type=\"container\" data-e-type=\"container\">\n\t\t\t\t<div class=\"elementor-element elementor-element-ac592db elementor-widget elementor-widget-heading\" data-id=\"ac592db\" data-element_type=\"widget\" data-e-type=\"widget\" data-widget_type=\"heading.default\">\n\t\t\t\t\t<h2 class=\"elementor-heading-title elementor-size-default\">NUESTRO EQUIPO<\/h2>\t\t\t\t<\/div>\n\t\t\t\t<div class=\"elementor-element elementor-element-df404e2 elementor-widget elementor-widget-heading\" data-id=\"df404e2\" data-element_type=\"widget\" data-e-type=\"widget\" data-widget_type=\"heading.default\">\n\t\t\t\t\t<h2 class=\"elementor-heading-title elementor-size-default\">Especialista en otorrino-laringolog\u00eda<\/h2>\t\t\t\t<\/div>\n\t\t\t\t<\/div>\n\t\t<div class=\"elementor-element elementor-element-18f8057 e-con-full e-flex e-con e-child\" data-id=\"18f8057\" data-element_type=\"container\" data-e-type=\"container\" data-settings=\"{&quot;background_background&quot;:&quot;classic&quot;}\">\n\t\t<div class=\"elementor-element elementor-element-0a20488 e-con-full e-flex e-con e-child\" data-id=\"0a20488\" data-element_type=\"container\" data-e-type=\"container\">\n\t\t\t\t<div class=\"elementor-element elementor-element-0985265 elementor-widget elementor-widget-heading\" data-id=\"0985265\" data-element_type=\"widget\" data-e-type=\"widget\" data-widget_type=\"heading.default\">\n\t\t\t\t\t<h2 class=\"elementor-heading-title elementor-size-default\">Dr. Abdul Karim Alyoun Aldabbagh<\/h2>\t\t\t\t<\/div>\n\t\t\t\t<div class=\"elementor-element elementor-element-bcf2e91 elementor-widget elementor-widget-text-editor\" data-id=\"bcf2e91\" data-element_type=\"widget\" data-e-type=\"widget\" data-widget_type=\"text-editor.default\">\n\t\t\t\t\t\t\t\t\t<p>Especialista en el diagn\u00f3stico y tratamiento de enfermedades y alteraciones del o\u00eddo, la nariz, la garganta y las estructuras relacionadas de la cabeza y del cuello.<\/p>\t\t\t\t\t\t\t\t<\/div>\n\t\t\t\t<\/div>\n\t\t\t\t<\/div>\n\t\t\t\t\t<\/div>\n\t\t\t\t<\/div>\n\t\t\t\t<\/div>\n\t\t","protected":false},"excerpt":{"rendered":"<p>Otorrinolaringolog\u00eda La otorrinolaringolog\u00eda es la especialidad m\u00e9dica dedicada al estudio, diagn\u00f3stico y tratamiento de las enfermedades que afectan al o\u00eddo, la nariz y la garganta, as\u00ed como a otras estructuras relacionadas de la cabeza y el cuello. En Policl\u00ednica Villasalud ofrecemos atenci\u00f3n especializada para la valoraci\u00f3n de diferentes problemas relacionados con la audici\u00f3n, la respiraci\u00f3n [&hellip;]<\/p>\n","protected":false},"author":1,"featured_media":0,"parent":17,"menu_order":0,"comment_status":"closed","ping_status":"closed","template":"elementor_header_footer","meta":{"footnotes":""},"class_list":["post-501","page","type-page","status-publish","hentry"],"_links":{"self":[{"href":"https:\/\/policlinicavillasalud.com\/index.php\/wp-json\/wp\/v2\/pages\/501","targetHints":{"allow":["GET"]}}],"collection":[{"href":"https:\/\/policlinicavillasalud.com\/index.php\/wp-json\/wp\/v2\/pages"}],"about":[{"href":"https:\/\/policlinicavillasalud.com\/index.php\/wp-json\/wp\/v2\/types\/page"}],"author":[{"embeddable":true,"href":"https:\/\/policlinicavillasalud.com\/index.php\/wp-json\/wp\/v2\/users\/1"}],"replies":[{"embeddable":true,"href":"https:\/\/policlinicavillasalud.com\/index.php\/wp-json\/wp\/v2\/comments?post=501"}],"version-history":[{"count":26,"href":"https:\/\/policlinicavillasalud.com\/index.php\/wp-json\/wp\/v2\/pages\/501\/revisions"}],"predecessor-version":[{"id":1902,"href":"https:\/\/policlinicavillasalud.com\/index.php\/wp-json\/wp\/v2\/pages\/501\/revisions\/1902"}],"up":[{"embeddable":true,"href":"https:\/\/policlinicavillasalud.com\/index.php\/wp-json\/wp\/v2\/pages\/17"}],"wp:attachment":[{"href":"https:\/\/policlinicavillasalud.com\/index.php\/wp-json\/wp\/v2\/media?parent=501"}],"curies":[{"name":"wp","href":"https:\/\/api.w.org\/{rel}","templated":true}]}}