{"id":503,"date":"2026-03-13T08:33:34","date_gmt":"2026-03-13T08:33:34","guid":{"rendered":"https:\/\/villasalud.fxdw.dev\/?page_id=503"},"modified":"2026-04-09T08:29:09","modified_gmt":"2026-04-09T08:29:09","slug":"pediatria","status":"publish","type":"page","link":"https:\/\/policlinicavillasalud.com\/index.php\/especialidades\/pediatria\/","title":{"rendered":"Pediatr\u00eda"},"content":{"rendered":"\t\t<div data-elementor-type=\"wp-page\" data-elementor-id=\"503\" class=\"elementor elementor-503\" data-elementor-post-type=\"page\">\n\t\t\t\t<div class=\"elementor-element elementor-element-18fe5e8 e-con-full e-flex e-con e-parent\" data-id=\"18fe5e8\" data-element_type=\"container\" data-e-type=\"container\" data-settings=\"{&quot;background_background&quot;:&quot;classic&quot;}\">\n\t\t<div class=\"elementor-element elementor-element-3e949a8 e-con-full e-flex e-con e-child\" data-id=\"3e949a8\" data-element_type=\"container\" data-e-type=\"container\">\n\t\t<div class=\"elementor-element elementor-element-6519286 e-con-full e-flex e-con e-child\" data-id=\"6519286\" data-element_type=\"container\" data-e-type=\"container\">\n\t\t\t\t<div class=\"elementor-element elementor-element-ee1df5e elementor-widget elementor-widget-heading\" data-id=\"ee1df5e\" data-element_type=\"widget\" data-e-type=\"widget\" data-widget_type=\"heading.default\">\n\t\t\t\t\t<h2 class=\"elementor-heading-title elementor-size-default\">Pediatr\u00eda<\/h2>\t\t\t\t<\/div>\n\t\t\t\t<\/div>\n\t\t<div class=\"elementor-element elementor-element-3a6e417 e-con-full e-flex e-con e-child\" data-id=\"3a6e417\" data-element_type=\"container\" data-e-type=\"container\">\n\t\t\t\t<div class=\"elementor-element elementor-element-3781537 elementor-widget__width-initial elementor-widget elementor-widget-text-editor\" data-id=\"3781537\" data-element_type=\"widget\" data-e-type=\"widget\" data-widget_type=\"text-editor.default\">\n\t\t\t\t\t\t\t\t\t<p>La pediatr\u00eda es la especialidad m\u00e9dica dedicada al <strong>cuidado de la salud de los ni\u00f1os, desde el nacimiento hasta la adolescencia<\/strong>. En Policl\u00ednica Villasalud ofrecemos atenci\u00f3n pedi\u00e1trica orientada a la prevenci\u00f3n, diagn\u00f3stico y seguimiento de las enfermedades infantiles, acompa\u00f1ando el crecimiento y desarrollo saludable de los m\u00e1s peque\u00f1os.<\/p>\t\t\t\t\t\t\t\t<\/div>\n\t\t\t\t<\/div>\n\t\t\t\t<\/div>\n\t\t\t\t<div class=\"elementor-element elementor-element-b3f0570 elementor-widget elementor-widget-image\" data-id=\"b3f0570\" data-element_type=\"widget\" data-e-type=\"widget\" data-widget_type=\"image.default\">\n\t\t\t\t\t\t\t\t\t\t\t\t\t\t\t<img decoding=\"async\" src=\"https:\/\/policlinicavillasalud.com\/wp-content\/uploads\/2026\/03\/pediatria.jpg\" title=\"pediatria\" alt=\"pediatria\" loading=\"lazy\" \/>\t\t\t\t\t\t\t\t\t\t\t\t\t\t\t<\/div>\n\t\t\t\t<\/div>\n\t\t<div class=\"elementor-element elementor-element-07f06db e-flex e-con-boxed e-con e-parent\" data-id=\"07f06db\" data-element_type=\"container\" data-e-type=\"container\" data-settings=\"{&quot;background_background&quot;:&quot;classic&quot;}\">\n\t\t\t\t\t<div class=\"e-con-inner\">\n\t\t<div class=\"elementor-element elementor-element-70e0165 e-con-full e-flex e-con e-child\" data-id=\"70e0165\" data-element_type=\"container\" data-e-type=\"container\">\n\t\t\t\t<div class=\"elementor-element elementor-element-892c4ed elementor-widget elementor-widget-heading\" data-id=\"892c4ed\" data-element_type=\"widget\" data-e-type=\"widget\" data-widget_type=\"heading.default\">\n\t\t\t\t\t<h2 class=\"elementor-heading-title elementor-size-default\">PEDIATR\u00cdA<\/h2>\t\t\t\t<\/div>\n\t\t\t\t<div class=\"elementor-element elementor-element-c84919a elementor-widget elementor-widget-heading\" data-id=\"c84919a\" data-element_type=\"widget\" data-e-type=\"widget\" data-widget_type=\"heading.default\">\n\t\t\t\t\t<h2 class=\"elementor-heading-title elementor-size-default\">Atenci\u00f3n pedi\u00e1trica<\/h2>\t\t\t\t<\/div>\n\t\t\t\t<\/div>\n\t\t<div class=\"elementor-element elementor-element-b155c9f e-con-full e-flex e-con e-child\" data-id=\"b155c9f\" data-element_type=\"container\" data-e-type=\"container\">\n\t\t\t\t<div class=\"elementor-element elementor-element-f103256 elementor-widget elementor-widget-text-editor\" data-id=\"f103256\" data-element_type=\"widget\" data-e-type=\"widget\" data-widget_type=\"text-editor.default\">\n\t\t\t\t\t\t\t\t\t<p data-start=\"551\" data-end=\"859\">La consulta de pediatr\u00eda permite valorar el estado de salud de los ni\u00f1os y realizar el seguimiento de su desarrollo f\u00edsico y neurol\u00f3gico. El pediatra se encarga de diagnosticar y tratar las enfermedades m\u00e1s frecuentes en la infancia, as\u00ed como de orientar a las familias sobre el cuidado y bienestar del ni\u00f1o.<\/p><p data-start=\"861\" data-end=\"1006\">Adem\u00e1s de la atenci\u00f3n pedi\u00e1trica general, tambi\u00e9n se realiza la valoraci\u00f3n de problemas relacionados con el sistema nervioso en la edad infantil.<\/p>\t\t\t\t\t\t\t\t<\/div>\n\t\t\t\t<\/div>\n\t\t\t\t\t<\/div>\n\t\t\t\t<\/div>\n\t\t<div class=\"elementor-element elementor-element-164f484 e-flex e-con-boxed e-con e-parent\" data-id=\"164f484\" data-element_type=\"container\" data-e-type=\"container\" data-settings=\"{&quot;background_background&quot;:&quot;classic&quot;}\">\n\t\t\t\t\t<div class=\"e-con-inner\">\n\t\t<div class=\"elementor-element elementor-element-bae67ae e-con-full e-flex e-con e-child\" data-id=\"bae67ae\" data-element_type=\"container\" data-e-type=\"container\">\n\t\t\t\t<div class=\"elementor-element elementor-element-875d557 elementor-widget elementor-widget-heading\" data-id=\"875d557\" data-element_type=\"widget\" data-e-type=\"widget\" data-widget_type=\"heading.default\">\n\t\t\t\t\t<h2 class=\"elementor-heading-title elementor-size-default\">Motivos de consulta pedi\u00e1tricos m\u00e1s frecuentes<\/h2>\t\t\t\t<\/div>\n\t\t\t\t<div class=\"elementor-element elementor-element-61fa635 elementor-widget elementor-widget-text-editor\" data-id=\"61fa635\" data-element_type=\"widget\" data-e-type=\"widget\" data-widget_type=\"text-editor.default\">\n\t\t\t\t\t\t\t\t\t<p>Entre las consultas m\u00e1s habituales en pediatr\u00eda se encuentran:<\/p>\t\t\t\t\t\t\t\t<\/div>\n\t\t\t\t<div class=\"elementor-element elementor-element-3ed6a04 elementor-widget elementor-widget-text-editor\" data-id=\"3ed6a04\" data-element_type=\"widget\" data-e-type=\"widget\" data-widget_type=\"text-editor.default\">\n\t\t\t\t\t\t\t\t\t<p>Revisiones pedi\u00e1tricas y seguimiento del crecimiento<\/p><p>Infecciones respiratorias frecuentes en la infancia<\/p><p>Fiebre y procesos infecciosos<\/p><p>Problemas digestivos en ni\u00f1os<\/p><p>Trastornos del sue\u00f1o infantil<\/p><p>Valoraci\u00f3n del desarrollo psicomotor<\/p><p>Problemas de aprendizaje o comportamiento<\/p><p>Seguimiento del desarrollo neurol\u00f3gico en ni\u00f1os y adolescentes<\/p>\t\t\t\t\t\t\t\t<\/div>\n\t\t\t\t<\/div>\n\t\t<div class=\"elementor-element elementor-element-7650932 e-con-full e-flex e-con e-child\" data-id=\"7650932\" data-element_type=\"container\" data-e-type=\"container\">\n\t\t\t\t<div class=\"elementor-element elementor-element-6010e73 elementor-widget elementor-widget-image\" data-id=\"6010e73\" data-element_type=\"widget\" data-e-type=\"widget\" data-widget_type=\"image.default\">\n\t\t\t\t\t\t\t\t\t\t\t\t\t\t\t<img fetchpriority=\"high\" decoding=\"async\" width=\"1000\" height=\"1500\" src=\"https:\/\/policlinicavillasalud.com\/wp-content\/uploads\/2026\/03\/pediatria-1.jpg\" class=\"attachment-full size-full wp-image-1120\" alt=\"\" srcset=\"https:\/\/policlinicavillasalud.com\/wp-content\/uploads\/2026\/03\/pediatria-1.jpg 1000w, https:\/\/policlinicavillasalud.com\/wp-content\/uploads\/2026\/03\/pediatria-1-200x300.jpg 200w, https:\/\/policlinicavillasalud.com\/wp-content\/uploads\/2026\/03\/pediatria-1-683x1024.jpg 683w, https:\/\/policlinicavillasalud.com\/wp-content\/uploads\/2026\/03\/pediatria-1-768x1152.jpg 768w\" sizes=\"(max-width: 1000px) 100vw, 1000px\" \/>\t\t\t\t\t\t\t\t\t\t\t\t\t\t\t<\/div>\n\t\t\t\t<\/div>\n\t\t\t\t\t<\/div>\n\t\t\t\t<\/div>\n\t\t<div class=\"elementor-element elementor-element-f843dc3 e-flex e-con-boxed e-con e-parent\" data-id=\"f843dc3\" data-element_type=\"container\" data-e-type=\"container\" data-settings=\"{&quot;background_background&quot;:&quot;classic&quot;}\">\n\t\t\t\t\t<div class=\"e-con-inner\">\n\t\t<div class=\"elementor-element elementor-element-8c86d1b e-con-full e-flex e-con e-child\" data-id=\"8c86d1b\" data-element_type=\"container\" data-e-type=\"container\">\n\t\t\t\t<div class=\"elementor-element elementor-element-7ae496f elementor-widget elementor-widget-heading\" data-id=\"7ae496f\" data-element_type=\"widget\" data-e-type=\"widget\" data-widget_type=\"heading.default\">\n\t\t\t\t\t<h2 class=\"elementor-heading-title elementor-size-default\">Si necesitas una valoraci\u00f3n pedi\u00e1trica o tienes alguna preocupaci\u00f3n sobre la salud o el desarrollo de tu hijo, puedes solicitar una cita en Policl\u00ednica Villasalud. Nuestro equipo estar\u00e1 encantado de atenderte y ofrecerte la orientaci\u00f3n m\u00e9dica m\u00e1s adecuada para cada caso.<\/h2>\t\t\t\t<\/div>\n\t\t\t\t<div class=\"elementor-element elementor-element-481c2f8 elementor-widget elementor-widget-button\" data-id=\"481c2f8\" data-element_type=\"widget\" data-e-type=\"widget\" data-widget_type=\"button.default\">\n\t\t\t\t\t\t\t\t\t\t<a class=\"elementor-button elementor-button-link elementor-size-sm\" href=\"https:\/\/villasalud.fxdw.dev\/index.php\/contacto\/\">\n\t\t\t\t\t\t<span class=\"elementor-button-content-wrapper\">\n\t\t\t\t\t\t\t\t\t<span class=\"elementor-button-text\">Contacta con nosotros<\/span>\n\t\t\t\t\t<\/span>\n\t\t\t\t\t<\/a>\n\t\t\t\t\t\t\t\t<\/div>\n\t\t\t\t<\/div>\n\t\t\t\t\t<\/div>\n\t\t\t\t<\/div>\n\t\t<div class=\"elementor-element elementor-element-c22ef72 e-flex e-con-boxed e-con e-parent\" data-id=\"c22ef72\" data-element_type=\"container\" data-e-type=\"container\" data-settings=\"{&quot;background_background&quot;:&quot;classic&quot;}\">\n\t\t\t\t\t<div class=\"e-con-inner\">\n\t\t<div class=\"elementor-element elementor-element-b5d0c01 e-con-full e-flex e-con e-child\" data-id=\"b5d0c01\" data-element_type=\"container\" data-e-type=\"container\">\n\t\t\t\t<div class=\"elementor-element elementor-element-7ff5573 elementor-widget elementor-widget-heading\" data-id=\"7ff5573\" data-element_type=\"widget\" data-e-type=\"widget\" data-widget_type=\"heading.default\">\n\t\t\t\t\t<h2 class=\"elementor-heading-title elementor-size-default\">NUESTRO EQUIPO<\/h2>\t\t\t\t<\/div>\n\t\t\t\t<div class=\"elementor-element elementor-element-b862181 elementor-widget elementor-widget-heading\" data-id=\"b862181\" data-element_type=\"widget\" data-e-type=\"widget\" data-widget_type=\"heading.default\">\n\t\t\t\t\t<h2 class=\"elementor-heading-title elementor-size-default\">Especialista en pediatr\u00eda<\/h2>\t\t\t\t<\/div>\n\t\t\t\t<\/div>\n\t\t<div class=\"elementor-element elementor-element-0fd3d86 e-con-full e-flex e-con e-child\" data-id=\"0fd3d86\" data-element_type=\"container\" data-e-type=\"container\" data-settings=\"{&quot;background_background&quot;:&quot;classic&quot;}\">\n\t\t<div class=\"elementor-element elementor-element-81cab04 e-con-full e-flex e-con e-child\" data-id=\"81cab04\" data-element_type=\"container\" data-e-type=\"container\">\n\t\t\t\t<div class=\"elementor-element elementor-element-b191f40 elementor-widget elementor-widget-heading\" data-id=\"b191f40\" data-element_type=\"widget\" data-e-type=\"widget\" data-widget_type=\"heading.default\">\n\t\t\t\t\t<h2 class=\"elementor-heading-title elementor-size-default\">Dra. Dalia Hindo Jazrawi<\/h2>\t\t\t\t<\/div>\n\t\t\t\t<div class=\"elementor-element elementor-element-d25d330 elementor-widget elementor-widget-text-editor\" data-id=\"d25d330\" data-element_type=\"widget\" data-e-type=\"widget\" data-widget_type=\"text-editor.default\">\n\t\t\t\t\t\t\t\t\t<p>Especialista en <strong>pediatr\u00eda<\/strong>\u00a0dedicada al diagn\u00f3stico y tratamiento de las enfermedades infantiles y de las patolog\u00edas espec\u00edficas del sistema nervioso desde el nacimiento hasta los 18 a\u00f1os.<\/p>\t\t\t\t\t\t\t\t<\/div>\n\t\t\t\t<\/div>\n\t\t\t\t<\/div>\n\t\t\t\t\t<\/div>\n\t\t\t\t<\/div>\n\t\t\t\t<\/div>\n\t\t","protected":false},"excerpt":{"rendered":"<p>Pediatr\u00eda La pediatr\u00eda es la especialidad m\u00e9dica dedicada al cuidado de la salud de los ni\u00f1os, desde el nacimiento hasta la adolescencia. En Policl\u00ednica Villasalud ofrecemos atenci\u00f3n pedi\u00e1trica orientada a la prevenci\u00f3n, diagn\u00f3stico y seguimiento de las enfermedades infantiles, acompa\u00f1ando el crecimiento y desarrollo saludable de los m\u00e1s peque\u00f1os. PEDIATR\u00cdA Atenci\u00f3n pedi\u00e1trica La consulta de [&hellip;]<\/p>\n","protected":false},"author":1,"featured_media":0,"parent":17,"menu_order":0,"comment_status":"closed","ping_status":"closed","template":"elementor_header_footer","meta":{"footnotes":""},"class_list":["post-503","page","type-page","status-publish","hentry"],"_links":{"self":[{"href":"https:\/\/policlinicavillasalud.com\/index.php\/wp-json\/wp\/v2\/pages\/503","targetHints":{"allow":["GET"]}}],"collection":[{"href":"https:\/\/policlinicavillasalud.com\/index.php\/wp-json\/wp\/v2\/pages"}],"about":[{"href":"https:\/\/policlinicavillasalud.com\/index.php\/wp-json\/wp\/v2\/types\/page"}],"author":[{"embeddable":true,"href":"https:\/\/policlinicavillasalud.com\/index.php\/wp-json\/wp\/v2\/users\/1"}],"replies":[{"embeddable":true,"href":"https:\/\/policlinicavillasalud.com\/index.php\/wp-json\/wp\/v2\/comments?post=503"}],"version-history":[{"count":22,"href":"https:\/\/policlinicavillasalud.com\/index.php\/wp-json\/wp\/v2\/pages\/503\/revisions"}],"predecessor-version":[{"id":1905,"href":"https:\/\/policlinicavillasalud.com\/index.php\/wp-json\/wp\/v2\/pages\/503\/revisions\/1905"}],"up":[{"embeddable":true,"href":"https:\/\/policlinicavillasalud.com\/index.php\/wp-json\/wp\/v2\/pages\/17"}],"wp:attachment":[{"href":"https:\/\/policlinicavillasalud.com\/index.php\/wp-json\/wp\/v2\/media?parent=503"}],"curies":[{"name":"wp","href":"https:\/\/api.w.org\/{rel}","templated":true}]}}