{"id":507,"date":"2026-03-13T08:34:29","date_gmt":"2026-03-13T08:34:29","guid":{"rendered":"https:\/\/villasalud.fxdw.dev\/?page_id=507"},"modified":"2026-04-09T08:35:12","modified_gmt":"2026-04-09T08:35:12","slug":"psicologia","status":"publish","type":"page","link":"https:\/\/policlinicavillasalud.com\/index.php\/especialidades\/psicologia\/","title":{"rendered":"Psicolog\u00eda"},"content":{"rendered":"\t\t<div data-elementor-type=\"wp-page\" data-elementor-id=\"507\" class=\"elementor elementor-507\" data-elementor-post-type=\"page\">\n\t\t\t\t<div class=\"elementor-element elementor-element-bf0e876 e-con-full e-flex e-con e-parent\" data-id=\"bf0e876\" data-element_type=\"container\" data-e-type=\"container\" data-settings=\"{&quot;background_background&quot;:&quot;classic&quot;}\">\n\t\t<div class=\"elementor-element elementor-element-07a89c3 e-con-full e-flex e-con e-child\" data-id=\"07a89c3\" data-element_type=\"container\" data-e-type=\"container\">\n\t\t<div class=\"elementor-element elementor-element-77432a7 e-con-full e-flex e-con e-child\" data-id=\"77432a7\" data-element_type=\"container\" data-e-type=\"container\">\n\t\t\t\t<div class=\"elementor-element elementor-element-4895196 elementor-widget elementor-widget-heading\" data-id=\"4895196\" data-element_type=\"widget\" data-e-type=\"widget\" data-widget_type=\"heading.default\">\n\t\t\t\t\t<h2 class=\"elementor-heading-title elementor-size-default\">Psicolog\u00eda<\/h2>\t\t\t\t<\/div>\n\t\t\t\t<div class=\"elementor-element elementor-element-8838229 elementor-widget__width-initial elementor-widget elementor-widget-text-editor\" data-id=\"8838229\" data-element_type=\"widget\" data-e-type=\"widget\" data-widget_type=\"text-editor.default\">\n\t\t\t\t\t\t\t\t\t<p>La psicolog\u00eda es la disciplina dedicada al estudio del comportamiento humano, las emociones y los procesos mentales. En Policl\u00ednica Villasalud ofrecemos <strong>atenci\u00f3n psicol\u00f3gica orientada a mejorar el bienestar emocional<\/strong> y ayudar a las personas a afrontar diferentes situaciones personales con mayor equilibrio y seguridad.<\/p>\t\t\t\t\t\t\t\t<\/div>\n\t\t\t\t<div class=\"elementor-element elementor-element-26815ba elementor-widget__width-initial elementor-widget elementor-widget-text-editor\" data-id=\"26815ba\" data-element_type=\"widget\" data-e-type=\"widget\" data-widget_type=\"text-editor.default\">\n\t\t\t\t\t\t\t\t\t<p>Un lugar seguro donde hablar, comprender y avanzar hacia un mayor equilibrio personal.<\/p>\t\t\t\t\t\t\t\t<\/div>\n\t\t\t\t<\/div>\n\t\t<div class=\"elementor-element elementor-element-fd236c2 e-con-full e-flex e-con e-child\" data-id=\"fd236c2\" data-element_type=\"container\" data-e-type=\"container\">\n\t\t\t\t<div class=\"elementor-element elementor-element-20090b1 elementor-widget elementor-widget-image\" data-id=\"20090b1\" data-element_type=\"widget\" data-e-type=\"widget\" data-widget_type=\"image.default\">\n\t\t\t\t\t\t\t\t\t\t\t\t\t\t\t<img fetchpriority=\"high\" decoding=\"async\" width=\"1044\" height=\"1001\" src=\"https:\/\/policlinicavillasalud.com\/wp-content\/uploads\/2026\/03\/psicologia.jpg\" class=\"attachment-full size-full wp-image-1162\" alt=\"\" srcset=\"https:\/\/policlinicavillasalud.com\/wp-content\/uploads\/2026\/03\/psicologia.jpg 1044w, https:\/\/policlinicavillasalud.com\/wp-content\/uploads\/2026\/03\/psicologia-300x288.jpg 300w, https:\/\/policlinicavillasalud.com\/wp-content\/uploads\/2026\/03\/psicologia-1024x982.jpg 1024w, https:\/\/policlinicavillasalud.com\/wp-content\/uploads\/2026\/03\/psicologia-768x736.jpg 768w\" sizes=\"(max-width: 1044px) 100vw, 1044px\" \/>\t\t\t\t\t\t\t\t\t\t\t\t\t\t\t<\/div>\n\t\t\t\t<\/div>\n\t\t\t\t<\/div>\n\t\t\t\t<\/div>\n\t\t<div class=\"elementor-element elementor-element-4506f3b e-flex e-con-boxed e-con e-parent\" data-id=\"4506f3b\" data-element_type=\"container\" data-e-type=\"container\" data-settings=\"{&quot;background_background&quot;:&quot;classic&quot;}\">\n\t\t\t\t\t<div class=\"e-con-inner\">\n\t\t<div class=\"elementor-element elementor-element-932344b e-con-full e-flex e-con e-child\" data-id=\"932344b\" data-element_type=\"container\" data-e-type=\"container\">\n\t\t\t\t<div class=\"elementor-element elementor-element-72f07c9 elementor-widget elementor-widget-heading\" data-id=\"72f07c9\" data-element_type=\"widget\" data-e-type=\"widget\" data-widget_type=\"heading.default\">\n\t\t\t\t\t<h2 class=\"elementor-heading-title elementor-size-default\">PSICOLOG\u00cdA<\/h2>\t\t\t\t<\/div>\n\t\t\t\t<div class=\"elementor-element elementor-element-4004714 elementor-widget elementor-widget-heading\" data-id=\"4004714\" data-element_type=\"widget\" data-e-type=\"widget\" data-widget_type=\"heading.default\">\n\t\t\t\t\t<h2 class=\"elementor-heading-title elementor-size-default\">Atenci\u00f3n<br> psicol\u00f3gica<\/h2>\t\t\t\t<\/div>\n\t\t\t\t<\/div>\n\t\t<div class=\"elementor-element elementor-element-7fba8ae e-con-full e-flex e-con e-child\" data-id=\"7fba8ae\" data-element_type=\"container\" data-e-type=\"container\">\n\t\t\t\t<div class=\"elementor-element elementor-element-9a0ddfd elementor-widget elementor-widget-text-editor\" data-id=\"9a0ddfd\" data-element_type=\"widget\" data-e-type=\"widget\" data-widget_type=\"text-editor.default\">\n\t\t\t\t\t\t\t\t\t<p data-start=\"540\" data-end=\"745\">La consulta de psicolog\u00eda ofrece un <strong>espacio profesional de escucha, orientaci\u00f3n y acompa\u00f1amiento<\/strong> donde el paciente puede abordar las dificultades emocionales o personales que puedan afectar a su bienestar.<\/p><p data-start=\"747\" data-end=\"982\">El objetivo es comprender las necesidades de cada persona y ofrecer herramientas que permitan mejorar la gesti\u00f3n emocional, las relaciones personales y la calidad de vida, siempre en un entorno de confianza, respeto y confidencialidad.<\/p>\t\t\t\t\t\t\t\t<\/div>\n\t\t\t\t<\/div>\n\t\t\t\t\t<\/div>\n\t\t\t\t<\/div>\n\t\t<div class=\"elementor-element elementor-element-4544f1e e-flex e-con-boxed e-con e-parent\" data-id=\"4544f1e\" data-element_type=\"container\" data-e-type=\"container\" data-settings=\"{&quot;background_background&quot;:&quot;classic&quot;}\">\n\t\t\t\t\t<div class=\"e-con-inner\">\n\t\t<div class=\"elementor-element elementor-element-7da09a1 e-con-full e-flex e-con e-child\" data-id=\"7da09a1\" data-element_type=\"container\" data-e-type=\"container\">\n\t\t\t\t<div class=\"elementor-element elementor-element-6ed828a elementor-widget elementor-widget-heading\" data-id=\"6ed828a\" data-element_type=\"widget\" data-e-type=\"widget\" data-widget_type=\"heading.default\">\n\t\t\t\t\t<h2 class=\"elementor-heading-title elementor-size-default\">Motivos de consulta m\u00e1s frecuentes<\/h2>\t\t\t\t<\/div>\n\t\t\t\t<div class=\"elementor-element elementor-element-260511a elementor-widget__width-initial elementor-widget elementor-widget-text-editor\" data-id=\"260511a\" data-element_type=\"widget\" data-e-type=\"widget\" data-widget_type=\"text-editor.default\">\n\t\t\t\t\t\t\t\t\t<p>Entre las situaciones m\u00e1s habituales que se abordan en la consulta de psicolog\u00eda se encuentran:<\/p>\t\t\t\t\t\t\t\t<\/div>\n\t\t\t\t<div class=\"elementor-element elementor-element-e352b0e elementor-widget elementor-widget-text-editor\" data-id=\"e352b0e\" data-element_type=\"widget\" data-e-type=\"widget\" data-widget_type=\"text-editor.default\">\n\t\t\t\t\t\t\t\t\t<p>Problemas de estr\u00e9s o ansiedad<\/p><p>Dificultades emocionales<\/p><p>Problemas de autoestima<\/p><p>Situaciones personales o familiares complejas<\/p><p>Dificultades en la gesti\u00f3n de emociones<\/p><p>Procesos de adaptaci\u00f3n a cambios importantes en la vida<\/p>\t\t\t\t\t\t\t\t<\/div>\n\t\t\t\t<\/div>\n\t\t<div class=\"elementor-element elementor-element-e2d4d5c e-con-full e-flex e-con e-child\" data-id=\"e2d4d5c\" data-element_type=\"container\" data-e-type=\"container\">\n\t\t\t\t<div class=\"elementor-element elementor-element-91dc887 elementor-widget elementor-widget-image\" data-id=\"91dc887\" data-element_type=\"widget\" data-e-type=\"widget\" data-widget_type=\"image.default\">\n\t\t\t\t\t\t\t\t\t\t\t\t\t\t\t<img decoding=\"async\" width=\"900\" height=\"900\" src=\"https:\/\/policlinicavillasalud.com\/wp-content\/uploads\/2026\/03\/PSICOLOGIA1.jpg\" class=\"attachment-full size-full wp-image-1172\" alt=\"\" srcset=\"https:\/\/policlinicavillasalud.com\/wp-content\/uploads\/2026\/03\/PSICOLOGIA1.jpg 900w, https:\/\/policlinicavillasalud.com\/wp-content\/uploads\/2026\/03\/PSICOLOGIA1-300x300.jpg 300w, https:\/\/policlinicavillasalud.com\/wp-content\/uploads\/2026\/03\/PSICOLOGIA1-150x150.jpg 150w, https:\/\/policlinicavillasalud.com\/wp-content\/uploads\/2026\/03\/PSICOLOGIA1-768x768.jpg 768w\" sizes=\"(max-width: 900px) 100vw, 900px\" \/>\t\t\t\t\t\t\t\t\t\t\t\t\t\t\t<\/div>\n\t\t\t\t<\/div>\n\t\t\t\t\t<\/div>\n\t\t\t\t<\/div>\n\t\t<div class=\"elementor-element elementor-element-f7cbddf e-flex e-con-boxed e-con e-parent\" data-id=\"f7cbddf\" data-element_type=\"container\" data-e-type=\"container\" data-settings=\"{&quot;background_background&quot;:&quot;classic&quot;}\">\n\t\t\t\t\t<div class=\"e-con-inner\">\n\t\t<div class=\"elementor-element elementor-element-26de751 e-con-full e-flex e-con e-child\" data-id=\"26de751\" data-element_type=\"container\" data-e-type=\"container\">\n\t\t\t\t<div class=\"elementor-element elementor-element-2ecbd36 elementor-widget elementor-widget-text-editor\" data-id=\"2ecbd36\" data-element_type=\"widget\" data-e-type=\"widget\" data-widget_type=\"text-editor.default\">\n\t\t\t\t\t\t\t\t\t<p>En Policl\u00ednica Villasalud trabajamos para ofrecer una atenci\u00f3n psicol\u00f3gica cercana y profesional, ayudando a cada paciente a comprender mejor sus emociones y a desarrollar recursos personales que favorezcan su bienestar y equilibrio emocional.<\/p>\t\t\t\t\t\t\t\t<\/div>\n\t\t\t\t<div class=\"elementor-element elementor-element-2c7dc24 elementor-widget elementor-widget-button\" data-id=\"2c7dc24\" data-element_type=\"widget\" data-e-type=\"widget\" data-widget_type=\"button.default\">\n\t\t\t\t\t\t\t\t\t\t<a class=\"elementor-button elementor-button-link elementor-size-sm\" href=\"https:\/\/villasalud.fxdw.dev\/index.php\/contacto\/\">\n\t\t\t\t\t\t<span class=\"elementor-button-content-wrapper\">\n\t\t\t\t\t\t\t\t\t<span class=\"elementor-button-text\">Contacta con nosotros y agenda tu cita<\/span>\n\t\t\t\t\t<\/span>\n\t\t\t\t\t<\/a>\n\t\t\t\t\t\t\t\t<\/div>\n\t\t\t\t<\/div>\n\t\t\t\t\t<\/div>\n\t\t\t\t<\/div>\n\t\t<div class=\"elementor-element elementor-element-a95beef e-flex e-con-boxed e-con e-parent\" data-id=\"a95beef\" data-element_type=\"container\" data-e-type=\"container\" data-settings=\"{&quot;background_background&quot;:&quot;classic&quot;}\">\n\t\t\t\t\t<div class=\"e-con-inner\">\n\t\t<div class=\"elementor-element elementor-element-9a716f7 e-con-full e-flex e-con e-child\" data-id=\"9a716f7\" data-element_type=\"container\" data-e-type=\"container\">\n\t\t\t\t<div class=\"elementor-element elementor-element-7323d8f elementor-widget elementor-widget-heading\" data-id=\"7323d8f\" data-element_type=\"widget\" data-e-type=\"widget\" data-widget_type=\"heading.default\">\n\t\t\t\t\t<h2 class=\"elementor-heading-title elementor-size-default\">NUESTRO EQUIPO<\/h2>\t\t\t\t<\/div>\n\t\t\t\t<div class=\"elementor-element elementor-element-a0fbbb5 elementor-widget elementor-widget-heading\" data-id=\"a0fbbb5\" data-element_type=\"widget\" data-e-type=\"widget\" data-widget_type=\"heading.default\">\n\t\t\t\t\t<h2 class=\"elementor-heading-title elementor-size-default\">Especialistas en psicolog\u00eda<\/h2>\t\t\t\t<\/div>\n\t\t\t\t<div class=\"elementor-element elementor-element-b733129 elementor-widget__width-initial elementor-widget elementor-widget-text-editor\" data-id=\"b733129\" data-element_type=\"widget\" data-e-type=\"widget\" data-widget_type=\"text-editor.default\">\n\t\t\t\t\t\t\t\t\t<p>Especialistas en psicolog\u00eda dedicadas al estudio y comprensi\u00f3n del comportamiento humano y al acompa\u00f1amiento terap\u00e9utico orientado a mejorar el bienestar emocional de los pacientes.<\/p>\t\t\t\t\t\t\t\t<\/div>\n\t\t<div class=\"elementor-element elementor-element-845ded9 e-con-full e-flex e-con e-child\" data-id=\"845ded9\" data-element_type=\"container\" data-e-type=\"container\">\n\t\t<div class=\"elementor-element elementor-element-5fa7d24 e-con-full e-flex e-con e-child\" data-id=\"5fa7d24\" data-element_type=\"container\" data-e-type=\"container\" data-settings=\"{&quot;background_background&quot;:&quot;classic&quot;}\">\n\t\t\t\t<div class=\"elementor-element elementor-element-0907418 elementor-widget elementor-widget-heading\" data-id=\"0907418\" data-element_type=\"widget\" data-e-type=\"widget\" data-widget_type=\"heading.default\">\n\t\t\t\t\t<h2 class=\"elementor-heading-title elementor-size-default\">D\u00f1a. Lourdes N\u00fa\u00f1ez de Arenas Constanti<\/h2>\t\t\t\t<\/div>\n\t\t\t\t<\/div>\n\t\t<div class=\"elementor-element elementor-element-59ad706 e-con-full e-flex e-con e-child\" data-id=\"59ad706\" data-element_type=\"container\" data-e-type=\"container\" data-settings=\"{&quot;background_background&quot;:&quot;classic&quot;}\">\n\t\t\t\t<div class=\"elementor-element elementor-element-9943b5f elementor-widget elementor-widget-heading\" data-id=\"9943b5f\" data-element_type=\"widget\" data-e-type=\"widget\" data-widget_type=\"heading.default\">\n\t\t\t\t\t<h2 class=\"elementor-heading-title elementor-size-default\">D\u00f1a. Araceli Rinc\u00f3n Garc\u00eda <\/h2>\t\t\t\t<\/div>\n\t\t\t\t<\/div>\n\t\t<div class=\"elementor-element elementor-element-f541034 e-con-full e-flex e-con e-child\" data-id=\"f541034\" data-element_type=\"container\" data-e-type=\"container\" data-settings=\"{&quot;background_background&quot;:&quot;classic&quot;}\">\n\t\t\t\t<div class=\"elementor-element elementor-element-5567f62 elementor-widget elementor-widget-heading\" data-id=\"5567f62\" data-element_type=\"widget\" data-e-type=\"widget\" data-widget_type=\"heading.default\">\n\t\t\t\t\t<h2 class=\"elementor-heading-title elementor-size-default\">D\u00f1a. Raquel L\u00f3pez Llamas<\/h2>\t\t\t\t<\/div>\n\t\t\t\t<\/div>\n\t\t\t\t<\/div>\n\t\t\t\t<\/div>\n\t\t\t\t\t<\/div>\n\t\t\t\t<\/div>\n\t\t\t\t<\/div>\n\t\t","protected":false},"excerpt":{"rendered":"<p>Psicolog\u00eda La psicolog\u00eda es la disciplina dedicada al estudio del comportamiento humano, las emociones y los procesos mentales. En Policl\u00ednica Villasalud ofrecemos atenci\u00f3n psicol\u00f3gica orientada a mejorar el bienestar emocional y ayudar a las personas a afrontar diferentes situaciones personales con mayor equilibrio y seguridad. Un lugar seguro donde hablar, comprender y avanzar hacia un [&hellip;]<\/p>\n","protected":false},"author":1,"featured_media":0,"parent":17,"menu_order":0,"comment_status":"closed","ping_status":"closed","template":"elementor_header_footer","meta":{"footnotes":""},"class_list":["post-507","page","type-page","status-publish","hentry"],"_links":{"self":[{"href":"https:\/\/policlinicavillasalud.com\/index.php\/wp-json\/wp\/v2\/pages\/507","targetHints":{"allow":["GET"]}}],"collection":[{"href":"https:\/\/policlinicavillasalud.com\/index.php\/wp-json\/wp\/v2\/pages"}],"about":[{"href":"https:\/\/policlinicavillasalud.com\/index.php\/wp-json\/wp\/v2\/types\/page"}],"author":[{"embeddable":true,"href":"https:\/\/policlinicavillasalud.com\/index.php\/wp-json\/wp\/v2\/users\/1"}],"replies":[{"embeddable":true,"href":"https:\/\/policlinicavillasalud.com\/index.php\/wp-json\/wp\/v2\/comments?post=507"}],"version-history":[{"count":64,"href":"https:\/\/policlinicavillasalud.com\/index.php\/wp-json\/wp\/v2\/pages\/507\/revisions"}],"predecessor-version":[{"id":1923,"href":"https:\/\/policlinicavillasalud.com\/index.php\/wp-json\/wp\/v2\/pages\/507\/revisions\/1923"}],"up":[{"embeddable":true,"href":"https:\/\/policlinicavillasalud.com\/index.php\/wp-json\/wp\/v2\/pages\/17"}],"wp:attachment":[{"href":"https:\/\/policlinicavillasalud.com\/index.php\/wp-json\/wp\/v2\/media?parent=507"}],"curies":[{"name":"wp","href":"https:\/\/api.w.org\/{rel}","templated":true}]}}