{"id":511,"date":"2026-03-13T08:35:06","date_gmt":"2026-03-13T08:35:06","guid":{"rendered":"https:\/\/villasalud.fxdw.dev\/?page_id=511"},"modified":"2026-03-30T11:13:53","modified_gmt":"2026-03-30T11:13:53","slug":"traumatologia","status":"publish","type":"page","link":"https:\/\/policlinicavillasalud.com\/index.php\/especialidades\/traumatologia\/","title":{"rendered":"Traumatolog\u00eda"},"content":{"rendered":"\t\t<div data-elementor-type=\"wp-page\" data-elementor-id=\"511\" class=\"elementor elementor-511\" data-elementor-post-type=\"page\">\n\t\t\t\t<div class=\"elementor-element elementor-element-da91802 e-con-full e-flex e-con e-parent\" data-id=\"da91802\" data-element_type=\"container\" data-e-type=\"container\" data-settings=\"{&quot;background_background&quot;:&quot;classic&quot;}\">\n\t\t<div class=\"elementor-element elementor-element-9821d87 e-con-full e-flex e-con e-child\" data-id=\"9821d87\" data-element_type=\"container\" data-e-type=\"container\">\n\t\t<div class=\"elementor-element elementor-element-d713b83 e-con-full e-flex e-con e-child\" data-id=\"d713b83\" data-element_type=\"container\" data-e-type=\"container\">\n\t\t\t\t<div class=\"elementor-element elementor-element-76a6c6c elementor-widget elementor-widget-heading\" data-id=\"76a6c6c\" data-element_type=\"widget\" data-e-type=\"widget\" data-widget_type=\"heading.default\">\n\t\t\t\t\t<h2 class=\"elementor-heading-title elementor-size-default\">Traumatolog\u00eda<\/h2>\t\t\t\t<\/div>\n\t\t\t\t<\/div>\n\t\t<div class=\"elementor-element elementor-element-74c53dd e-con-full e-flex e-con e-child\" data-id=\"74c53dd\" data-element_type=\"container\" data-e-type=\"container\">\n\t\t\t\t<div class=\"elementor-element elementor-element-85b7520 elementor-widget__width-initial elementor-widget elementor-widget-text-editor\" data-id=\"85b7520\" data-element_type=\"widget\" data-e-type=\"widget\" data-widget_type=\"text-editor.default\">\n\t\t\t\t\t\t\t\t\t<p data-start=\"204\" data-end=\"526\">La traumatolog\u00eda es la especialidad m\u00e9dica dedicada al <strong>estudio, diagn\u00f3stico y tratamiento de las lesiones y alteraciones que afectan al aparato locomotor<\/strong>. Esta especialidad se centra en las estructuras que permiten el movimiento del cuerpo, como los huesos, las articulaciones, los m\u00fasculos, los ligamentos y los tendones.<\/p><p data-start=\"528\" data-end=\"691\">En Policl\u00ednica Villasalud ofrecemos atenci\u00f3n especializada para la valoraci\u00f3n y seguimiento de diferentes problemas relacionados con el sistema musculoesquel\u00e9tico.<\/p>\t\t\t\t\t\t\t\t<\/div>\n\t\t\t\t<\/div>\n\t\t\t\t<\/div>\n\t\t\t\t<div class=\"elementor-element elementor-element-fa1c93d elementor-widget elementor-widget-image\" data-id=\"fa1c93d\" data-element_type=\"widget\" data-e-type=\"widget\" data-widget_type=\"image.default\">\n\t\t\t\t\t\t\t\t\t\t\t\t\t\t\t<img fetchpriority=\"high\" decoding=\"async\" width=\"2000\" height=\"964\" src=\"https:\/\/policlinicavillasalud.com\/wp-content\/uploads\/2026\/03\/traumatologia.jpg\" class=\"attachment-full size-full wp-image-1258\" alt=\"\" srcset=\"https:\/\/policlinicavillasalud.com\/wp-content\/uploads\/2026\/03\/traumatologia.jpg 2000w, https:\/\/policlinicavillasalud.com\/wp-content\/uploads\/2026\/03\/traumatologia-300x145.jpg 300w, https:\/\/policlinicavillasalud.com\/wp-content\/uploads\/2026\/03\/traumatologia-1024x494.jpg 1024w, https:\/\/policlinicavillasalud.com\/wp-content\/uploads\/2026\/03\/traumatologia-768x370.jpg 768w, https:\/\/policlinicavillasalud.com\/wp-content\/uploads\/2026\/03\/traumatologia-1536x740.jpg 1536w\" sizes=\"(max-width: 2000px) 100vw, 2000px\" \/>\t\t\t\t\t\t\t\t\t\t\t\t\t\t\t<\/div>\n\t\t\t\t<\/div>\n\t\t<div class=\"elementor-element elementor-element-ee76776 e-flex e-con-boxed e-con e-parent\" data-id=\"ee76776\" data-element_type=\"container\" data-e-type=\"container\" data-settings=\"{&quot;background_background&quot;:&quot;classic&quot;}\">\n\t\t\t\t\t<div class=\"e-con-inner\">\n\t\t<div class=\"elementor-element elementor-element-956be51 e-con-full e-flex e-con e-child\" data-id=\"956be51\" data-element_type=\"container\" data-e-type=\"container\">\n\t\t\t\t<div class=\"elementor-element elementor-element-7ed9952 elementor-widget elementor-widget-heading\" data-id=\"7ed9952\" data-element_type=\"widget\" data-e-type=\"widget\" data-widget_type=\"heading.default\">\n\t\t\t\t\t<h2 class=\"elementor-heading-title elementor-size-default\">TRAUMATOLOG\u00cdA<\/h2>\t\t\t\t<\/div>\n\t\t\t\t<div class=\"elementor-element elementor-element-543bb48 elementor-widget elementor-widget-heading\" data-id=\"543bb48\" data-element_type=\"widget\" data-e-type=\"widget\" data-widget_type=\"heading.default\">\n\t\t\t\t\t<h2 class=\"elementor-heading-title elementor-size-default\">Atenci\u00f3n en traumatolog\u00eda<\/h2>\t\t\t\t<\/div>\n\t\t\t\t<\/div>\n\t\t<div class=\"elementor-element elementor-element-2b2fc9f e-con-full e-flex e-con e-child\" data-id=\"2b2fc9f\" data-element_type=\"container\" data-e-type=\"container\">\n\t\t\t\t<div class=\"elementor-element elementor-element-19579e9 elementor-widget elementor-widget-text-editor\" data-id=\"19579e9\" data-element_type=\"widget\" data-e-type=\"widget\" data-widget_type=\"text-editor.default\">\n\t\t\t\t\t\t\t\t\t<p data-start=\"728\" data-end=\"1030\">La consulta de traumatolog\u00eda permite estudiar distintas lesiones o dolencias que pueden afectar al movimiento y a la funcionalidad del cuerpo. El especialista realiza una valoraci\u00f3n cl\u00ednica para identificar el origen del problema y orientar el tratamiento o seguimiento m\u00e1s adecuado para cada paciente.<\/p><p data-start=\"1032\" data-end=\"1146\">El objetivo es mejorar la movilidad, reducir el dolor y favorecer la recuperaci\u00f3n funcional del aparato locomotor.<\/p>\t\t\t\t\t\t\t\t<\/div>\n\t\t\t\t<\/div>\n\t\t\t\t\t<\/div>\n\t\t\t\t<\/div>\n\t\t<div class=\"elementor-element elementor-element-88e0513 e-con-full e-flex e-con e-parent\" data-id=\"88e0513\" data-element_type=\"container\" data-e-type=\"container\" data-settings=\"{&quot;background_background&quot;:&quot;classic&quot;}\">\n\t\t<div class=\"elementor-element elementor-element-0483fc3 e-con-full e-flex e-con e-child\" data-id=\"0483fc3\" data-element_type=\"container\" data-e-type=\"container\">\n\t\t\t\t<div class=\"elementor-element elementor-element-1a88440 elementor-widget elementor-widget-heading\" data-id=\"1a88440\" data-element_type=\"widget\" data-e-type=\"widget\" data-widget_type=\"heading.default\">\n\t\t\t\t\t<h2 class=\"elementor-heading-title elementor-size-default\">Problemas traumatol\u00f3gicos m\u00e1s frecuentes<\/h2>\t\t\t\t<\/div>\n\t\t\t\t<div class=\"elementor-element elementor-element-2a33967 elementor-widget__width-initial elementor-widget elementor-widget-text-editor\" data-id=\"2a33967\" data-element_type=\"widget\" data-e-type=\"widget\" data-widget_type=\"text-editor.default\">\n\t\t\t\t\t\t\t\t\t<p>Entre las consultas m\u00e1s habituales en traumatolog\u00eda se encuentran:<\/p>\t\t\t\t\t\t\t\t<\/div>\n\t\t\t\t<div class=\"elementor-element elementor-element-0c4b4e6 elementor-widget elementor-widget-text-editor\" data-id=\"0c4b4e6\" data-element_type=\"widget\" data-e-type=\"widget\" data-widget_type=\"text-editor.default\">\n\t\t\t\t\t\t\t\t\t<p>Lesiones musculares o articulares<\/p><p>Dolor de espalda o cervical<\/p><p>Problemas en rodillas, hombros u otras articulaciones<\/p><p>Lesiones deportivas<\/p><p>Dolencias relacionadas con huesos, ligamentos o tendones<\/p>\t\t\t\t\t\t\t\t<\/div>\n\t\t\t\t<\/div>\n\t\t<div class=\"elementor-element elementor-element-a2b9528 e-con-full e-flex e-con e-child\" data-id=\"a2b9528\" data-element_type=\"container\" data-e-type=\"container\">\n\t\t\t\t<div class=\"elementor-element elementor-element-ca21811 elementor-widget elementor-widget-image\" data-id=\"ca21811\" data-element_type=\"widget\" data-e-type=\"widget\" data-widget_type=\"image.default\">\n\t\t\t\t\t\t\t\t\t\t\t\t\t\t\t<img decoding=\"async\" width=\"863\" height=\"1270\" src=\"https:\/\/policlinicavillasalud.com\/wp-content\/uploads\/2026\/03\/TRAUMATOLOGO1.jpg\" class=\"attachment-full size-full wp-image-1259\" alt=\"\" srcset=\"https:\/\/policlinicavillasalud.com\/wp-content\/uploads\/2026\/03\/TRAUMATOLOGO1.jpg 863w, https:\/\/policlinicavillasalud.com\/wp-content\/uploads\/2026\/03\/TRAUMATOLOGO1-204x300.jpg 204w, https:\/\/policlinicavillasalud.com\/wp-content\/uploads\/2026\/03\/TRAUMATOLOGO1-696x1024.jpg 696w, https:\/\/policlinicavillasalud.com\/wp-content\/uploads\/2026\/03\/TRAUMATOLOGO1-768x1130.jpg 768w\" sizes=\"(max-width: 863px) 100vw, 863px\" \/>\t\t\t\t\t\t\t\t\t\t\t\t\t\t\t<\/div>\n\t\t\t\t<\/div>\n\t\t\t\t<\/div>\n\t\t<div class=\"elementor-element elementor-element-33ba6f5 e-flex e-con-boxed e-con e-parent\" data-id=\"33ba6f5\" data-element_type=\"container\" data-e-type=\"container\" data-settings=\"{&quot;background_background&quot;:&quot;classic&quot;}\">\n\t\t\t\t\t<div class=\"e-con-inner\">\n\t\t<div class=\"elementor-element elementor-element-cb7a5d1 e-con-full e-flex e-con e-child\" data-id=\"cb7a5d1\" data-element_type=\"container\" data-e-type=\"container\">\n\t\t\t\t<div class=\"elementor-element elementor-element-dfaa4de elementor-widget elementor-widget-heading\" data-id=\"dfaa4de\" data-element_type=\"widget\" data-e-type=\"widget\" data-widget_type=\"heading.default\">\n\t\t\t\t\t<h2 class=\"elementor-heading-title elementor-size-default\">NUESTRO EQUIPO<\/h2>\t\t\t\t<\/div>\n\t\t\t\t<div class=\"elementor-element elementor-element-869967e elementor-widget elementor-widget-heading\" data-id=\"869967e\" data-element_type=\"widget\" data-e-type=\"widget\" data-widget_type=\"heading.default\">\n\t\t\t\t\t<h2 class=\"elementor-heading-title elementor-size-default\">Especialista en traumatolog\u00eda<\/h2>\t\t\t\t<\/div>\n\t\t\t\t<\/div>\n\t\t<div class=\"elementor-element elementor-element-eb48de8 e-con-full e-flex e-con e-child\" data-id=\"eb48de8\" data-element_type=\"container\" data-e-type=\"container\" data-settings=\"{&quot;background_background&quot;:&quot;classic&quot;}\">\n\t\t<div class=\"elementor-element elementor-element-3de7b7e e-con-full e-flex e-con e-child\" data-id=\"3de7b7e\" data-element_type=\"container\" data-e-type=\"container\">\n\t\t\t\t<div class=\"elementor-element elementor-element-057d57c elementor-widget elementor-widget-heading\" data-id=\"057d57c\" data-element_type=\"widget\" data-e-type=\"widget\" data-widget_type=\"heading.default\">\n\t\t\t\t\t<h2 class=\"elementor-heading-title elementor-size-default\">Dr. Mazen Abo Laban<\/h2>\t\t\t\t<\/div>\n\t\t\t\t<div class=\"elementor-element elementor-element-ba88d77 elementor-widget elementor-widget-text-editor\" data-id=\"ba88d77\" data-element_type=\"widget\" data-e-type=\"widget\" data-widget_type=\"text-editor.default\">\n\t\t\t\t\t\t\t\t\t<p>Especialista en traumatolog\u00eda dedicado al diagn\u00f3stico, tratamiento y seguimiento de las lesiones y dolencias que afectan al aparato locomotor.<\/p>\t\t\t\t\t\t\t\t<\/div>\n\t\t\t\t<\/div>\n\t\t\t\t<\/div>\n\t\t\t\t\t<\/div>\n\t\t\t\t<\/div>\n\t\t\t\t<\/div>\n\t\t","protected":false},"excerpt":{"rendered":"<p>Traumatolog\u00eda La traumatolog\u00eda es la especialidad m\u00e9dica dedicada al estudio, diagn\u00f3stico y tratamiento de las lesiones y alteraciones que afectan al aparato locomotor. Esta especialidad se centra en las estructuras que permiten el movimiento del cuerpo, como los huesos, las articulaciones, los m\u00fasculos, los ligamentos y los tendones. En Policl\u00ednica Villasalud ofrecemos atenci\u00f3n especializada para [&hellip;]<\/p>\n","protected":false},"author":1,"featured_media":0,"parent":17,"menu_order":0,"comment_status":"closed","ping_status":"closed","template":"elementor_header_footer","meta":{"footnotes":""},"class_list":["post-511","page","type-page","status-publish","hentry"],"_links":{"self":[{"href":"https:\/\/policlinicavillasalud.com\/index.php\/wp-json\/wp\/v2\/pages\/511","targetHints":{"allow":["GET"]}}],"collection":[{"href":"https:\/\/policlinicavillasalud.com\/index.php\/wp-json\/wp\/v2\/pages"}],"about":[{"href":"https:\/\/policlinicavillasalud.com\/index.php\/wp-json\/wp\/v2\/types\/page"}],"author":[{"embeddable":true,"href":"https:\/\/policlinicavillasalud.com\/index.php\/wp-json\/wp\/v2\/users\/1"}],"replies":[{"embeddable":true,"href":"https:\/\/policlinicavillasalud.com\/index.php\/wp-json\/wp\/v2\/comments?post=511"}],"version-history":[{"count":16,"href":"https:\/\/policlinicavillasalud.com\/index.php\/wp-json\/wp\/v2\/pages\/511\/revisions"}],"predecessor-version":[{"id":1832,"href":"https:\/\/policlinicavillasalud.com\/index.php\/wp-json\/wp\/v2\/pages\/511\/revisions\/1832"}],"up":[{"embeddable":true,"href":"https:\/\/policlinicavillasalud.com\/index.php\/wp-json\/wp\/v2\/pages\/17"}],"wp:attachment":[{"href":"https:\/\/policlinicavillasalud.com\/index.php\/wp-json\/wp\/v2\/media?parent=511"}],"curies":[{"name":"wp","href":"https:\/\/api.w.org\/{rel}","templated":true}]}}