{"id":513,"date":"2026-03-13T08:35:26","date_gmt":"2026-03-13T08:35:26","guid":{"rendered":"https:\/\/villasalud.fxdw.dev\/?page_id=513"},"modified":"2026-04-09T08:36:03","modified_gmt":"2026-04-09T08:36:03","slug":"radiologia","status":"publish","type":"page","link":"https:\/\/policlinicavillasalud.com\/index.php\/especialidades\/radiologia\/","title":{"rendered":"Radiolog\u00eda"},"content":{"rendered":"\t\t<div data-elementor-type=\"wp-page\" data-elementor-id=\"513\" class=\"elementor elementor-513\" data-elementor-post-type=\"page\">\n\t\t\t\t<div class=\"elementor-element elementor-element-87fa0b8 e-flex e-con-boxed e-con e-parent\" data-id=\"87fa0b8\" data-element_type=\"container\" data-e-type=\"container\" data-settings=\"{&quot;background_background&quot;:&quot;classic&quot;}\">\n\t\t\t\t\t<div class=\"e-con-inner\">\n\t\t<div class=\"elementor-element elementor-element-4d79542 e-con-full e-flex e-con e-child\" data-id=\"4d79542\" data-element_type=\"container\" data-e-type=\"container\">\n\t\t<div class=\"elementor-element elementor-element-80174fc e-con-full e-flex e-con e-child\" data-id=\"80174fc\" data-element_type=\"container\" data-e-type=\"container\">\n\t\t\t\t<div class=\"elementor-element elementor-element-1f15e72 elementor-widget elementor-widget-heading\" data-id=\"1f15e72\" data-element_type=\"widget\" data-e-type=\"widget\" data-widget_type=\"heading.default\">\n\t\t\t\t\t<h2 class=\"elementor-heading-title elementor-size-default\">Radiolog\u00eda<\/h2>\t\t\t\t<\/div>\n\t\t\t\t<div class=\"elementor-element elementor-element-84975a9 elementor-widget__width-initial elementor-widget elementor-widget-text-editor\" data-id=\"84975a9\" data-element_type=\"widget\" data-e-type=\"widget\" data-widget_type=\"text-editor.default\">\n\t\t\t\t\t\t\t\t\t<p data-start=\"194\" data-end=\"487\">La radiolog\u00eda es la <strong>especialidad m\u00e9dica dedicada a la obtenci\u00f3n e interpretaci\u00f3n de im\u00e1genes del interior del cuerpo<\/strong> que permiten estudiar diferentes \u00f3rganos y estructuras. Estas im\u00e1genes ayudan a los especialistas a detectar alteraciones y a orientar el diagn\u00f3stico de numerosas enfermedades.<\/p><p data-start=\"489\" data-end=\"686\">En Policl\u00ednica Villasalud ofrecemos atenci\u00f3n radiol\u00f3gica orientada a la realizaci\u00f3n y valoraci\u00f3n de distintas pruebas de imagen que contribuyen al estudio del estado de salud de nuestros pacientes.<\/p>\t\t\t\t\t\t\t\t<\/div>\n\t\t\t\t<\/div>\n\t\t<div class=\"elementor-element elementor-element-ce06721 e-con-full e-flex e-con e-child\" data-id=\"ce06721\" data-element_type=\"container\" data-e-type=\"container\">\n\t\t\t\t<div class=\"elementor-element elementor-element-1bb730a elementor-widget elementor-widget-image\" data-id=\"1bb730a\" data-element_type=\"widget\" data-e-type=\"widget\" data-widget_type=\"image.default\">\n\t\t\t\t\t\t\t\t\t\t\t\t\t\t\t<img fetchpriority=\"high\" decoding=\"async\" width=\"1166\" height=\"1333\" src=\"https:\/\/policlinicavillasalud.com\/wp-content\/uploads\/2026\/03\/radiologia.jpg\" class=\"attachment-full size-full wp-image-1239\" alt=\"\" srcset=\"https:\/\/policlinicavillasalud.com\/wp-content\/uploads\/2026\/03\/radiologia.jpg 1166w, https:\/\/policlinicavillasalud.com\/wp-content\/uploads\/2026\/03\/radiologia-262x300.jpg 262w, https:\/\/policlinicavillasalud.com\/wp-content\/uploads\/2026\/03\/radiologia-896x1024.jpg 896w, https:\/\/policlinicavillasalud.com\/wp-content\/uploads\/2026\/03\/radiologia-768x878.jpg 768w\" sizes=\"(max-width: 1166px) 100vw, 1166px\" \/>\t\t\t\t\t\t\t\t\t\t\t\t\t\t\t<\/div>\n\t\t\t\t<\/div>\n\t\t\t\t<\/div>\n\t\t\t\t\t<\/div>\n\t\t\t\t<\/div>\n\t\t<div class=\"elementor-element elementor-element-13ad95d e-flex e-con-boxed e-con e-parent\" data-id=\"13ad95d\" data-element_type=\"container\" data-e-type=\"container\" data-settings=\"{&quot;background_background&quot;:&quot;classic&quot;}\">\n\t\t\t\t\t<div class=\"e-con-inner\">\n\t\t<div class=\"elementor-element elementor-element-46db820 e-con-full e-flex e-con e-child\" data-id=\"46db820\" data-element_type=\"container\" data-e-type=\"container\">\n\t\t\t\t<div class=\"elementor-element elementor-element-598670f elementor-widget elementor-widget-heading\" data-id=\"598670f\" data-element_type=\"widget\" data-e-type=\"widget\" data-widget_type=\"heading.default\">\n\t\t\t\t\t<h2 class=\"elementor-heading-title elementor-size-default\">Diagn\u00f3stico por imagen<\/h2>\t\t\t\t<\/div>\n\t\t\t\t<div class=\"elementor-element elementor-element-38b193f elementor-widget elementor-widget-text-editor\" data-id=\"38b193f\" data-element_type=\"widget\" data-e-type=\"widget\" data-widget_type=\"text-editor.default\">\n\t\t\t\t\t\t\t\t\t<p data-start=\"720\" data-end=\"955\">La radiolog\u00eda utiliza diferentes t\u00e9cnicas y agentes f\u00edsicos para generar im\u00e1genes del interior del organismo. Estas pruebas permiten visualizar \u00f3rganos, tejidos y estructuras internas sin necesidad de realizar procedimientos invasivos.<\/p><p data-start=\"957\" data-end=\"1178\">Entre las t\u00e9cnicas m\u00e1s utilizadas en el \u00e1mbito de la radiolog\u00eda se encuentran diferentes m\u00e9todos de diagn\u00f3stico por imagen que emplean tecnolog\u00edas como:<\/p>\t\t\t\t\t\t\t\t<\/div>\n\t\t\t\t<div class=\"elementor-element elementor-element-0e5c37c elementor-widget elementor-widget-text-editor\" data-id=\"0e5c37c\" data-element_type=\"widget\" data-e-type=\"widget\" data-widget_type=\"text-editor.default\">\n\t\t\t\t\t\t\t\t\t<p>Rayos X<\/p><p>Ultrasonidos<\/p><p>Campos magn\u00e9ticos<\/p><p>Otras t\u00e9cnicas de diagn\u00f3stico por imagen<\/p>\t\t\t\t\t\t\t\t<\/div>\n\t\t\t\t<div class=\"elementor-element elementor-element-03788c8 elementor-widget elementor-widget-text-editor\" data-id=\"03788c8\" data-element_type=\"widget\" data-e-type=\"widget\" data-widget_type=\"text-editor.default\">\n\t\t\t\t\t\t\t\t\t<p>Estas pruebas permiten estudiar diferentes partes del cuerpo y aportar informaci\u00f3n clave para la valoraci\u00f3n m\u00e9dica.<\/p>\t\t\t\t\t\t\t\t<\/div>\n\t\t\t\t<\/div>\n\t\t<div class=\"elementor-element elementor-element-3e1216f e-con-full e-flex e-con e-child\" data-id=\"3e1216f\" data-element_type=\"container\" data-e-type=\"container\">\n\t\t\t\t<div class=\"elementor-element elementor-element-45c8277 elementor-widget elementor-widget-image\" data-id=\"45c8277\" data-element_type=\"widget\" data-e-type=\"widget\" data-widget_type=\"image.default\">\n\t\t\t\t\t\t\t\t\t\t\t\t\t\t\t<img decoding=\"async\" width=\"1000\" height=\"1500\" src=\"https:\/\/policlinicavillasalud.com\/wp-content\/uploads\/2026\/03\/rayosx.jpg\" class=\"attachment-full size-full wp-image-1240\" alt=\"\" srcset=\"https:\/\/policlinicavillasalud.com\/wp-content\/uploads\/2026\/03\/rayosx.jpg 1000w, https:\/\/policlinicavillasalud.com\/wp-content\/uploads\/2026\/03\/rayosx-200x300.jpg 200w, https:\/\/policlinicavillasalud.com\/wp-content\/uploads\/2026\/03\/rayosx-683x1024.jpg 683w, https:\/\/policlinicavillasalud.com\/wp-content\/uploads\/2026\/03\/rayosx-768x1152.jpg 768w\" sizes=\"(max-width: 1000px) 100vw, 1000px\" \/>\t\t\t\t\t\t\t\t\t\t\t\t\t\t\t<\/div>\n\t\t\t\t<\/div>\n\t\t\t\t\t<\/div>\n\t\t\t\t<\/div>\n\t\t<div class=\"elementor-element elementor-element-1d685ca e-flex e-con-boxed e-con e-parent\" data-id=\"1d685ca\" data-element_type=\"container\" data-e-type=\"container\" data-settings=\"{&quot;background_background&quot;:&quot;classic&quot;}\">\n\t\t\t\t\t<div class=\"e-con-inner\">\n\t\t<div class=\"elementor-element elementor-element-3af76f4 e-con-full e-flex e-con e-child\" data-id=\"3af76f4\" data-element_type=\"container\" data-e-type=\"container\">\n\t\t\t\t<div class=\"elementor-element elementor-element-4a0a1c4 elementor-widget elementor-widget-heading\" data-id=\"4a0a1c4\" data-element_type=\"widget\" data-e-type=\"widget\" data-widget_type=\"heading.default\">\n\t\t\t\t\t<h2 class=\"elementor-heading-title elementor-size-default\">Las pruebas radiol\u00f3gicas son una herramienta esencial para el diagn\u00f3stico de muchas enfermedades. Los estudios de imagen permiten complementar la valoraci\u00f3n cl\u00ednica de los especialistas y ayudan a obtener una visi\u00f3n m\u00e1s precisa del estado de salud del paciente.\n<\/h2>\t\t\t\t<\/div>\n\t\t\t\t<\/div>\n\t\t\t\t\t<\/div>\n\t\t\t\t<\/div>\n\t\t<div class=\"elementor-element elementor-element-a04a34f e-flex e-con-boxed e-con e-parent\" data-id=\"a04a34f\" data-element_type=\"container\" data-e-type=\"container\" data-settings=\"{&quot;background_background&quot;:&quot;classic&quot;}\">\n\t\t\t\t\t<div class=\"e-con-inner\">\n\t\t<div class=\"elementor-element elementor-element-2dc0a4d e-con-full e-flex e-con e-child\" data-id=\"2dc0a4d\" data-element_type=\"container\" data-e-type=\"container\">\n\t\t\t\t<div class=\"elementor-element elementor-element-0f05ff9 elementor-widget elementor-widget-heading\" data-id=\"0f05ff9\" data-element_type=\"widget\" data-e-type=\"widget\" data-widget_type=\"heading.default\">\n\t\t\t\t\t<h2 class=\"elementor-heading-title elementor-size-default\">NUESTRO EQUIPO<\/h2>\t\t\t\t<\/div>\n\t\t\t\t<div class=\"elementor-element elementor-element-9477344 elementor-widget elementor-widget-heading\" data-id=\"9477344\" data-element_type=\"widget\" data-e-type=\"widget\" data-widget_type=\"heading.default\">\n\t\t\t\t\t<h2 class=\"elementor-heading-title elementor-size-default\">Especialista en radiolog\u00eda<\/h2>\t\t\t\t<\/div>\n\t\t\t\t<\/div>\n\t\t<div class=\"elementor-element elementor-element-b5288b6 e-con-full e-flex e-con e-child\" data-id=\"b5288b6\" data-element_type=\"container\" data-e-type=\"container\" data-settings=\"{&quot;background_background&quot;:&quot;classic&quot;}\">\n\t\t<div class=\"elementor-element elementor-element-f6ca5fe e-con-full e-flex e-con e-child\" data-id=\"f6ca5fe\" data-element_type=\"container\" data-e-type=\"container\">\n\t\t\t\t<div class=\"elementor-element elementor-element-e87d001 elementor-widget elementor-widget-heading\" data-id=\"e87d001\" data-element_type=\"widget\" data-e-type=\"widget\" data-widget_type=\"heading.default\">\n\t\t\t\t\t<h2 class=\"elementor-heading-title elementor-size-default\">Dr. Julio Fern\u00e1ndez Mata<\/h2>\t\t\t\t<\/div>\n\t\t\t\t<div class=\"elementor-element elementor-element-e65dee5 elementor-widget elementor-widget-text-editor\" data-id=\"e65dee5\" data-element_type=\"widget\" data-e-type=\"widget\" data-widget_type=\"text-editor.default\">\n\t\t\t\t\t\t\t\t\t<p>Especialista en radiolog\u00eda dedicada al estudio e interpretaci\u00f3n de pruebas de imagen para el diagn\u00f3stico y seguimiento de diferentes enfermedades.<\/p>\t\t\t\t\t\t\t\t<\/div>\n\t\t\t\t<\/div>\n\t\t\t\t<\/div>\n\t\t\t\t\t<\/div>\n\t\t\t\t<\/div>\n\t\t\t\t<\/div>\n\t\t","protected":false},"excerpt":{"rendered":"<p>Radiolog\u00eda La radiolog\u00eda es la especialidad m\u00e9dica dedicada a la obtenci\u00f3n e interpretaci\u00f3n de im\u00e1genes del interior del cuerpo que permiten estudiar diferentes \u00f3rganos y estructuras. Estas im\u00e1genes ayudan a los especialistas a detectar alteraciones y a orientar el diagn\u00f3stico de numerosas enfermedades. En Policl\u00ednica Villasalud ofrecemos atenci\u00f3n radiol\u00f3gica orientada a la realizaci\u00f3n y valoraci\u00f3n [&hellip;]<\/p>\n","protected":false},"author":1,"featured_media":0,"parent":17,"menu_order":0,"comment_status":"closed","ping_status":"closed","template":"elementor_header_footer","meta":{"footnotes":""},"class_list":["post-513","page","type-page","status-publish","hentry"],"_links":{"self":[{"href":"https:\/\/policlinicavillasalud.com\/index.php\/wp-json\/wp\/v2\/pages\/513","targetHints":{"allow":["GET"]}}],"collection":[{"href":"https:\/\/policlinicavillasalud.com\/index.php\/wp-json\/wp\/v2\/pages"}],"about":[{"href":"https:\/\/policlinicavillasalud.com\/index.php\/wp-json\/wp\/v2\/types\/page"}],"author":[{"embeddable":true,"href":"https:\/\/policlinicavillasalud.com\/index.php\/wp-json\/wp\/v2\/users\/1"}],"replies":[{"embeddable":true,"href":"https:\/\/policlinicavillasalud.com\/index.php\/wp-json\/wp\/v2\/comments?post=513"}],"version-history":[{"count":28,"href":"https:\/\/policlinicavillasalud.com\/index.php\/wp-json\/wp\/v2\/pages\/513\/revisions"}],"predecessor-version":[{"id":1926,"href":"https:\/\/policlinicavillasalud.com\/index.php\/wp-json\/wp\/v2\/pages\/513\/revisions\/1926"}],"up":[{"embeddable":true,"href":"https:\/\/policlinicavillasalud.com\/index.php\/wp-json\/wp\/v2\/pages\/17"}],"wp:attachment":[{"href":"https:\/\/policlinicavillasalud.com\/index.php\/wp-json\/wp\/v2\/media?parent=513"}],"curies":[{"name":"wp","href":"https:\/\/api.w.org\/{rel}","templated":true}]}}