{"id":515,"date":"2026-03-13T08:35:52","date_gmt":"2026-03-13T08:35:52","guid":{"rendered":"https:\/\/villasalud.fxdw.dev\/?page_id=515"},"modified":"2026-03-30T11:14:25","modified_gmt":"2026-03-30T11:14:25","slug":"psicotecnico","status":"publish","type":"page","link":"https:\/\/policlinicavillasalud.com\/index.php\/especialidades\/psicotecnico\/","title":{"rendered":"Psicot\u00e9cnico"},"content":{"rendered":"\t\t<div data-elementor-type=\"wp-page\" data-elementor-id=\"515\" class=\"elementor elementor-515\" data-elementor-post-type=\"page\">\n\t\t\t\t<div class=\"elementor-element elementor-element-daaff4f e-con-full e-flex e-con e-parent\" data-id=\"daaff4f\" data-element_type=\"container\" data-e-type=\"container\" data-settings=\"{&quot;background_background&quot;:&quot;classic&quot;}\">\n\t\t<div class=\"elementor-element elementor-element-835ab57 e-con-full e-flex e-con e-child\" data-id=\"835ab57\" data-element_type=\"container\" data-e-type=\"container\">\n\t\t<div class=\"elementor-element elementor-element-351c320 e-con-full e-flex e-con e-child\" data-id=\"351c320\" data-element_type=\"container\" data-e-type=\"container\">\n\t\t\t\t<div class=\"elementor-element elementor-element-78d60e3 elementor-widget elementor-widget-heading\" data-id=\"78d60e3\" data-element_type=\"widget\" data-e-type=\"widget\" data-widget_type=\"heading.default\">\n\t\t\t\t\t<h2 class=\"elementor-heading-title elementor-size-default\">Psicot\u00e9cnico<\/h2>\t\t\t\t<\/div>\n\t\t\t\t<div class=\"elementor-element elementor-element-4e2df7b elementor-widget__width-initial elementor-widget elementor-widget-text-editor\" data-id=\"4e2df7b\" data-element_type=\"widget\" data-e-type=\"widget\" data-widget_type=\"text-editor.default\">\n\t\t\t\t\t\t\t\t\t<p data-start=\"238\" data-end=\"454\">El centro psicot\u00e9cnico est\u00e1 orientado a la realizaci\u00f3n de certificados m\u00e9dicos necesarios para diferentes tr\u00e1mites oficiales, como la obtenci\u00f3n o renovaci\u00f3n del permiso de conducir u otros certificados psicot\u00e9cnicos.<\/p><p data-start=\"456\" data-end=\"618\">En Policl\u00ednica Villasalud realizamos las valoraciones m\u00e9dicas necesarias para estos certificados, ofreciendo un proceso sencillo y c\u00f3modo para nuestros pacientes.<\/p>\t\t\t\t\t\t\t\t<\/div>\n\t\t\t\t<\/div>\n\t\t<div class=\"elementor-element elementor-element-b975fec e-con-full e-flex e-con e-child\" data-id=\"b975fec\" data-element_type=\"container\" data-e-type=\"container\">\n\t\t\t\t<div class=\"elementor-element elementor-element-21272c5 elementor-widget elementor-widget-image\" data-id=\"21272c5\" data-element_type=\"widget\" data-e-type=\"widget\" data-widget_type=\"image.default\">\n\t\t\t\t\t\t\t\t\t\t\t\t\t\t\t<img fetchpriority=\"high\" decoding=\"async\" width=\"1200\" height=\"926\" src=\"https:\/\/policlinicavillasalud.com\/wp-content\/uploads\/2026\/03\/psicotecnico.jpg\" class=\"attachment-full size-full wp-image-1265\" alt=\"\" srcset=\"https:\/\/policlinicavillasalud.com\/wp-content\/uploads\/2026\/03\/psicotecnico.jpg 1200w, https:\/\/policlinicavillasalud.com\/wp-content\/uploads\/2026\/03\/psicotecnico-300x232.jpg 300w, https:\/\/policlinicavillasalud.com\/wp-content\/uploads\/2026\/03\/psicotecnico-1024x790.jpg 1024w, https:\/\/policlinicavillasalud.com\/wp-content\/uploads\/2026\/03\/psicotecnico-768x593.jpg 768w\" sizes=\"(max-width: 1200px) 100vw, 1200px\" \/>\t\t\t\t\t\t\t\t\t\t\t\t\t\t\t<\/div>\n\t\t\t\t<\/div>\n\t\t\t\t<\/div>\n\t\t\t\t<\/div>\n\t\t<div class=\"elementor-element elementor-element-b3030ea e-flex e-con-boxed e-con e-parent\" data-id=\"b3030ea\" data-element_type=\"container\" data-e-type=\"container\" data-settings=\"{&quot;background_background&quot;:&quot;classic&quot;}\">\n\t\t\t\t\t<div class=\"e-con-inner\">\n\t\t<div class=\"elementor-element elementor-element-c453593 e-con-full e-flex e-con e-child\" data-id=\"c453593\" data-element_type=\"container\" data-e-type=\"container\">\n\t\t\t\t<div class=\"elementor-element elementor-element-c2416ea elementor-widget elementor-widget-heading\" data-id=\"c2416ea\" data-element_type=\"widget\" data-e-type=\"widget\" data-widget_type=\"heading.default\">\n\t\t\t\t\t<h2 class=\"elementor-heading-title elementor-size-default\">Tr\u00e1mites m\u00e1s habituales<\/h2>\t\t\t\t<\/div>\n\t\t\t\t<\/div>\n\t\t<div class=\"elementor-element elementor-element-e0a70fd e-con-full e-flex e-con e-child\" data-id=\"e0a70fd\" data-element_type=\"container\" data-e-type=\"container\">\n\t\t\t\t<div class=\"elementor-element elementor-element-504812a elementor-widget elementor-widget-text-editor\" data-id=\"504812a\" data-element_type=\"widget\" data-e-type=\"widget\" data-widget_type=\"text-editor.default\">\n\t\t\t\t\t\t\t\t\t<p>Obtenci\u00f3n o renovaci\u00f3n del permiso de conducir<\/p><p>Certificados m\u00e9dicos oficiales para distintos tr\u00e1mites administrativos<\/p><p>Valoraciones psicot\u00e9cnicas requeridas por organismos oficiales<\/p>\t\t\t\t\t\t\t\t<\/div>\n\t\t\t\t<\/div>\n\t\t\t\t\t<\/div>\n\t\t\t\t<\/div>\n\t\t<div class=\"elementor-element elementor-element-0d8b9c5 e-flex e-con-boxed e-con e-parent\" data-id=\"0d8b9c5\" data-element_type=\"container\" data-e-type=\"container\" data-settings=\"{&quot;background_background&quot;:&quot;classic&quot;}\">\n\t\t\t\t\t<div class=\"e-con-inner\">\n\t\t<div class=\"elementor-element elementor-element-409b986 e-con-full e-flex e-con e-child\" data-id=\"409b986\" data-element_type=\"container\" data-e-type=\"container\">\n\t\t\t\t<div class=\"elementor-element elementor-element-0770b5f elementor-widget elementor-widget-heading\" data-id=\"0770b5f\" data-element_type=\"widget\" data-e-type=\"widget\" data-widget_type=\"heading.default\">\n\t\t\t\t\t<h2 class=\"elementor-heading-title elementor-size-default\">NUESTRO EQUIPO<\/h2>\t\t\t\t<\/div>\n\t\t\t\t<div class=\"elementor-element elementor-element-7f897f8 elementor-widget elementor-widget-heading\" data-id=\"7f897f8\" data-element_type=\"widget\" data-e-type=\"widget\" data-widget_type=\"heading.default\">\n\t\t\t\t\t<h2 class=\"elementor-heading-title elementor-size-default\">M\u00e9dicos responsables del reconocimiento<\/h2>\t\t\t\t<\/div>\n\t\t\t\t<div class=\"elementor-element elementor-element-eb7e704 elementor-widget elementor-widget-text-editor\" data-id=\"eb7e704\" data-element_type=\"widget\" data-e-type=\"widget\" data-widget_type=\"text-editor.default\">\n\t\t\t\t\t\t\t\t\t<p>Profesionales encargados de realizar las valoraciones m\u00e9dicas necesarias para la emisi\u00f3n de certificados psicot\u00e9cnicos.<\/p>\t\t\t\t\t\t\t\t<\/div>\n\t\t\t\t<\/div>\n\t\t<div class=\"elementor-element elementor-element-7e504b4 e-con-full e-flex e-con e-child\" data-id=\"7e504b4\" data-element_type=\"container\" data-e-type=\"container\" data-settings=\"{&quot;background_background&quot;:&quot;classic&quot;}\">\n\t\t\t\t<div class=\"elementor-element elementor-element-a2a1f57 elementor-widget elementor-widget-heading\" data-id=\"a2a1f57\" data-element_type=\"widget\" data-e-type=\"widget\" data-widget_type=\"heading.default\">\n\t\t\t\t\t<h2 class=\"elementor-heading-title elementor-size-default\">Dr. Manuel S\u00e1nchez Dur\u00e1n<\/h2>\t\t\t\t<\/div>\n\t\t\t\t<\/div>\n\t\t<div class=\"elementor-element elementor-element-7bb6891 e-con-full e-flex e-con e-child\" data-id=\"7bb6891\" data-element_type=\"container\" data-e-type=\"container\" data-settings=\"{&quot;background_background&quot;:&quot;classic&quot;}\">\n\t\t\t\t<div class=\"elementor-element elementor-element-af768e5 elementor-widget elementor-widget-heading\" data-id=\"af768e5\" data-element_type=\"widget\" data-e-type=\"widget\" data-widget_type=\"heading.default\">\n\t\t\t\t\t<h2 class=\"elementor-heading-title elementor-size-default\">Dr. Abbad Dwaiwari Dwaiwari<\/h2>\t\t\t\t<\/div>\n\t\t\t\t<\/div>\n\t\t\t\t\t<\/div>\n\t\t\t\t<\/div>\n\t\t\t\t<\/div>\n\t\t","protected":false},"excerpt":{"rendered":"<p>Psicot\u00e9cnico El centro psicot\u00e9cnico est\u00e1 orientado a la realizaci\u00f3n de certificados m\u00e9dicos necesarios para diferentes tr\u00e1mites oficiales, como la obtenci\u00f3n o renovaci\u00f3n del permiso de conducir u otros certificados psicot\u00e9cnicos. En Policl\u00ednica Villasalud realizamos las valoraciones m\u00e9dicas necesarias para estos certificados, ofreciendo un proceso sencillo y c\u00f3modo para nuestros pacientes. Tr\u00e1mites m\u00e1s habituales Obtenci\u00f3n o [&hellip;]<\/p>\n","protected":false},"author":1,"featured_media":0,"parent":17,"menu_order":0,"comment_status":"closed","ping_status":"closed","template":"elementor_header_footer","meta":{"footnotes":""},"class_list":["post-515","page","type-page","status-publish","hentry"],"_links":{"self":[{"href":"https:\/\/policlinicavillasalud.com\/index.php\/wp-json\/wp\/v2\/pages\/515","targetHints":{"allow":["GET"]}}],"collection":[{"href":"https:\/\/policlinicavillasalud.com\/index.php\/wp-json\/wp\/v2\/pages"}],"about":[{"href":"https:\/\/policlinicavillasalud.com\/index.php\/wp-json\/wp\/v2\/types\/page"}],"author":[{"embeddable":true,"href":"https:\/\/policlinicavillasalud.com\/index.php\/wp-json\/wp\/v2\/users\/1"}],"replies":[{"embeddable":true,"href":"https:\/\/policlinicavillasalud.com\/index.php\/wp-json\/wp\/v2\/comments?post=515"}],"version-history":[{"count":13,"href":"https:\/\/policlinicavillasalud.com\/index.php\/wp-json\/wp\/v2\/pages\/515\/revisions"}],"predecessor-version":[{"id":1835,"href":"https:\/\/policlinicavillasalud.com\/index.php\/wp-json\/wp\/v2\/pages\/515\/revisions\/1835"}],"up":[{"embeddable":true,"href":"https:\/\/policlinicavillasalud.com\/index.php\/wp-json\/wp\/v2\/pages\/17"}],"wp:attachment":[{"href":"https:\/\/policlinicavillasalud.com\/index.php\/wp-json\/wp\/v2\/media?parent=515"}],"curies":[{"name":"wp","href":"https:\/\/api.w.org\/{rel}","templated":true}]}}